{"id":694536,"date":"2025-08-27T14:21:37","date_gmt":"2025-08-27T11:21:37","guid":{"rendered":"https:\/\/roveyayinevi.com.tr\/index.php\/urun\/ozgurluk-ve-orgutluluk\/"},"modified":"2026-04-16T02:04:34","modified_gmt":"2026-04-15T23:04:34","slug":"ozgurluk-ve-orgutluluk","status":"publish","type":"product","link":"https:\/\/roveyayinevi.com.tr\/index.php\/urun\/ozgurluk-ve-orgutluluk\/","title":{"rendered":"\u00d6zg\u00fcrl\u00fck ve \u00d6rg\u00fctl\u00fcl\u00fck"},"content":{"rendered":"<p>Nesnel \u00f6rg\u00fctl\u00fcl\u00fck gereksinimi ile reel emek\u00e7i-halk \u00f6rg\u00fctlenmeleri aras\u0131ndaki mesafe a\u00e7\u0131l\u0131yor. Neden? Bu kitap, neden? sorusuna bug\u00fcnden d\u00fcne, d\u00fcnden bug\u00fcne gidip gelmelerle yan\u0131tlar bulmaya \u00e7al\u0131\u015f\u0131rken, bug\u00fcn nas\u0131l? konusuna da giriyor. \ufffcTan\u0131t\u0131m Metni<\/p>\n","protected":false},"excerpt":{"rendered":"<p>Nesnel \u00f6rg\u00fctl\u00fcl\u00fck gereksinimi ile reel emek\u00e7i-halk \u00f6rg\u00fctlenmeleri aras\u0131ndaki mesafe a\u00e7\u0131l\u0131yor. Neden? Bu kitap, neden? sorusuna bug\u00fcnden d\u00fcne, d\u00fcnden bug\u00fcne gidip gelmelerle yan\u0131tlar bulmaya \u00e7al\u0131\u015f\u0131rken, bug\u00fcn nas\u0131l?<span class=\"excerpt-hellip\"> [\u2026]<\/span><\/p>\n","protected":false},"featured_media":0,"template":"","meta":{"_monsterinsights_skip_tracking":false,"_monsterinsights_sitenote_active":false,"_monsterinsights_sitenote_note":"","_monsterinsights_sitenote_category":0},"product_brand":[],"product_cat":[16098,12337],"product_tag":[],"class_list":{"0":"post-694536","1":"product","2":"type-product","3":"status-publish","5":"product_cat-politik-akimlar-hareketler","6":"product_cat-politika-siyaset","7":"pa_cilt-ciltsiz","8":"pa_tur-kitap","9":"pa_yayinevi-yordam-kitap","10":"pa_yazar-haluk-yurtsever","12":"first","13":"instock","14":"sale","15":"shipping-taxable","16":"purchasable","17":"product-type-simple"},"_links":{"self":[{"href":"https:\/\/roveyayinevi.com.tr\/index.php\/wp-json\/wp\/v2\/product\/694536","targetHints":{"allow":["GET"]}}],"collection":[{"href":"https:\/\/roveyayinevi.com.tr\/index.php\/wp-json\/wp\/v2\/product"}],"about":[{"href":"https:\/\/roveyayinevi.com.tr\/index.php\/wp-json\/wp\/v2\/types\/product"}],"wp:attachment":[{"href":"https:\/\/roveyayinevi.com.tr\/index.php\/wp-json\/wp\/v2\/media?parent=694536"}],"wp:term":[{"taxonomy":"product_brand","embeddable":true,"href":"https:\/\/roveyayinevi.com.tr\/index.php\/wp-json\/wp\/v2\/product_brand?post=694536"},{"taxonomy":"product_cat","embeddable":true,"href":"https:\/\/roveyayinevi.com.tr\/index.php\/wp-json\/wp\/v2\/product_cat?post=694536"},{"taxonomy":"product_tag","embeddable":true,"href":"https:\/\/roveyayinevi.com.tr\/index.php\/wp-json\/wp\/v2\/product_tag?post=694536"}],"curies":[{"name":"wp","href":"https:\/\/api.w.org\/{rel}","templated":true}]}}