{"id":694534,"date":"2025-08-27T14:21:36","date_gmt":"2025-08-27T11:21:36","guid":{"rendered":"https:\/\/roveyayinevi.com.tr\/index.php\/urun\/oluler-genc-kalir\/"},"modified":"2026-04-16T02:04:34","modified_gmt":"2026-04-15T23:04:34","slug":"oluler-genc-kalir","status":"publish","type":"product","link":"https:\/\/roveyayinevi.com.tr\/index.php\/urun\/oluler-genc-kalir\/","title":{"rendered":"\u00d6l\u00fcler Gen\u00e7 Kal\u0131r"},"content":{"rendered":"<p>Toplumsal kutupla\u015fma ve \u00f6fke patlamalar\u0131; ekonomik belirsizlik, politik istikrars\u0131zl\u0131k ve g\u00fcvensizlik nedeniyle g\u00fcce tapan bireyler; kendini \u00fcst\u00fcn g\u00f6ren taraf\u0131n su\u00e7u \u00f6tekine atmas\u0131; \u0131rk\u00e7\u0131l\u0131k ve militarizmin y\u00fckseli\u015fi; vatan sevgisi ve din gibi kutsal say\u0131lan de\u011ferlerin suistimal edilmesi\u2026 \u00d6l\u00fcler Gen\u00e7 Kal\u0131r adl\u0131 roman\u0131nda Anna Seghers, Hitler\u2019i iktidara getiren toplumsal ko\u015fullar\u0131n eksiksiz bir panoramas\u0131n\u0131 \u00e7iziyor. 20. y\u00fczy\u0131l Alman edebiyat\u0131n\u0131n \u00f6nde gelen yazarlar\u0131ndan Anna Seghers, fa\u015fizme teslim olmam\u0131\u015f bir ayd\u0131n. Nazilerin manip\u00fclatif politikalar\u0131n\u0131 ve onlara destek veren s\u0131radan bireylerin zihin d\u00fcnyas\u0131n\u0131 nesnel bir dil ve yakla\u015f\u0131mla aktar\u0131yor. Seghers\u2019e g\u00f6re kendi ku\u015fa\u011f\u0131n\u0131 bekleyen en zorlu mesele, gelecek ku\u015faklar\u0131 su\u00e7 ve ceza konusunda uyarmak, bilin\u00e7lendirmek\u2026 \u00d6l\u00fcler Gen\u00e7 Kal\u0131r\u2019\u0131n 1918-1945 y\u0131llar\u0131n\u0131 kapsayan hik\u00e2yesi, Spartakist ayaklanmas\u0131na kat\u0131lan gen\u00e7 bir i\u015f\u00e7inin yarg\u0131s\u0131z infaz\u0131 etraf\u0131nda \u00f6r\u00fcl\u00fcd\u00fcr. Farkl\u0131 s\u0131n\u0131ftan, farkl\u0131 siyasi g\u00f6r\u00fc\u015flere sahip \u00e7ok say\u0131da kurgusal karakter, gen\u00e7 Erwin\u2019in yolda\u015f\u0131, sevgilisi, katili ya da onlar\u0131n yak\u0131n\u0131 olarak beliriyor romanda. Arka planda ise utan\u00e7 dolu siyasi bir tarih var: Almanya\u2019y\u0131 istikrars\u0131zl\u0131\u011fa s\u00fcr\u00fckleyen Versay Antla\u015fmas\u0131, Hitler\u2019in se\u00e7imle iktidara geli\u015fi, \u015faibeli Reichstag Yang\u0131n\u0131, Yahudilere kanl\u0131 ve \u00f6l\u00fcmc\u00fcl sald\u0131r\u0131lar\u0131n yap\u0131ld\u0131\u011f\u0131 Kristal Gece ve 2. D\u00fcnya Sava\u015f\u0131. \u00d6l\u00fcler Gen\u00e7 Kal\u0131r ge\u00e7mi\u015fe dair bir anlat\u0131 olsa da, sosyalist Anna Seghers, kurtar\u0131lmas\u0131 gereken bir gelecek oldu\u011funu hat\u0131rlat\u0131r.  <\/p>\n","protected":false},"excerpt":{"rendered":"<p>Toplumsal kutupla\u015fma ve \u00f6fke patlamalar\u0131; ekonomik belirsizlik, politik istikrars\u0131zl\u0131k ve g\u00fcvensizlik nedeniyle g\u00fcce tapan bireyler; kendini \u00fcst\u00fcn g\u00f6ren taraf\u0131n su\u00e7u \u00f6tekine atmas\u0131; \u0131rk\u00e7\u0131l\u0131k ve militarizmin y\u00fckseli\u015fi;<span class=\"excerpt-hellip\"> [\u2026]<\/span><\/p>\n","protected":false},"featured_media":0,"template":"","meta":{"_monsterinsights_skip_tracking":false,"_monsterinsights_sitenote_active":false,"_monsterinsights_sitenote_note":"","_monsterinsights_sitenote_category":0},"product_brand":[],"product_cat":[12782,12291],"product_tag":[],"class_list":{"0":"post-694534","1":"product","2":"type-product","3":"status-publish","5":"product_cat-alman-edebiyati","6":"product_cat-edebiyat","7":"pa_cilt-ciltsiz","8":"pa_tur-kitap","9":"pa_yayinevi-yordam-kitap","10":"pa_yazar-anna-seghers","12":"first","13":"instock","14":"sale","15":"shipping-taxable","16":"purchasable","17":"product-type-simple"},"_links":{"self":[{"href":"https:\/\/roveyayinevi.com.tr\/index.php\/wp-json\/wp\/v2\/product\/694534","targetHints":{"allow":["GET"]}}],"collection":[{"href":"https:\/\/roveyayinevi.com.tr\/index.php\/wp-json\/wp\/v2\/product"}],"about":[{"href":"https:\/\/roveyayinevi.com.tr\/index.php\/wp-json\/wp\/v2\/types\/product"}],"wp:attachment":[{"href":"https:\/\/roveyayinevi.com.tr\/index.php\/wp-json\/wp\/v2\/media?parent=694534"}],"wp:term":[{"taxonomy":"product_brand","embeddable":true,"href":"https:\/\/roveyayinevi.com.tr\/index.php\/wp-json\/wp\/v2\/product_brand?post=694534"},{"taxonomy":"product_cat","embeddable":true,"href":"https:\/\/roveyayinevi.com.tr\/index.php\/wp-json\/wp\/v2\/product_cat?post=694534"},{"taxonomy":"product_tag","embeddable":true,"href":"https:\/\/roveyayinevi.com.tr\/index.php\/wp-json\/wp\/v2\/product_tag?post=694534"}],"curies":[{"name":"wp","href":"https:\/\/api.w.org\/{rel}","templated":true}]}}