{"id":694533,"date":"2025-08-27T14:21:36","date_gmt":"2025-08-27T11:21:36","guid":{"rendered":"https:\/\/roveyayinevi.com.tr\/index.php\/urun\/molotov-anlatiyor\/"},"modified":"2026-04-16T02:04:34","modified_gmt":"2026-04-15T23:04:34","slug":"molotov-anlatiyor","status":"publish","type":"product","link":"https:\/\/roveyayinevi.com.tr\/index.php\/urun\/molotov-anlatiyor\/","title":{"rendered":"Molotov Anlat\u0131yor"},"content":{"rendered":"<p>Molotov, 1890&#8217;dan 1986&#8217;ya kadar s\u00fcren as\u0131rl\u0131k hayat\u0131nda, aralar\u0131nda son Rus \u00e7ar\u0131yla Lenin, Stalin, Kru\u015f\u00e7ev, Brejnev ve Gorba\u00e7ov&#8217;un da bulundu\u011fu tam 11 y\u00f6netici g\u00f6rd\u00fc.Bol\u015feviklere 16 ya\u015f\u0131ndayken kat\u0131ld\u0131. Ekim 1917&#8217;de devrimi y\u00f6neten beyin tak\u0131m\u0131n\u0131n yan\u0131 ba\u015f\u0131ndayd\u0131. \u0130\u00e7 sava\u015fa kat\u0131ld\u0131. Lenin sonras\u0131ndaki iktidar m\u00fccadelesinde Stalin&#8217;i destekledi ve onlarca y\u0131l boyunca SSCB&#8217;nin iki numaral\u0131 adam\u0131 olarak kald\u0131.Lenin&#8217;den sonraki parti i\u00e7i m\u00fccadelelerin, kolektifle\u015ftirme hareketinin, 1937-38 yarg\u0131lamalar\u0131n\u0131n, Nazi-Sovyet Pakt\u0131&#8217;n\u0131n ve 2. D\u00fcnya Sava\u015f\u0131&#8217;n\u0131n \u00f6nemli fig\u00fcrlerindendi.Molotov&#8217;un bir \u00f6zelli\u011fi de, 2. D\u00fcnya Sava\u015f\u0131 ve izleyen So\u011fuk Sava\u015f d\u00f6neminde D\u0131\u015fi\u015fleri Bakanl\u0131\u011f\u0131 yapm\u0131\u015f olmas\u0131. G\u00f6revi nedeniyle tan\u0131d\u0131\u011f\u0131 Hitler&#8217;i, Churchill&#8217;i, Roosevelt&#8217;i de anlat\u0131yor bu kitapta. <\/p>\n","protected":false},"excerpt":{"rendered":"<p>Molotov, 1890&#8217;dan 1986&#8217;ya kadar s\u00fcren as\u0131rl\u0131k hayat\u0131nda, aralar\u0131nda son Rus \u00e7ar\u0131yla Lenin, Stalin, Kru\u015f\u00e7ev, Brejnev ve Gorba\u00e7ov&#8217;un da bulundu\u011fu tam 11 y\u00f6netici g\u00f6rd\u00fc.Bol\u015feviklere 16 ya\u015f\u0131ndayken kat\u0131ld\u0131.<span class=\"excerpt-hellip\"> [\u2026]<\/span><\/p>\n","protected":false},"featured_media":0,"template":"","meta":{"_monsterinsights_skip_tracking":false,"_monsterinsights_sitenote_active":false,"_monsterinsights_sitenote_note":"","_monsterinsights_sitenote_category":0},"product_brand":[],"product_cat":[12312,12304],"product_tag":[],"class_list":{"0":"post-694533","1":"product","2":"type-product","3":"status-publish","5":"product_cat-diger","6":"product_cat-tarih","7":"pa_cilt-ciltsiz","8":"pa_tur-kitap","9":"pa_yayinevi-yordam-kitap","10":"pa_yazar-feliks-cuyev","12":"first","13":"instock","14":"sale","15":"shipping-taxable","16":"purchasable","17":"product-type-simple"},"_links":{"self":[{"href":"https:\/\/roveyayinevi.com.tr\/index.php\/wp-json\/wp\/v2\/product\/694533","targetHints":{"allow":["GET"]}}],"collection":[{"href":"https:\/\/roveyayinevi.com.tr\/index.php\/wp-json\/wp\/v2\/product"}],"about":[{"href":"https:\/\/roveyayinevi.com.tr\/index.php\/wp-json\/wp\/v2\/types\/product"}],"wp:attachment":[{"href":"https:\/\/roveyayinevi.com.tr\/index.php\/wp-json\/wp\/v2\/media?parent=694533"}],"wp:term":[{"taxonomy":"product_brand","embeddable":true,"href":"https:\/\/roveyayinevi.com.tr\/index.php\/wp-json\/wp\/v2\/product_brand?post=694533"},{"taxonomy":"product_cat","embeddable":true,"href":"https:\/\/roveyayinevi.com.tr\/index.php\/wp-json\/wp\/v2\/product_cat?post=694533"},{"taxonomy":"product_tag","embeddable":true,"href":"https:\/\/roveyayinevi.com.tr\/index.php\/wp-json\/wp\/v2\/product_tag?post=694533"}],"curies":[{"name":"wp","href":"https:\/\/api.w.org\/{rel}","templated":true}]}}