{"id":694531,"date":"2025-08-27T14:21:35","date_gmt":"2025-08-27T11:21:35","guid":{"rendered":"https:\/\/roveyayinevi.com.tr\/index.php\/urun\/ses-taklitcisi\/"},"modified":"2026-04-16T02:04:34","modified_gmt":"2026-04-15T23:04:34","slug":"ses-taklitcisi","status":"publish","type":"product","link":"https:\/\/roveyayinevi.com.tr\/index.php\/urun\/ses-taklitcisi\/","title":{"rendered":"Ses Taklit\u00e7isi"},"content":{"rendered":"<p>Yazar\u0131n\u0131n tan\u0131m\u0131yla \u201cfelsefesiz olmayan y\u00fcz d\u00f6rt serbest \u00e7a\u011fr\u0131\u015f\u0131m ve d\u00fc\u015f\u00fcnce icad\u0131\u201dn\u0131 bir araya getiren SES TAKL\u0130T\u00c7\u0130S\u0130\u2019nde, Bernhard bu kez, g\u00fcnl\u00fck ya\u015fam\u0131n ger\u00e7ekli\u011finde te\u011fet ge\u00e7ilen, gazetelere, dedikodulara, ikili konu\u015fmalara konu olan u\u00e7 durumlar\u0131, al\u0131\u015f\u0131lmad\u0131k bir nesnellik tekni\u011fi ve s\u0131k\u0131\u015ft\u0131r\u0131lm\u0131\u015f bir bi\u00e7emle \u00f6yk\u00fc u\u00e7lar\u0131na d\u00f6n\u00fc\u015ft\u00fcr\u00fcyor.   Ger\u00e7eklikle kurmacan\u0131n k\u0131r\u0131lgan s\u0131n\u0131r\u0131nda, bir anlat\u0131n\u0131n \u00e7ekirde\u011fini ta\u015f\u0131yabilecek g\u00fc\u00e7te, ince bir zek\u00e2n\u0131n \u00fcr\u00fcn\u00fc olan bu k\u0131sa metrajl\u0131 keder \u00f6yk\u00fcleri i\u011fneleyici karakteriyle Bernhard evreninin ipu\u00e7lar\u0131n\u0131 da sunuyor. Filozoflar, yazarlar, oyuncular, falc\u0131lar, postac\u0131lar, banka memurlar\u0131, kilise korosundaki \u00e7ocuklar, belediye ba\u015fkanlar\u0131, y\u00f6netmenler, devlet ba\u015fkanlar\u0131: T\u00fcm\u00fc \u00e7a\u011f\u0131m\u0131z\u0131n ac\u0131 alay ustas\u0131 Bernhard\u2019\u0131n d\u00fcnyaya benzer atl\u0131kar\u0131ncas\u0131nda, buz gibi bir yaz\u0131n\u0131n k\u00fcresinde d\u00f6n\u00fcyor. Komik, hastal\u0131kl\u0131, k\u00f6t\u00fcc\u00fcl, \u00f6l\u00fcmle dans eden, u\u011fursuz, par\u00e7a tesirli, s\u00f6zde ger\u00e7ek, k\u0131sa k\u0131sa, ac\u0131 hik\u00e2yeler. SES TAKL\u0130T\u00c7\u0130S\u0130, Bernhard\u2019\u0131n saplant\u0131l\u0131 temalar\u0131n\u0131 i\u00e7eren bir t\u00fcr k\u0131sa antoloji niteli\u011finde: Siyasal yozla\u015fma, delilik, cinayet, dilin zapt etme ya da avutma konusundaki yetersizli\u011fi, hayat\u0131n sa\u00e7ma olu\u015fu&#8230; \u00dcst d\u00fczey bir sanatsal giri\u015fim. New York Times Book Review,Delilik, cinayet, kara \u00e7alma, bellek kayb\u0131, intihardan olu\u015fan bir katalog. Duygusal olmaktan uzak, i\u011fneleyici, ustal\u0131kl\u0131 \u00f6yk\u00fcler. Boston Book Review <\/p>\n","protected":false},"excerpt":{"rendered":"<p>Yazar\u0131n\u0131n tan\u0131m\u0131yla \u201cfelsefesiz olmayan y\u00fcz d\u00f6rt serbest \u00e7a\u011fr\u0131\u015f\u0131m ve d\u00fc\u015f\u00fcnce icad\u0131\u201dn\u0131 bir araya getiren SES TAKL\u0130T\u00c7\u0130S\u0130\u2019nde, Bernhard bu kez, g\u00fcnl\u00fck ya\u015fam\u0131n ger\u00e7ekli\u011finde te\u011fet ge\u00e7ilen, gazetelere, dedikodulara,<span class=\"excerpt-hellip\"> [\u2026]<\/span><\/p>\n","protected":false},"featured_media":0,"template":"","meta":{"_monsterinsights_skip_tracking":false,"_monsterinsights_sitenote_active":false,"_monsterinsights_sitenote_note":"","_monsterinsights_sitenote_category":0},"product_brand":[],"product_cat":[12782,12291],"product_tag":[],"class_list":{"0":"post-694531","1":"product","2":"type-product","3":"status-publish","5":"product_cat-alman-edebiyati","6":"product_cat-edebiyat","7":"pa_cilt-ciltsiz","8":"pa_tur-kitap","9":"pa_yayinevi-yapi-kredi-yayinlari","10":"pa_yazar-thomas-bernhard","12":"first","13":"instock","14":"sale","15":"shipping-taxable","16":"purchasable","17":"product-type-simple"},"_links":{"self":[{"href":"https:\/\/roveyayinevi.com.tr\/index.php\/wp-json\/wp\/v2\/product\/694531","targetHints":{"allow":["GET"]}}],"collection":[{"href":"https:\/\/roveyayinevi.com.tr\/index.php\/wp-json\/wp\/v2\/product"}],"about":[{"href":"https:\/\/roveyayinevi.com.tr\/index.php\/wp-json\/wp\/v2\/types\/product"}],"wp:attachment":[{"href":"https:\/\/roveyayinevi.com.tr\/index.php\/wp-json\/wp\/v2\/media?parent=694531"}],"wp:term":[{"taxonomy":"product_brand","embeddable":true,"href":"https:\/\/roveyayinevi.com.tr\/index.php\/wp-json\/wp\/v2\/product_brand?post=694531"},{"taxonomy":"product_cat","embeddable":true,"href":"https:\/\/roveyayinevi.com.tr\/index.php\/wp-json\/wp\/v2\/product_cat?post=694531"},{"taxonomy":"product_tag","embeddable":true,"href":"https:\/\/roveyayinevi.com.tr\/index.php\/wp-json\/wp\/v2\/product_tag?post=694531"}],"curies":[{"name":"wp","href":"https:\/\/api.w.org\/{rel}","templated":true}]}}