{"id":694530,"date":"2025-08-27T14:21:35","date_gmt":"2025-08-27T11:21:35","guid":{"rendered":"https:\/\/roveyayinevi.com.tr\/index.php\/urun\/marxin-kapitali\/"},"modified":"2026-04-16T02:04:34","modified_gmt":"2026-04-15T23:04:34","slug":"marxin-kapitali","status":"publish","type":"product","link":"https:\/\/roveyayinevi.com.tr\/index.php\/urun\/marxin-kapitali\/","title":{"rendered":"Marx\u2019\u0131n Kapital\u2019i"},"content":{"rendered":"<p>Bu \u00f6zl\u00fc kitap Marx&#8217;\u0131n temel yap\u0131t\u0131 Kapital&#8217;e klasik bir giri\u015f niteli\u011findedir. \u00c7eyrek y\u00fczy\u0131l\u0131 a\u015fk\u0131n bir s\u00fcredir bir\u00e7ok dile \u00e7evrilmi\u015f olan kitap, bu yeni bask\u0131 i\u00e7in ba\u015ftan sona g\u00f6zden ge\u00e7irilip g\u00fcncellenerek ekonomi politi\u011fin en \u00f6nemli metinlerinden birine ideal bir giri\u015f \u00f6zelli\u011fi kazand\u0131. &#8220;Kapital&#8217;in ekonomi politi\u011fi konusundaki bu uzmanl\u0131k k\u0131lavuzu her zaman mevcutlar\u0131n en iyisi olmu\u015ftu&#8230; Kesinlikle tavsiye ediyorum.&#8221; David Harvey &#8220;Marx&#8217;\u0131n Kapital&#8217;i&#8221;nin [bu] yeni bask\u0131s\u0131 \u015fimdiye kadar ki en iyi bask\u0131. &#8230; Lisans \u00f6\u011frencileri i\u00e7in Kapital&#8217;e bir giri\u015f olarak benzersiz.&#8221; Profes\u00f6r Michael A. Lebowitz &#8220;Bu d\u00f6rd\u00fcnc\u00fc bask\u0131 seleflerinin g\u00fcncellenmesinden \u00e7ok \u00f6teye ge\u00e7iyor. Kapsam\u0131 daha geni\u015f ve karma\u015f\u0131k. Ayr\u0131ca temel tart\u0131\u015fmalar i\u00e7in \u00e7ok yararl\u0131 k\u0131lavuzlar ve tamamlay\u0131c\u0131 okuma \u00f6nerileri sunuyor.&#8221; \ufffcTan\u0131t\u0131m Metni<\/p>\n","protected":false},"excerpt":{"rendered":"<p>Bu \u00f6zl\u00fc kitap Marx&#8217;\u0131n temel yap\u0131t\u0131 Kapital&#8217;e klasik bir giri\u015f niteli\u011findedir. \u00c7eyrek y\u00fczy\u0131l\u0131 a\u015fk\u0131n bir s\u00fcredir bir\u00e7ok dile \u00e7evrilmi\u015f olan kitap, bu yeni bask\u0131 i\u00e7in ba\u015ftan<span class=\"excerpt-hellip\"> [\u2026]<\/span><\/p>\n","protected":false},"featured_media":0,"template":"","meta":{"_monsterinsights_skip_tracking":false,"_monsterinsights_sitenote_active":false,"_monsterinsights_sitenote_note":"","_monsterinsights_sitenote_category":0},"product_brand":[],"product_cat":[12388,15309],"product_tag":[],"class_list":{"0":"post-694530","1":"product","2":"type-product","3":"status-publish","5":"product_cat-felsefe","6":"product_cat-felsefi-akimlar","7":"pa_cilt-ciltsiz","8":"pa_tur-kitap","9":"pa_yayinevi-yordam-kitap","10":"pa_yazar-alfredo-saad-filho","12":"first","13":"instock","14":"sale","15":"shipping-taxable","16":"purchasable","17":"product-type-simple"},"_links":{"self":[{"href":"https:\/\/roveyayinevi.com.tr\/index.php\/wp-json\/wp\/v2\/product\/694530","targetHints":{"allow":["GET"]}}],"collection":[{"href":"https:\/\/roveyayinevi.com.tr\/index.php\/wp-json\/wp\/v2\/product"}],"about":[{"href":"https:\/\/roveyayinevi.com.tr\/index.php\/wp-json\/wp\/v2\/types\/product"}],"wp:attachment":[{"href":"https:\/\/roveyayinevi.com.tr\/index.php\/wp-json\/wp\/v2\/media?parent=694530"}],"wp:term":[{"taxonomy":"product_brand","embeddable":true,"href":"https:\/\/roveyayinevi.com.tr\/index.php\/wp-json\/wp\/v2\/product_brand?post=694530"},{"taxonomy":"product_cat","embeddable":true,"href":"https:\/\/roveyayinevi.com.tr\/index.php\/wp-json\/wp\/v2\/product_cat?post=694530"},{"taxonomy":"product_tag","embeddable":true,"href":"https:\/\/roveyayinevi.com.tr\/index.php\/wp-json\/wp\/v2\/product_tag?post=694530"}],"curies":[{"name":"wp","href":"https:\/\/api.w.org\/{rel}","templated":true}]}}