{"id":694529,"date":"2025-08-27T14:21:35","date_gmt":"2025-08-27T11:21:35","guid":{"rendered":"https:\/\/roveyayinevi.com.tr\/index.php\/urun\/marx-neden-hakliydi\/"},"modified":"2026-04-16T02:04:34","modified_gmt":"2026-04-15T23:04:34","slug":"marx-neden-hakliydi","status":"publish","type":"product","link":"https:\/\/roveyayinevi.com.tr\/index.php\/urun\/marx-neden-hakliydi\/","title":{"rendered":"Marx Neden Hakl\u0131yd\u0131?"},"content":{"rendered":"<p>\u00dcnl\u00fc Marksist yazar Terry Eagleton, bu meydan okuma ve polemik kitab\u0131nda, Marksizm \u00f6ld\u00fc, g\u00fcn\u00fcn\u00fc doldurdu iddias\u0131n\u0131n ge\u00e7ersiz ve dayanaks\u0131z oldu\u011funu ortaya koyuyor. Marksizme y\u00f6nelik en yayg\u0131n on itiraz\u0131 \u00f6zetleyip bunlar\u0131 tek tek \u00e7\u00fcr\u00fct\u00fcyor. Marksizmin siyasi despotlu\u011fa yol a\u00e7t\u0131\u011f\u0131, her \u015feyi ekonomiye indirgedi\u011fi, insan do\u011fas\u0131na saf\u00e7a inanan bir \u00fctopyac\u0131l\u0131\u011fa sapland\u0131\u011f\u0131, bir t\u00fcr tarihsel determinizm oldu\u011fu vb. iddialar\u0131n\u0131 tekrarlayanlar\u0131n, Marx\u2019\u0131n d\u00fc\u015f\u00fcncelerini ne kadar ac\u0131nas\u0131 bi\u00e7imde hicvettiklerini g\u00f6steriyor. Kapitalizmin, b\u00fcy\u00fck krizlerle temellerine kadar sars\u0131ld\u0131\u011f\u0131 g\u00fcn\u00fcm\u00fcz d\u00fcnyas\u0131nda, Marx Neden Hakl\u0131yd\u0131? \u00f6nemli ve tam zaman\u0131nda bir kitap olman\u0131n yan\u0131 s\u0131ra cesareti, a\u00e7\u0131k y\u00fcreklili\u011fi ve nesnelli\u011fiyle de \u00f6ne \u00e7\u0131k\u0131yor. Eagleton\u2019\u0131n her zamanki mizahi \u00fcslubu, zeka k\u0131vrakl\u0131\u011f\u0131 ve anlat\u0131m berrakl\u0131\u011f\u0131yla dikkati \u00e7eken bu kitap, hem akademik \u00e7evrelerin, hem de \u00e7ok geni\u015f bir genel okur kitlesinin ilgisini \u00e7ekecek \u00f6zellikte. <\/p>\n","protected":false},"excerpt":{"rendered":"<p>\u00dcnl\u00fc Marksist yazar Terry Eagleton, bu meydan okuma ve polemik kitab\u0131nda, Marksizm \u00f6ld\u00fc, g\u00fcn\u00fcn\u00fc doldurdu iddias\u0131n\u0131n ge\u00e7ersiz ve dayanaks\u0131z oldu\u011funu ortaya koyuyor. Marksizme y\u00f6nelik en yayg\u0131n<span class=\"excerpt-hellip\"> [\u2026]<\/span><\/p>\n","protected":false},"featured_media":0,"template":"","meta":{"_monsterinsights_skip_tracking":false,"_monsterinsights_sitenote_active":false,"_monsterinsights_sitenote_note":"","_monsterinsights_sitenote_category":0},"product_brand":[],"product_cat":[12337,14706],"product_tag":[],"class_list":{"0":"post-694529","1":"product","2":"type-product","3":"status-publish","5":"product_cat-politika-siyaset","6":"product_cat-siyaset-bilimi","7":"pa_cilt-ciltsiz","8":"pa_tur-kitap","9":"pa_yayinevi-yordam-kitap","10":"pa_yazar-terry-eagleton","12":"first","13":"instock","14":"sale","15":"shipping-taxable","16":"purchasable","17":"product-type-simple"},"_links":{"self":[{"href":"https:\/\/roveyayinevi.com.tr\/index.php\/wp-json\/wp\/v2\/product\/694529","targetHints":{"allow":["GET"]}}],"collection":[{"href":"https:\/\/roveyayinevi.com.tr\/index.php\/wp-json\/wp\/v2\/product"}],"about":[{"href":"https:\/\/roveyayinevi.com.tr\/index.php\/wp-json\/wp\/v2\/types\/product"}],"wp:attachment":[{"href":"https:\/\/roveyayinevi.com.tr\/index.php\/wp-json\/wp\/v2\/media?parent=694529"}],"wp:term":[{"taxonomy":"product_brand","embeddable":true,"href":"https:\/\/roveyayinevi.com.tr\/index.php\/wp-json\/wp\/v2\/product_brand?post=694529"},{"taxonomy":"product_cat","embeddable":true,"href":"https:\/\/roveyayinevi.com.tr\/index.php\/wp-json\/wp\/v2\/product_cat?post=694529"},{"taxonomy":"product_tag","embeddable":true,"href":"https:\/\/roveyayinevi.com.tr\/index.php\/wp-json\/wp\/v2\/product_tag?post=694529"}],"curies":[{"name":"wp","href":"https:\/\/api.w.org\/{rel}","templated":true}]}}