{"id":694528,"date":"2025-08-27T14:21:35","date_gmt":"2025-08-27T11:21:35","guid":{"rendered":"https:\/\/roveyayinevi.com.tr\/index.php\/urun\/mallarin-mallarla-uretimi-iktisat-kuramini-elestiriye-acis\/"},"modified":"2026-04-16T02:04:34","modified_gmt":"2026-04-15T23:04:34","slug":"mallarin-mallarla-uretimi-iktisat-kuramini-elestiriye-acis","status":"publish","type":"product","link":"https:\/\/roveyayinevi.com.tr\/index.php\/urun\/mallarin-mallarla-uretimi-iktisat-kuramini-elestiriye-acis\/","title":{"rendered":"Mallar\u0131n Mallarla \u00dcretimi &#8211; \u0130ktisat Kuram\u0131n\u0131 Ele\u015ftiriye A\u00e7\u0131\u015f"},"content":{"rendered":"<p>20. y\u00fczy\u0131l\u0131n en \u00f6nemli iktisat\u00e7\u0131lar\u0131ndan biri olarak kabul edilen Piero Sraffa\u2019n\u0131n temel eseri olan bu kitap, saf iktisat kuram\u0131yla ilgilenenlere y\u00f6nelik bir uzmanl\u0131k \u00e7al\u0131\u015fmas\u0131d\u0131r. Yakla\u015f\u0131m\u0131, Adam Smith\u2019ten Ricardo\u2019ya kadar klasik iktisat\u00e7\u0131lar\u0131n ileri s\u00fcrd\u00fckleri, ama marjinalist yakla\u015f\u0131m \u0131n egemen oldu\u011fu d\u00f6nemde g\u00f6z ard\u0131 edilmi\u015f baz\u0131 g\u00f6r\u00fc\u015flerle benzerlik ta\u015f\u0131r. Ge\u00e7mi\u015fin d\u00fc\u015f\u00fcnce y\u00f6ntemlerine d\u00f6n\u00fc\u015flerden biri burada \u00fcretim ko\u015fullar\u0131n\u0131n, \u00f6l\u00e7e\u011fe g\u00f6re getirilerin de\u011fi\u015fip de\u011fi\u015fmedi\u011finden ba\u011f\u0131ms\u0131z olarak incelenmesine uyarlanm\u0131\u015ft\u0131r. Bir ba\u015fkas\u0131 ise, \u00fcretimin \u00fcretim fakt\u00f6rleri yle ba\u015flay\u0131p t\u00fcketim mallar\u0131yla sona eren bir s\u00fcre\u00e7 de\u011fil de, ayn\u0131 mallar\u0131n hem \u00fcretim ara\u00e7lar\u0131n\u0131n hem \u00fcr\u00fcnlerin aras\u0131nda yer ald\u0131\u011f\u0131 \u00e7evrimsel bir s\u00fcre\u00e7 olarak ele al\u0131nmas\u0131d\u0131r. Bu \u00e7er\u00e7evede, \u00fcr\u00fcn\u00fcn \u00fccretle k\u00e2r aras\u0131nda payla\u015f\u0131lmas\u0131nda ortaya \u00e7\u0131kan de\u011fi\u015fmelerin tekil mallar\u0131n fiyatlar\u0131nda yaratt\u0131\u011f\u0131 etkilere ili\u015fkin bir dizi \u00f6nermede bulunulmu\u015ftur. Kitaptaki ak\u0131l y\u00fcr\u00fctmeler soyut olmakla birlikte basit cebir d\u00fczeyinin \u00f6tesinde bir matematik bilgisi gerektirmemektedir.2010, Sraffa&#8217;n\u0131n bu kitab\u0131n\u0131n 50. yay\u0131n y\u0131ld\u00f6n\u00fcm\u00fcd\u00fcr. \u00c7e\u015fitli \u00fclkelerde yap\u0131lan kutlama etkinliklerine yay\u0131nevimiz de bu \u00e7eviri ile katk\u0131da bulunmaktad\u0131r. Elinizdeki bask\u0131, Roma \u00dcniversitesi&#8217;nde Sraffa Merkezi&#8217;nin m\u00fcd\u00fcr\u00fc Pierangelo Garegnani&#8217;den, Sraffa uzman\u0131 olarak bilinen Heinz D. Kurz ile Christian Lager&#8217;dan ve Sraffa&#8217;n\u0131n \u00e7al\u0131\u015fmalar\u0131n\u0131 doktora tezine konu se\u00e7mi\u015f olan Sungur Savran&#8217;dan al\u0131nan a\u00e7\u0131klay\u0131c\u0131 yaz\u0131larla zenginle\u015ftirilmi\u015ftir. B\u00f6ylece Sraffa&#8217;n\u0131n iktisat kuram\u0131 i\u00e7indeki \u00f6nemi \u00e7ok daha belirginle\u015fmektedir. <\/p>\n","protected":false},"excerpt":{"rendered":"<p>20. y\u00fczy\u0131l\u0131n en \u00f6nemli iktisat\u00e7\u0131lar\u0131ndan biri olarak kabul edilen Piero Sraffa\u2019n\u0131n temel eseri olan bu kitap, saf iktisat kuram\u0131yla ilgilenenlere y\u00f6nelik bir uzmanl\u0131k \u00e7al\u0131\u015fmas\u0131d\u0131r. Yakla\u015f\u0131m\u0131, Adam<span class=\"excerpt-hellip\"> [\u2026]<\/span><\/p>\n","protected":false},"featured_media":0,"template":"","meta":{"_monsterinsights_skip_tracking":false,"_monsterinsights_sitenote_active":false,"_monsterinsights_sitenote_note":"","_monsterinsights_sitenote_category":0},"product_brand":[],"product_cat":[13044,13043],"product_tag":[],"class_list":{"0":"post-694528","1":"product","2":"type-product","3":"status-publish","5":"product_cat-dunya-ekonomisi","6":"product_cat-ekonomi","7":"pa_cilt-ciltsiz","8":"pa_tur-kitap","9":"pa_yayinevi-yordam-kitap","10":"pa_yazar-piero-sraffa","12":"first","13":"instock","14":"sale","15":"shipping-taxable","16":"purchasable","17":"product-type-simple"},"_links":{"self":[{"href":"https:\/\/roveyayinevi.com.tr\/index.php\/wp-json\/wp\/v2\/product\/694528","targetHints":{"allow":["GET"]}}],"collection":[{"href":"https:\/\/roveyayinevi.com.tr\/index.php\/wp-json\/wp\/v2\/product"}],"about":[{"href":"https:\/\/roveyayinevi.com.tr\/index.php\/wp-json\/wp\/v2\/types\/product"}],"wp:attachment":[{"href":"https:\/\/roveyayinevi.com.tr\/index.php\/wp-json\/wp\/v2\/media?parent=694528"}],"wp:term":[{"taxonomy":"product_brand","embeddable":true,"href":"https:\/\/roveyayinevi.com.tr\/index.php\/wp-json\/wp\/v2\/product_brand?post=694528"},{"taxonomy":"product_cat","embeddable":true,"href":"https:\/\/roveyayinevi.com.tr\/index.php\/wp-json\/wp\/v2\/product_cat?post=694528"},{"taxonomy":"product_tag","embeddable":true,"href":"https:\/\/roveyayinevi.com.tr\/index.php\/wp-json\/wp\/v2\/product_tag?post=694528"}],"curies":[{"name":"wp","href":"https:\/\/api.w.org\/{rel}","templated":true}]}}