{"id":694526,"date":"2025-08-27T14:21:34","date_gmt":"2025-08-27T11:21:34","guid":{"rendered":"https:\/\/roveyayinevi.com.tr\/index.php\/urun\/sanatci-imgesinin-olusumu-efsane-mit-ve-buyu\/"},"modified":"2026-04-16T02:04:34","modified_gmt":"2026-04-15T23:04:34","slug":"sanatci-imgesinin-olusumu-efsane-mit-ve-buyu","status":"publish","type":"product","link":"https:\/\/roveyayinevi.com.tr\/index.php\/urun\/sanatci-imgesinin-olusumu-efsane-mit-ve-buyu\/","title":{"rendered":"Sanat\u00e7\u0131 \u0130mgesinin Olu\u015fumu: Efsane, Mit ve B\u00fcy\u00fc"},"content":{"rendered":"<p>Bu, s\u0131rad\u0131\u015f\u0131 bir kitap. Fikirlerinin zenginli\u011fi ve \u00e7ok say\u0131da belgeye dayanmas\u0131, ba\u015fka uzmanlar\u0131 kal\u0131n, dipnotlarla dolu bir cilt yazmaya s\u00fcr\u00fcklerdi. Ernst Kris ve Otto Kurz ise, cesur spek\u00fclasyonlardan ka\u00e7\u0131nmadan ve sunmak istedikleri kan\u0131tlar\u0131n \u00e7e\u015fitlili\u011fini hi\u00e7 azaltmadan b\u00fcy\u00fck bir dil ekonomisi sergiliyorlar&#8230; Eseri yeniden okurken, her sayfada g\u00f6z\u00fcn g\u00f6rd\u00fc\u011f\u00fcnden \u00e7ok daha fazlas\u0131n\u0131n oldu\u011funu fark ettim.  -E. H. Gombrich-  Esteti\u011fin psikolojisi ve sanatsal yarat\u0131mla ilgilenen herkes i\u00e7in&#8230;  -Albert Rothenberg-  Enfes ve rakipsiz bir \u00e7al\u0131\u015fma.  -Howard Hibbard <\/p>\n","protected":false},"excerpt":{"rendered":"<p>Bu, s\u0131rad\u0131\u015f\u0131 bir kitap. Fikirlerinin zenginli\u011fi ve \u00e7ok say\u0131da belgeye dayanmas\u0131, ba\u015fka uzmanlar\u0131 kal\u0131n, dipnotlarla dolu bir cilt yazmaya s\u00fcr\u00fcklerdi. Ernst Kris ve Otto Kurz ise,<span class=\"excerpt-hellip\"> [\u2026]<\/span><\/p>\n","protected":false},"featured_media":0,"template":"","meta":{"_monsterinsights_skip_tracking":false,"_monsterinsights_sitenote_active":false,"_monsterinsights_sitenote_note":"","_monsterinsights_sitenote_category":0},"product_brand":[],"product_cat":[12364],"product_tag":[],"class_list":{"0":"post-694526","1":"product","2":"type-product","3":"status-publish","5":"product_cat-genel-konular","6":"pa_cilt-ciltsiz","7":"pa_tur-kitap","8":"pa_yayinevi-ithaki-yayinlari","9":"pa_yazar-ernst-kris","10":"pa_yazar-otto-kruz","12":"first","13":"instock","14":"sale","15":"shipping-taxable","16":"purchasable","17":"product-type-simple"},"_links":{"self":[{"href":"https:\/\/roveyayinevi.com.tr\/index.php\/wp-json\/wp\/v2\/product\/694526","targetHints":{"allow":["GET"]}}],"collection":[{"href":"https:\/\/roveyayinevi.com.tr\/index.php\/wp-json\/wp\/v2\/product"}],"about":[{"href":"https:\/\/roveyayinevi.com.tr\/index.php\/wp-json\/wp\/v2\/types\/product"}],"wp:attachment":[{"href":"https:\/\/roveyayinevi.com.tr\/index.php\/wp-json\/wp\/v2\/media?parent=694526"}],"wp:term":[{"taxonomy":"product_brand","embeddable":true,"href":"https:\/\/roveyayinevi.com.tr\/index.php\/wp-json\/wp\/v2\/product_brand?post=694526"},{"taxonomy":"product_cat","embeddable":true,"href":"https:\/\/roveyayinevi.com.tr\/index.php\/wp-json\/wp\/v2\/product_cat?post=694526"},{"taxonomy":"product_tag","embeddable":true,"href":"https:\/\/roveyayinevi.com.tr\/index.php\/wp-json\/wp\/v2\/product_tag?post=694526"}],"curies":[{"name":"wp","href":"https:\/\/api.w.org\/{rel}","templated":true}]}}