{"id":694523,"date":"2025-08-27T14:21:33","date_gmt":"2025-08-27T11:21:33","guid":{"rendered":"https:\/\/roveyayinevi.com.tr\/index.php\/urun\/ulysses\/"},"modified":"2026-04-16T02:04:34","modified_gmt":"2026-04-15T23:04:34","slug":"ulysses","status":"publish","type":"product","link":"https:\/\/roveyayinevi.com.tr\/index.php\/urun\/ulysses\/","title":{"rendered":"Ulysses"},"content":{"rendered":"<p>Joyce, 1904&#8217;te Nora Barnacle ad\u0131nda bir gen\u00e7 kad\u0131nla tan\u0131\u015fm\u0131\u015ft\u0131. (Nora Barnacle ile 1931&#8217;de, evlili\u011fe kar\u015f\u0131 olmas\u0131na ra\u011fmen, k\u0131z\u0131n\u0131n \u0131srarlar\u0131 \u00fczerine evlendi.) Ulysses, Joyce&#8217;un kendi anlat\u0131m\u0131yla Nora Barnacle&#8217;\u0131 sevdi\u011fini anlad\u0131\u011f\u0131 g\u00fcn olan 16 Haziran 1904 g\u00fcn\u00fc Dublin&#8217;de ge\u00e7er. (Roman\u0131n as\u0131l kahraman\u0131 bir bak\u0131ma Dublin kentidir. Her y\u0131l 16 Haziran g\u00fcn\u00fc Dublin&#8217;de d\u00fczenlenen &#8220;Bloomsday&#8221; yani Bloomg\u00fcn\u00fc&#8217;nde, kitaptaki b\u00f6l\u00fcmlerde ge\u00e7en yerlerin dola\u015f\u0131ld\u0131\u011f\u0131 turlar d\u00fczenlenmektedir.) Konu, \u00f6z\u00fcnde son derece yal\u0131nd\u0131r: \u00d6\u011frenci Stephen Dedalus ile serbest \u00e7al\u0131\u015fan Yahudi as\u0131ll\u0131 bir reklam toplay\u0131c\u0131s\u0131 olan Leopold Bloom&#8217;un kar\u015f\u0131la\u015f(t\u0131r\u0131l)malar\u0131. Ancak as\u0131l anlat\u0131lan, bu iki ki\u015finin bireysel kimliklerini a\u015fan daha b\u00fcy\u00fck bir ger\u00e7e\u011fin par\u00e7as\u0131 olduklar\u0131d\u0131r: Stephen &#8220;sanatsal&#8221; do\u011fan\u0131n, Bloom ise &#8220;bilimsel&#8221; do\u011fan\u0131n temsilcileridir. \u00d6te yandan, bu iki d\u0131\u015flanm\u0131\u015f ki\u015filik, hem Joyce hem de birbirleri i\u00e7in de \u00f6zel bir \u00f6neme sahiptirler: Stephen, Joyce&#8217;un gen\u00e7li\u011finin, Bloom ise olgunlu\u011funun yans\u0131malar\u0131d\u0131r; Bloom, Stephen&#8217;\u0131n, deyim yerindeyse, &#8220;manevi babas\u0131&#8221;d\u0131r vb. Ama kitab\u0131n edebiyat a\u00e7\u0131s\u0131ndan as\u0131l \u00f6nemi, \u00e7at\u0131s\u0131n\u0131n Homeros&#8217;un destan\u0131 Odysseia ile simgesel ko\u015futlu\u011fundan ve Joyce&#8217;un kulland\u0131\u011f\u0131 de\u011fi\u015fik teknik ve bi\u00e7emlerden, \u00f6zellikle de 18. ve son b\u00f6l\u00fcmde Bloom&#8217;un kar\u0131s\u0131 Molly&#8217;nin d\u00fc\u015f\u00fcncelerinin yans\u0131t\u0131ld\u0131\u011f\u0131 &#8220;bilin\u00e7 ak\u0131\u015f\u0131&#8221;ndan gelir. \ufffc<\/p>\n","protected":false},"excerpt":{"rendered":"<p>Joyce, 1904&#8217;te Nora Barnacle ad\u0131nda bir gen\u00e7 kad\u0131nla tan\u0131\u015fm\u0131\u015ft\u0131. (Nora Barnacle ile 1931&#8217;de, evlili\u011fe kar\u015f\u0131 olmas\u0131na ra\u011fmen, k\u0131z\u0131n\u0131n \u0131srarlar\u0131 \u00fczerine evlendi.) Ulysses, Joyce&#8217;un kendi anlat\u0131m\u0131yla Nora<span class=\"excerpt-hellip\"> [\u2026]<\/span><\/p>\n","protected":false},"featured_media":0,"template":"","meta":{"_monsterinsights_skip_tracking":false,"_monsterinsights_sitenote_active":false,"_monsterinsights_sitenote_note":"","_monsterinsights_sitenote_category":0},"product_brand":[],"product_cat":[12291,12866],"product_tag":[],"class_list":{"0":"post-694523","1":"product","2":"type-product","3":"status-publish","5":"product_cat-edebiyat","6":"product_cat-ingiliz-edebiyati","7":"pa_cilt-ciltsiz","8":"pa_tur-kitap","9":"pa_yayinevi-yapi-kredi-yayinlari","10":"pa_yazar-james-joyce","12":"first","13":"instock","14":"sale","15":"shipping-taxable","16":"purchasable","17":"product-type-simple"},"_links":{"self":[{"href":"https:\/\/roveyayinevi.com.tr\/index.php\/wp-json\/wp\/v2\/product\/694523","targetHints":{"allow":["GET"]}}],"collection":[{"href":"https:\/\/roveyayinevi.com.tr\/index.php\/wp-json\/wp\/v2\/product"}],"about":[{"href":"https:\/\/roveyayinevi.com.tr\/index.php\/wp-json\/wp\/v2\/types\/product"}],"wp:attachment":[{"href":"https:\/\/roveyayinevi.com.tr\/index.php\/wp-json\/wp\/v2\/media?parent=694523"}],"wp:term":[{"taxonomy":"product_brand","embeddable":true,"href":"https:\/\/roveyayinevi.com.tr\/index.php\/wp-json\/wp\/v2\/product_brand?post=694523"},{"taxonomy":"product_cat","embeddable":true,"href":"https:\/\/roveyayinevi.com.tr\/index.php\/wp-json\/wp\/v2\/product_cat?post=694523"},{"taxonomy":"product_tag","embeddable":true,"href":"https:\/\/roveyayinevi.com.tr\/index.php\/wp-json\/wp\/v2\/product_tag?post=694523"}],"curies":[{"name":"wp","href":"https:\/\/api.w.org\/{rel}","templated":true}]}}