{"id":694520,"date":"2025-08-27T14:21:33","date_gmt":"2025-08-27T11:21:33","guid":{"rendered":"https:\/\/roveyayinevi.com.tr\/index.php\/urun\/ulysses-sozlugu\/"},"modified":"2026-04-06T02:09:49","modified_gmt":"2026-04-05T23:09:49","slug":"ulysses-sozlugu","status":"publish","type":"product","link":"https:\/\/roveyayinevi.com.tr\/index.php\/urun\/ulysses-sozlugu\/","title":{"rendered":"Ulysses S\u00f6zl\u00fc\u011f\u00fc"},"content":{"rendered":"<p>James Joyce\u2019un modern roman\u0131n ba\u015flang\u0131c\u0131 kabul edilen ba\u015fyap\u0131t\u0131 Ulysses\u2019i, tam olarak dilimize kazand\u0131ran Nevzat Erkmen, Ulysses S\u00f6zl\u00fc\u011f\u00fc\u2019yle, Joyce okurlar\u0131n\u0131n yolunu ayd\u0131nlat\u0131yor. Ulysses S\u00f6zl\u00fc\u011f\u00fc, bir ba\u015fyap\u0131tla \u00f6l\u00fcms\u00fczl\u00fc\u011f\u00fcn\u00fc garantileyen \u201cJoyce\u2019un Ulusesi\u201dni daha derinden duymak isteyenlere sesleniyor&#8230; <\/p>\n","protected":false},"excerpt":{"rendered":"<p>James Joyce\u2019un modern roman\u0131n ba\u015flang\u0131c\u0131 kabul edilen ba\u015fyap\u0131t\u0131 Ulysses\u2019i, tam olarak dilimize kazand\u0131ran Nevzat Erkmen, Ulysses S\u00f6zl\u00fc\u011f\u00fc\u2019yle, Joyce okurlar\u0131n\u0131n yolunu ayd\u0131nlat\u0131yor. Ulysses S\u00f6zl\u00fc\u011f\u00fc, bir ba\u015fyap\u0131tla \u00f6l\u00fcms\u00fczl\u00fc\u011f\u00fcn\u00fc<span class=\"excerpt-hellip\"> [\u2026]<\/span><\/p>\n","protected":false},"featured_media":0,"template":"","meta":{"_monsterinsights_skip_tracking":false,"_monsterinsights_sitenote_active":false,"_monsterinsights_sitenote_note":"","_monsterinsights_sitenote_category":0},"product_brand":[],"product_cat":[12567,12566],"product_tag":[],"class_list":{"0":"post-694520","1":"product","2":"type-product","3":"status-publish","5":"product_cat-diger-egitim","6":"product_cat-egitim","7":"pa_cilt-ciltsiz","8":"pa_tur-kitap","9":"pa_yayinevi-yapi-kredi-yayinlari","10":"pa_yazar-nevzat-erkmen","12":"first","13":"instock","14":"sale","15":"shipping-taxable","16":"purchasable","17":"product-type-simple"},"_links":{"self":[{"href":"https:\/\/roveyayinevi.com.tr\/index.php\/wp-json\/wp\/v2\/product\/694520","targetHints":{"allow":["GET"]}}],"collection":[{"href":"https:\/\/roveyayinevi.com.tr\/index.php\/wp-json\/wp\/v2\/product"}],"about":[{"href":"https:\/\/roveyayinevi.com.tr\/index.php\/wp-json\/wp\/v2\/types\/product"}],"wp:attachment":[{"href":"https:\/\/roveyayinevi.com.tr\/index.php\/wp-json\/wp\/v2\/media?parent=694520"}],"wp:term":[{"taxonomy":"product_brand","embeddable":true,"href":"https:\/\/roveyayinevi.com.tr\/index.php\/wp-json\/wp\/v2\/product_brand?post=694520"},{"taxonomy":"product_cat","embeddable":true,"href":"https:\/\/roveyayinevi.com.tr\/index.php\/wp-json\/wp\/v2\/product_cat?post=694520"},{"taxonomy":"product_tag","embeddable":true,"href":"https:\/\/roveyayinevi.com.tr\/index.php\/wp-json\/wp\/v2\/product_tag?post=694520"}],"curies":[{"name":"wp","href":"https:\/\/api.w.org\/{rel}","templated":true}]}}