{"id":694518,"date":"2025-08-27T14:21:32","date_gmt":"2025-08-27T11:21:32","guid":{"rendered":"https:\/\/roveyayinevi.com.tr\/index.php\/urun\/turkiyede-cagdaslasma\/"},"modified":"2026-04-16T02:04:34","modified_gmt":"2026-04-15T23:04:34","slug":"turkiyede-cagdaslasma","status":"publish","type":"product","link":"https:\/\/roveyayinevi.com.tr\/index.php\/urun\/turkiyede-cagdaslasma\/","title":{"rendered":"T\u00fcrkiye\u2019de \u00c7a\u011fda\u015fla\u015fma"},"content":{"rendered":"<p>Niyazi Berkes&#8217;in ilk kez 1964&#8217;te The Development of Secularism in Turkey ba\u015fl\u0131\u011f\u0131yla \u0130ngilizce yay\u0131mlanan bu ba\u015fyap\u0131t\u0131, daha sonra dilimize de kazand\u0131r\u0131lm\u0131\u015f, Cumhuriyet&#8217;in 50.y\u0131l\u0131nda ve daha sonra, 1978&#8217;de iki bask\u0131s\u0131 yap\u0131lm\u0131\u015ft\u0131r. Berkes&#8217;in kitaba sonradar ekledi\u011fi notlar da g\u00f6z \u00f6n\u00fcne al\u0131narak ekseksiz bir kaynak\u00e7a ve dizinle tekrar T\u00fcrk okuruna sundu\u011fumuz bu \u00f6nemli \u00e7al\u0131\u015fmada, T\u00fcrkiye&#8217;nin geleneksel devlet sisteminden laik bir y\u00f6netime ge\u00e7i\u015finin kapsaml\u0131 tarihi Berkes&#8217;in \u00f6zg\u00fcn yakla\u015f\u0131mlar\u0131 ve benzersiz yorumlar\u0131 e\u015fli\u011finde okunabilir. Cumhuriyet tarihine damgas\u0131n\u0131 vurmu\u015f 75 kitaptan biri say\u0131lan bu vazge\u00e7ilmez kaynak, bu k\u00f6kl\u00fc de\u011fi\u015fim s\u00fcreci i\u00e7indeki ekonomik yap\u0131ya ve buna ba\u011fl\u0131 teknik geli\u015fmelere de \u0131\u015f\u0131k tutmakta, bunlara ko\u015fut olarak geli\u015fen siyasal ve dinsel d\u00f6n\u00fc\u015f\u00fcmleri de toplumdaki yans\u0131malar\u0131ylabirlikte ele almaktad\u0131r.Alan\u0131ndaki en nitelikli tarih incelemesi diyebilece\u011fimiz bu \u00f6nemli \u00e7al\u0131\u015fma, okurun T\u00fcrkiye&#8217;nin bug\u00fcn\u00fcn\u00fc belli i\u015faret noktalar\u0131ndan hareketle okumas\u0131n\u0131 sa\u011flayacak, daha sa\u011fl\u0131kl\u0131 de\u011ferlendirmeler i\u00e7in bir \u00e7\u0131k\u0131\u015f noktas\u0131 olu\u015fturacakt\u0131r.<\/p>\n","protected":false},"excerpt":{"rendered":"<p>Niyazi Berkes&#8217;in ilk kez 1964&#8217;te The Development of Secularism in Turkey ba\u015fl\u0131\u011f\u0131yla \u0130ngilizce yay\u0131mlanan bu ba\u015fyap\u0131t\u0131, daha sonra dilimize de kazand\u0131r\u0131lm\u0131\u015f, Cumhuriyet&#8217;in 50.y\u0131l\u0131nda ve daha sonra,<span class=\"excerpt-hellip\"> [\u2026]<\/span><\/p>\n","protected":false},"featured_media":0,"template":"","meta":{"_monsterinsights_skip_tracking":false,"_monsterinsights_sitenote_active":false,"_monsterinsights_sitenote_note":"","_monsterinsights_sitenote_category":0},"product_brand":[],"product_cat":[12304,14128],"product_tag":[],"class_list":{"0":"post-694518","1":"product","2":"type-product","3":"status-publish","5":"product_cat-tarih","6":"product_cat-yakin-tarih","7":"pa_cilt-ciltsiz","8":"pa_tur-kitap","9":"pa_yayinevi-yapi-kredi-yayinlari","10":"pa_yazar-niyazi-berkes","12":"first","13":"instock","14":"sale","15":"shipping-taxable","16":"purchasable","17":"product-type-simple"},"_links":{"self":[{"href":"https:\/\/roveyayinevi.com.tr\/index.php\/wp-json\/wp\/v2\/product\/694518","targetHints":{"allow":["GET"]}}],"collection":[{"href":"https:\/\/roveyayinevi.com.tr\/index.php\/wp-json\/wp\/v2\/product"}],"about":[{"href":"https:\/\/roveyayinevi.com.tr\/index.php\/wp-json\/wp\/v2\/types\/product"}],"wp:attachment":[{"href":"https:\/\/roveyayinevi.com.tr\/index.php\/wp-json\/wp\/v2\/media?parent=694518"}],"wp:term":[{"taxonomy":"product_brand","embeddable":true,"href":"https:\/\/roveyayinevi.com.tr\/index.php\/wp-json\/wp\/v2\/product_brand?post=694518"},{"taxonomy":"product_cat","embeddable":true,"href":"https:\/\/roveyayinevi.com.tr\/index.php\/wp-json\/wp\/v2\/product_cat?post=694518"},{"taxonomy":"product_tag","embeddable":true,"href":"https:\/\/roveyayinevi.com.tr\/index.php\/wp-json\/wp\/v2\/product_tag?post=694518"}],"curies":[{"name":"wp","href":"https:\/\/api.w.org\/{rel}","templated":true}]}}