{"id":694517,"date":"2025-08-27T14:21:32","date_gmt":"2025-08-27T11:21:32","guid":{"rendered":"https:\/\/roveyayinevi.com.tr\/index.php\/urun\/turkiyenin-iktisadi-ve-ictimai-tarihi\/"},"modified":"2025-09-01T08:52:48","modified_gmt":"2025-09-01T05:52:48","slug":"turkiyenin-iktisadi-ve-ictimai-tarihi","status":"publish","type":"product","link":"https:\/\/roveyayinevi.com.tr\/index.php\/urun\/turkiyenin-iktisadi-ve-ictimai-tarihi\/","title":{"rendered":"T\u00fcrkiye\u2019nin \u0130ktisadi ve \u0130\u00e7timai Tarihi"},"content":{"rendered":"<p>Cumhuriyet d\u00f6nemi tarih\u00e7ili\u011finin bir klasi\u011fi, T\u00fcrklerin egemenli\u011findeki Anadolu&#8217;nun \u00fc\u00e7 y\u00fczy\u0131ll\u0131k sosyal ve ekonomik tarihi ilk kez bu \u00e7al\u0131\u015fmada b\u00fct\u00fcnc\u00fcl bir yakla\u015f\u0131mla ele al\u0131nd\u0131. T\u00fcrklerin Anadolu&#8217;da kurduklar\u0131 d\u00fczenin basitten karma\u015f\u0131\u011fa evrilen yap\u0131s\u0131, \u00e7ok k\u00fclt\u00fcrl\u00fcl\u00fc\u011f\u00fcn g\u00fcc\u00fc ve sorunlar\u0131, u\u00e7 beyli\u011finin bir imparatorlu\u011fa d\u00f6n\u00fc\u015fmesinin dinamikleri ilk kez bu eserde ortaya kondu. Mustafa Akda\u011f bir\u00e7o\u011fu h\u00e2l\u00e2 tarih\u00e7ilerin g\u00fcndeminde olan tezleriyle de dikkati \u00e7ekiyor. Anadolu Sel\u00e7uklu Devleti&#8217;nin y\u0131k\u0131l\u0131\u015f\u0131nda y\u00f6netim mekanizmas\u0131n\u0131n, Osmanl\u0131 Beyli\u011fi&#8217;nin y\u00fckseli\u015finde Kuzeybat\u0131 Anadolu B\u00f6lgesi&#8217;nin rol\u00fc bunlar\u0131n en dikkat \u00e7ekenleri. Bu son derece \u00f6nemli ve kal\u0131c\u0131 \u00e7al\u0131\u015fma yenilenmi\u015f bas\u0131m\u0131yla tarih kitapl\u0131\u011f\u0131ndaki se\u00e7kin yerini bir kez daha sa\u011flamla\u015ft\u0131r\u0131yor. <\/p>\n","protected":false},"excerpt":{"rendered":"<p>Cumhuriyet d\u00f6nemi tarih\u00e7ili\u011finin bir klasi\u011fi, T\u00fcrklerin egemenli\u011findeki Anadolu&#8217;nun \u00fc\u00e7 y\u00fczy\u0131ll\u0131k sosyal ve ekonomik tarihi ilk kez bu \u00e7al\u0131\u015fmada b\u00fct\u00fcnc\u00fcl bir yakla\u015f\u0131mla ele al\u0131nd\u0131. T\u00fcrklerin Anadolu&#8217;da kurduklar\u0131<span class=\"excerpt-hellip\"> [\u2026]<\/span><\/p>\n","protected":false},"featured_media":0,"template":"","meta":{"_monsterinsights_skip_tracking":false,"_monsterinsights_sitenote_active":false,"_monsterinsights_sitenote_note":"","_monsterinsights_sitenote_category":0},"product_brand":[],"product_cat":[13590,12337],"product_tag":[],"class_list":{"0":"post-694517","1":"product","2":"type-product","3":"status-publish","5":"product_cat-arastirma-inceleme-politika-siyaset","6":"product_cat-politika-siyaset","7":"pa_cilt-ciltsiz","8":"pa_tur-kitap","9":"pa_yayinevi-yapi-kredi-yayinlari","10":"pa_yazar-mustafa-akdag","12":"first","13":"instock","14":"sale","15":"shipping-taxable","16":"purchasable","17":"product-type-simple"},"_links":{"self":[{"href":"https:\/\/roveyayinevi.com.tr\/index.php\/wp-json\/wp\/v2\/product\/694517","targetHints":{"allow":["GET"]}}],"collection":[{"href":"https:\/\/roveyayinevi.com.tr\/index.php\/wp-json\/wp\/v2\/product"}],"about":[{"href":"https:\/\/roveyayinevi.com.tr\/index.php\/wp-json\/wp\/v2\/types\/product"}],"wp:attachment":[{"href":"https:\/\/roveyayinevi.com.tr\/index.php\/wp-json\/wp\/v2\/media?parent=694517"}],"wp:term":[{"taxonomy":"product_brand","embeddable":true,"href":"https:\/\/roveyayinevi.com.tr\/index.php\/wp-json\/wp\/v2\/product_brand?post=694517"},{"taxonomy":"product_cat","embeddable":true,"href":"https:\/\/roveyayinevi.com.tr\/index.php\/wp-json\/wp\/v2\/product_cat?post=694517"},{"taxonomy":"product_tag","embeddable":true,"href":"https:\/\/roveyayinevi.com.tr\/index.php\/wp-json\/wp\/v2\/product_tag?post=694517"}],"curies":[{"name":"wp","href":"https:\/\/api.w.org\/{rel}","templated":true}]}}