{"id":694516,"date":"2025-08-27T14:21:32","date_gmt":"2025-08-27T11:21:32","guid":{"rendered":"https:\/\/roveyayinevi.com.tr\/index.php\/urun\/kuresel-isinmayi-durduralim-dunyayi-degistirelim\/"},"modified":"2026-04-16T02:04:34","modified_gmt":"2026-04-15T23:04:34","slug":"kuresel-isinmayi-durduralim-dunyayi-degistirelim","status":"publish","type":"product","link":"https:\/\/roveyayinevi.com.tr\/index.php\/urun\/kuresel-isinmayi-durduralim-dunyayi-degistirelim\/","title":{"rendered":"K\u00fcresel Is\u0131nmay\u0131 Durdural\u0131m, D\u00fcnyay\u0131 De\u011fi\u015ftirelim!"},"content":{"rendered":"<p>K\u00fcresel \u0131s\u0131nma gezegenimizi tehdit ediyor. Asl\u0131nda sorunu \u00e7\u00f6zecek teknolojiye sahibiz ama karbona dayal\u0131 son derece g\u00fc\u00e7l\u00fc \u015firketler ve neoliberal iktidarlar bu konuda hi\u00e7bir \u015fey yapm\u0131yor, yapmayacak. Dolay\u0131s\u0131yla onlara kar\u015f\u0131 \u00e7\u0131kabilecek tek g\u00fcc\u00fc, yani d\u00fcnya n\u00fcfusunun b\u00fcy\u00fck \u00e7o\u011funlu\u011funu, insanlar ve gezegenimiz i\u00e7in de\u011fil sadece k\u00e2r i\u00e7in var olan kapitalizme kar\u015f\u0131 harekete ge\u00e7irmeliyiz. K\u00fcresel Is\u0131nmay\u0131 Durdural\u0131m, D\u00fcnyay\u0131 De\u011fi\u015ftirelim, k\u00fcresel \u0131s\u0131nmaya kar\u015f\u0131 m\u00fccadele ederken yoksullu\u011fu da tarih haline getirmenin m\u00fcmk\u00fcn oldu\u011funu g\u00fc\u00e7l\u00fc kan\u0131tlarla ortaya koyuyor. Jonathan Neale&#8217;e g\u00f6re k\u00fcresel iklim de\u011fi\u015fimine kar\u015f\u0131 m\u00fccadele ederken yoksul insanlar\u0131n ve yoksul \u00fclkelerin fedak\u00e2rl\u0131k yapmas\u0131na&#8230;y\u00fckselen seslere ortak oluyor. \ufffcTan\u0131t\u0131m Metni<\/p>\n","protected":false},"excerpt":{"rendered":"<p>K\u00fcresel \u0131s\u0131nma gezegenimizi tehdit ediyor. Asl\u0131nda sorunu \u00e7\u00f6zecek teknolojiye sahibiz ama karbona dayal\u0131 son derece g\u00fc\u00e7l\u00fc \u015firketler ve neoliberal iktidarlar bu konuda hi\u00e7bir \u015fey yapm\u0131yor, yapmayacak.<span class=\"excerpt-hellip\"> [\u2026]<\/span><\/p>\n","protected":false},"featured_media":0,"template":"","meta":{"_monsterinsights_skip_tracking":false,"_monsterinsights_sitenote_active":false,"_monsterinsights_sitenote_note":"","_monsterinsights_sitenote_category":0},"product_brand":[],"product_cat":[23323,12364],"product_tag":[],"class_list":{"0":"post-694516","1":"product","2":"type-product","3":"status-publish","5":"product_cat-ekoloji","6":"product_cat-genel-konular","7":"pa_cilt-ciltsiz","8":"pa_tur-kitap","9":"pa_yayinevi-yordam-kitap","10":"pa_yazar-jonathan-neale","12":"first","13":"instock","14":"sale","15":"shipping-taxable","16":"purchasable","17":"product-type-simple"},"_links":{"self":[{"href":"https:\/\/roveyayinevi.com.tr\/index.php\/wp-json\/wp\/v2\/product\/694516","targetHints":{"allow":["GET"]}}],"collection":[{"href":"https:\/\/roveyayinevi.com.tr\/index.php\/wp-json\/wp\/v2\/product"}],"about":[{"href":"https:\/\/roveyayinevi.com.tr\/index.php\/wp-json\/wp\/v2\/types\/product"}],"wp:attachment":[{"href":"https:\/\/roveyayinevi.com.tr\/index.php\/wp-json\/wp\/v2\/media?parent=694516"}],"wp:term":[{"taxonomy":"product_brand","embeddable":true,"href":"https:\/\/roveyayinevi.com.tr\/index.php\/wp-json\/wp\/v2\/product_brand?post=694516"},{"taxonomy":"product_cat","embeddable":true,"href":"https:\/\/roveyayinevi.com.tr\/index.php\/wp-json\/wp\/v2\/product_cat?post=694516"},{"taxonomy":"product_tag","embeddable":true,"href":"https:\/\/roveyayinevi.com.tr\/index.php\/wp-json\/wp\/v2\/product_tag?post=694516"}],"curies":[{"name":"wp","href":"https:\/\/api.w.org\/{rel}","templated":true}]}}