{"id":694513,"date":"2025-08-27T14:21:31","date_gmt":"2025-08-27T11:21:31","guid":{"rendered":"https:\/\/roveyayinevi.com.tr\/index.php\/urun\/yurttaslardan-lordlara\/"},"modified":"2025-09-25T02:39:18","modified_gmt":"2025-09-24T23:39:18","slug":"yurttaslardan-lordlara","status":"publish","type":"product","link":"https:\/\/roveyayinevi.com.tr\/index.php\/urun\/yurttaslardan-lordlara\/","title":{"rendered":"Yurtta\u015flardan Lordlara"},"content":{"rendered":"<p>Ellen Meiksins Wood, bu son \u00e7al\u0131\u015fmas\u0131nda siyaset teorisi tarihini yeniden yorumluyor. Bat\u0131 gelene\u011fini, klasik eski \u00e7a\u011fdan orta \u00e7a\u011f\u0131n sonuna kadar, toplumsal tarih bak\u0131\u015f a\u00e7\u0131s\u0131yla inceliyor. Bu \u00e7al\u0131\u015fma sadece standartla\u015fm\u0131\u015f olan, soyut d\u00fc\u015f\u00fcnceler tarihinden de\u011fil, di\u011fer tarihsel ba\u011flam \u00e7er\u00e7evesini kullanan eserlerden de \u00e7ok farkl\u0131.Wood, adeta kutsall\u0131k mertebesine konmu\u015f olan klasik d\u00fc\u015f\u00fcn\u00fcrleri, tutkuyla davalar\u0131na ba\u011fl\u0131 insanlar olarak ele al\u0131yor. Onlar\u0131n d\u00fc\u015f\u00fcncelerini, siyaset dili ba\u011flam\u0131nda oldu\u011fu kadar, ya\u015fad\u0131klar\u0131 toplumsal ko\u015fullar\u0131n sorunlar\u0131na ve \u00e7eli\u015fkilerine verdikleri yarat\u0131c\u0131 yan\u0131tlar\u0131yla ve \u00e7\u00f6z\u00fcm \u00f6nerileriyle de inceliyor. Bat\u0131 tarihinin \u00f6zg\u00fcn m\u00fclkiyet-devlet ili\u015fkisinin \u00fcst\u00fcnde durarak, bunun egemen d\u00fc\u015f\u00fcnceleri nas\u0131l bi\u00e7imlendirdi\u011fini ortaya \u00e7\u0131kar\u0131yor. Ayr\u0131ca m\u00fclk sahipleri, emek\u00e7iler ve devletlerle \u00fc\u00e7l\u00fc etkile\u015fimin Bat\u0131 siyaset teorisi ve prati\u011fini nas\u0131l etkiledi\u011fini ara\u015ft\u0131r\u0131yor. Eski Yunan d\u00f6neminin parlak d\u00fc\u015f\u00fcn\u00fcrleri Platon, Aristoteles, Aeschylus ve Sophokles\u2019ten Roma Cumhuriyeti\u2019nin Cicero\u2019suna, imparatorluk zaman\u0131n\u0131n Tarsuslu Paulus ve Hippolu Augustinus\u2019una, buradan orta\u00e7a\u011f d\u00fcnyas\u0131na ge\u00e7iyoruz: \u0130bn R\u00fc\u015fd\u2019\u00fcn, Aquino\u2019lu Thomas\u2019\u0131n, Padoval\u0131 Marsillio\u2019nun ve Occam\u2019l\u0131 William\u2019\u0131n d\u00fc\u015f\u00fcnceleri hem \u00e7a\u011fda\u015flar\u0131yla, hem de \u00f6nc\u00fclleriyle kar\u015f\u0131la\u015ft\u0131rmal\u0131 bi\u00e7imde inceleniyor. Yurtta\u015flardan Lordlara d\u00fcnya d\u00fc\u015f\u00fcnce tarihine kal\u0131c\u0131 katk\u0131lar yapan d\u00fc\u015f\u00fcn\u00fcrlerin, ya\u015fad\u0131klar\u0131 toplumsal ko\u015fullar ba\u011flam\u0131nda ele al\u0131nd\u0131\u011f\u0131, orijinal kaynaklar\u0131n ve \u00e7arp\u0131c\u0131 analizlerin e\u015fli\u011finde incelendi\u011fi bir eser. \u201cWood, \u00e7ok geni\u015f bir alandaki eski ve orta\u00e7a\u011f d\u00fc\u015f\u00fcn\u00fcrlerini muhte\u015fem bir kavray\u0131\u015fla ele al\u0131yor.\u201d Paul Cartledge, Cambridge \u00dcniversitesi Yunan tarihi profes\u00f6r\u00fc \u201cTeoriyi, tarihsel de\u011fi\u015fimle ba\u015far\u0131l\u0131 bi\u00e7imde birle\u015ftiren d\u00fc\u015f\u00fcnd\u00fcr\u00fcc\u00fc bir analiz.\u201d Sheldon S. Wolin, Princeton \u00dcniversitesi siyaset teorisi emekli profes\u00f6r\u00fc. <\/p>\n","protected":false},"excerpt":{"rendered":"<p>Ellen Meiksins Wood, bu son \u00e7al\u0131\u015fmas\u0131nda siyaset teorisi tarihini yeniden yorumluyor. Bat\u0131 gelene\u011fini, klasik eski \u00e7a\u011fdan orta \u00e7a\u011f\u0131n sonuna kadar, toplumsal tarih bak\u0131\u015f a\u00e7\u0131s\u0131yla inceliyor. Bu<span class=\"excerpt-hellip\"> [\u2026]<\/span><\/p>\n","protected":false},"featured_media":0,"template":"","meta":{"_monsterinsights_skip_tracking":false,"_monsterinsights_sitenote_active":false,"_monsterinsights_sitenote_note":"","_monsterinsights_sitenote_category":0},"product_brand":[],"product_cat":[12337,14706],"product_tag":[],"class_list":{"0":"post-694513","1":"product","2":"type-product","3":"status-publish","5":"product_cat-politika-siyaset","6":"product_cat-siyaset-bilimi","7":"pa_cilt-ciltsiz","8":"pa_tur-kitap","9":"pa_yayinevi-yordam-kitap","10":"pa_yazar-ellen-meiksins-wood","12":"first","13":"instock","14":"sale","15":"shipping-taxable","16":"purchasable","17":"product-type-simple"},"_links":{"self":[{"href":"https:\/\/roveyayinevi.com.tr\/index.php\/wp-json\/wp\/v2\/product\/694513","targetHints":{"allow":["GET"]}}],"collection":[{"href":"https:\/\/roveyayinevi.com.tr\/index.php\/wp-json\/wp\/v2\/product"}],"about":[{"href":"https:\/\/roveyayinevi.com.tr\/index.php\/wp-json\/wp\/v2\/types\/product"}],"wp:attachment":[{"href":"https:\/\/roveyayinevi.com.tr\/index.php\/wp-json\/wp\/v2\/media?parent=694513"}],"wp:term":[{"taxonomy":"product_brand","embeddable":true,"href":"https:\/\/roveyayinevi.com.tr\/index.php\/wp-json\/wp\/v2\/product_brand?post=694513"},{"taxonomy":"product_cat","embeddable":true,"href":"https:\/\/roveyayinevi.com.tr\/index.php\/wp-json\/wp\/v2\/product_cat?post=694513"},{"taxonomy":"product_tag","embeddable":true,"href":"https:\/\/roveyayinevi.com.tr\/index.php\/wp-json\/wp\/v2\/product_tag?post=694513"}],"curies":[{"name":"wp","href":"https:\/\/api.w.org\/{rel}","templated":true}]}}