{"id":694512,"date":"2025-08-27T14:21:31","date_gmt":"2025-08-27T11:21:31","guid":{"rendered":"https:\/\/roveyayinevi.com.tr\/index.php\/urun\/yukselis-ve-dusus\/"},"modified":"2026-04-12T02:05:22","modified_gmt":"2026-04-11T23:05:22","slug":"yukselis-ve-dusus","status":"publish","type":"product","link":"https:\/\/roveyayinevi.com.tr\/index.php\/urun\/yukselis-ve-dusus\/","title":{"rendered":"Y\u00fckseli\u015f ve D\u00fc\u015f\u00fc\u015f"},"content":{"rendered":"<p>1960-1980 aras\u0131, T\u00fcrkiye solunun kendini y\u0131\u011f\u0131nsal \u00f6l\u00e7eklerde var etti\u011fi, T\u00fcrkiye\u2019yi derinden etkiledi\u011fi bir d\u00f6nemdir. 12 Eyl\u00fcl 1980 ise T\u00fcrkiye\u2019nin s\u0131n\u0131f ve siyaset yelpazesinin \u015fiddetle par\u00e7alan\u0131p gerici ve kar\u015f\u0131-devrimci bir transformasyonla yeniden yap\u0131land\u0131r\u0131lmaya ba\u015fland\u0131\u011f\u0131 milatt\u0131r. Bu kitapta, bu 20 y\u0131ll\u0131k d\u00f6nem, ortama \u00f6zelliklerini veren d\u00fcnya ko\u015fullar\u0131, T\u00fcrkiye\u2019nin ekonomik, toplumsal, siyasal geli\u015fmeleri ve s\u0131n\u0131f m\u00fccadelesi prati\u011fi i\u00e7inde, \u00f6zel olarak solun, sosyalizmin y\u00fckseli\u015fi ve d\u00fc\u015f\u00fc\u015f\u00fc merce\u011finden anlat\u0131l\u0131yor. Kitapta bir yandan, nesnel geli\u015fmelerin ve sol \u00f6znelerin pratik siyasal etkinliklerinin somut bilgiye dayanan \u00f6yk\u00fcs\u00fc \u00f6zetlenirken, bir yandan da, solun \u00e7e\u015fitli \u00f6\u011felerinin tarihsel ve d\u00f6nemsel olu\u015fum, bi\u00e7imleni\u015f \u00f6zellikleri, ideolojik siyasal, programatik g\u00f6r\u00fc\u015fleri irdeleniyor. T\u00fcrkiye Solu 1960-1980: Y\u00fckseli\u015f ve D\u00fc\u015f\u00fc\u015f, gen\u00e7 ku\u015faklara bu \u00e7e\u015fitli a\u00e7\u0131lardan zengin tarih d\u00f6neminin bilgisini, deneyimini aktarmay\u0131, ayn\u0131 zamanda bug\u00fcn sorunlu bir evreden ge\u00e7mekte olan T\u00fcrkiye soluna ge\u00e7mi\u015fte yap\u0131labilenler, yap\u0131lamayanlar ve yanl\u0131\u015f yap\u0131lanlar \u00fczerinden yeni bir silkini\u015f i\u00e7in dersler \u00e7\u0131karmada katk\u0131 sunmay\u0131 ama\u00e7l\u0131yor. \ufffcTan\u0131t\u0131m Metni<\/p>\n","protected":false},"excerpt":{"rendered":"<p>1960-1980 aras\u0131, T\u00fcrkiye solunun kendini y\u0131\u011f\u0131nsal \u00f6l\u00e7eklerde var etti\u011fi, T\u00fcrkiye\u2019yi derinden etkiledi\u011fi bir d\u00f6nemdir. 12 Eyl\u00fcl 1980 ise T\u00fcrkiye\u2019nin s\u0131n\u0131f ve siyaset yelpazesinin \u015fiddetle par\u00e7alan\u0131p gerici<span class=\"excerpt-hellip\"> [\u2026]<\/span><\/p>\n","protected":false},"featured_media":0,"template":"","meta":{"_monsterinsights_skip_tracking":false,"_monsterinsights_sitenote_active":false,"_monsterinsights_sitenote_note":"","_monsterinsights_sitenote_category":0},"product_brand":[],"product_cat":[16058,12337],"product_tag":[],"class_list":{"0":"post-694512","1":"product","2":"type-product","3":"status-publish","5":"product_cat-kurumlar-orgutler","6":"product_cat-politika-siyaset","7":"pa_cilt-ciltsiz","8":"pa_tur-kitap","9":"pa_yayinevi-yordam-kitap","10":"pa_yazar-haluk-yurtsever","12":"first","13":"instock","14":"sale","15":"shipping-taxable","16":"purchasable","17":"product-type-simple"},"_links":{"self":[{"href":"https:\/\/roveyayinevi.com.tr\/index.php\/wp-json\/wp\/v2\/product\/694512","targetHints":{"allow":["GET"]}}],"collection":[{"href":"https:\/\/roveyayinevi.com.tr\/index.php\/wp-json\/wp\/v2\/product"}],"about":[{"href":"https:\/\/roveyayinevi.com.tr\/index.php\/wp-json\/wp\/v2\/types\/product"}],"wp:attachment":[{"href":"https:\/\/roveyayinevi.com.tr\/index.php\/wp-json\/wp\/v2\/media?parent=694512"}],"wp:term":[{"taxonomy":"product_brand","embeddable":true,"href":"https:\/\/roveyayinevi.com.tr\/index.php\/wp-json\/wp\/v2\/product_brand?post=694512"},{"taxonomy":"product_cat","embeddable":true,"href":"https:\/\/roveyayinevi.com.tr\/index.php\/wp-json\/wp\/v2\/product_cat?post=694512"},{"taxonomy":"product_tag","embeddable":true,"href":"https:\/\/roveyayinevi.com.tr\/index.php\/wp-json\/wp\/v2\/product_tag?post=694512"}],"curies":[{"name":"wp","href":"https:\/\/api.w.org\/{rel}","templated":true}]}}