{"id":694509,"date":"2025-08-27T14:21:30","date_gmt":"2025-08-27T11:21:30","guid":{"rendered":"https:\/\/roveyayinevi.com.tr\/index.php\/urun\/kapitalizmde-saglik-sagliksizlik-semptomlari\/"},"modified":"2026-04-16T02:04:34","modified_gmt":"2026-04-15T23:04:34","slug":"kapitalizmde-saglik-sagliksizlik-semptomlari","status":"publish","type":"product","link":"https:\/\/roveyayinevi.com.tr\/index.php\/urun\/kapitalizmde-saglik-sagliksizlik-semptomlari\/","title":{"rendered":"Kapitalizmde Sa\u011fl\u0131k Sa\u011fl\u0131ks\u0131zl\u0131k Semptomlar\u0131"},"content":{"rendered":"<p>Yordam Kitap, sayg\u0131n uluslararas\u0131 dergi Socialist Register\u2019\u0131n 2010 say\u0131s\u0131n\u0131 yay\u0131nlad\u0131. \u0130ngiltere\u2019de 1964 y\u0131l\u0131ndan beri d\u00fczenli olarak yay\u0131nlanan Socialist Register, her y\u0131l g\u00fcncel bir konuyu i\u015fliyor; d\u00fcnyaya soldan bakan yetkin yazar ve kademisyenlerin yaz\u0131lar\u0131na yer veriyor. \u0130ngiltere\u2019n\u0131n yan\u0131 s\u0131ra ABD, Kanada, Hindistan ve (se\u00e7kiler halinde) \u0130talya\u2019da da yay\u0131nlanan dergi, 2007 y\u0131l\u0131ndan bu yana T\u00fcrkiye\u2019de de okurla bulu\u015fuyor. G\u00fcn\u00fcm\u00fczde \u015eiddet ba\u015fl\u0131\u011f\u0131n\u0131 ta\u015f\u0131yan 2009 say\u0131s\u0131 gibi Socialist Register 2010 da g\u00fcncel bir konuya, neoliberal politikalar\u0131n k\u0131skac\u0131ndaki sa\u011fl\u0131\u011f\u0131n ticarile\u015fmesi konusuna e\u011filiyor. \ufffcTan\u0131t\u0131m Metni<\/p>\n","protected":false},"excerpt":{"rendered":"<p>Yordam Kitap, sayg\u0131n uluslararas\u0131 dergi Socialist Register\u2019\u0131n 2010 say\u0131s\u0131n\u0131 yay\u0131nlad\u0131. \u0130ngiltere\u2019de 1964 y\u0131l\u0131ndan beri d\u00fczenli olarak yay\u0131nlanan Socialist Register, her y\u0131l g\u00fcncel bir konuyu i\u015fliyor; d\u00fcnyaya<span class=\"excerpt-hellip\"> [\u2026]<\/span><\/p>\n","protected":false},"featured_media":0,"template":"","meta":{"_monsterinsights_skip_tracking":false,"_monsterinsights_sitenote_active":false,"_monsterinsights_sitenote_note":"","_monsterinsights_sitenote_category":0},"product_brand":[],"product_cat":[12965,12337],"product_tag":[],"class_list":{"0":"post-694509","1":"product","2":"type-product","3":"status-publish","5":"product_cat-genel-politika","6":"product_cat-politika-siyaset","7":"pa_cilt-ciltsiz","8":"pa_tur-kitap","9":"pa_yayinevi-yordam-kitap","10":"pa_yazar-leo-panitch","12":"first","13":"instock","14":"sale","15":"shipping-taxable","16":"purchasable","17":"product-type-simple"},"_links":{"self":[{"href":"https:\/\/roveyayinevi.com.tr\/index.php\/wp-json\/wp\/v2\/product\/694509","targetHints":{"allow":["GET"]}}],"collection":[{"href":"https:\/\/roveyayinevi.com.tr\/index.php\/wp-json\/wp\/v2\/product"}],"about":[{"href":"https:\/\/roveyayinevi.com.tr\/index.php\/wp-json\/wp\/v2\/types\/product"}],"wp:attachment":[{"href":"https:\/\/roveyayinevi.com.tr\/index.php\/wp-json\/wp\/v2\/media?parent=694509"}],"wp:term":[{"taxonomy":"product_brand","embeddable":true,"href":"https:\/\/roveyayinevi.com.tr\/index.php\/wp-json\/wp\/v2\/product_brand?post=694509"},{"taxonomy":"product_cat","embeddable":true,"href":"https:\/\/roveyayinevi.com.tr\/index.php\/wp-json\/wp\/v2\/product_cat?post=694509"},{"taxonomy":"product_tag","embeddable":true,"href":"https:\/\/roveyayinevi.com.tr\/index.php\/wp-json\/wp\/v2\/product_tag?post=694509"}],"curies":[{"name":"wp","href":"https:\/\/api.w.org\/{rel}","templated":true}]}}