{"id":694507,"date":"2025-08-27T14:21:30","date_gmt":"2025-08-27T11:21:30","guid":{"rendered":"https:\/\/roveyayinevi.com.tr\/index.php\/urun\/sahibinin-sesi\/"},"modified":"2026-04-16T02:04:34","modified_gmt":"2026-04-15T23:04:34","slug":"sahibinin-sesi","status":"publish","type":"product","link":"https:\/\/roveyayinevi.com.tr\/index.php\/urun\/sahibinin-sesi\/","title":{"rendered":"Sahibinin Sesi"},"content":{"rendered":"<p>Sevim Burak, yay\u0131mland\u0131\u011f\u0131nda b\u00fcy\u00fck tart\u0131\u015fmalar yaratan ve y\u0131l\u0131n edebiyat olay\u0131 say\u0131lan Yan\u0131k Saraylar&#8217;dan (1965) sonra sessiz kald\u0131. Bu sessizli\u011fin ard\u0131ndan Sahibinin Sesi ve Afrika Dans\u0131 geldi. &#8216;Diyebilirik ki b\u00fct\u00fcn \u00f6mr\u00fcm\u00fc geri d\u00f6n\u00fc\u015f yolunda harcad\u0131m. Ben, b\u00fcy\u00fck hastal\u0131klar, hainlikler, insan\u0131 \u00e7\u0131lg\u0131na d\u00f6nd\u00fcren hadiselerle hi\u00e7 kar\u015f\u0131la\u015fmad\u0131m&#8230; \u015eu \u00f6l\u00fcm bile hakiki \u00f6l\u00fcm de\u011fildi. Geri d\u00f6nme emriydi. Anl\u0131yorsunuz ya emri yerine getirmekti&#8230; Tabii, d\u00f6n\u00fc\u015f yolunlda, her \u015fey g\u00fczel g\u00f6r\u00fcnd\u00fc bana, geriye d\u00f6narken arkada kalan yollar, hayat, insanlar, bamba\u015fka g\u00fczel g\u00f6r\u00fcnd\u00fc bana. Siz geride kalanlar, siz Bilal Bey ne yapt\u0131n\u0131z? (\u00d6fkelenerek) Vatan yerine milli hisler, tarih yerine m\u00fcze, bro\u015f\u00fcr, harf yerine resmi ge\u00e7it, fener alay\u0131, \u00f6l\u00fcm yerine sayg\u0131 duru\u015fu&#8230; M\u00fctevaz\u0131 vatanda\u015f.&#8217; \ufffcTan\u0131t\u0131m Metni<\/p>\n","protected":false},"excerpt":{"rendered":"<p>Sevim Burak, yay\u0131mland\u0131\u011f\u0131nda b\u00fcy\u00fck tart\u0131\u015fmalar yaratan ve y\u0131l\u0131n edebiyat olay\u0131 say\u0131lan Yan\u0131k Saraylar&#8217;dan (1965) sonra sessiz kald\u0131. Bu sessizli\u011fin ard\u0131ndan Sahibinin Sesi ve Afrika Dans\u0131 geldi.<span class=\"excerpt-hellip\"> [\u2026]<\/span><\/p>\n","protected":false},"featured_media":0,"template":"","meta":{"_monsterinsights_skip_tracking":false,"_monsterinsights_sitenote_active":false,"_monsterinsights_sitenote_note":"","_monsterinsights_sitenote_category":0},"product_brand":[],"product_cat":[12409,12408],"product_tag":[],"class_list":{"0":"post-694507","1":"product","2":"type-product","3":"status-publish","5":"product_cat-fotograf-sinema-tiyatro","6":"product_cat-sanat","7":"pa_cilt-ciltsiz","8":"pa_tur-kitap","9":"pa_yayinevi-yapi-kredi-yayinlari","10":"pa_yazar-sevim-burak","12":"first","13":"instock","14":"sale","15":"shipping-taxable","16":"purchasable","17":"product-type-simple"},"_links":{"self":[{"href":"https:\/\/roveyayinevi.com.tr\/index.php\/wp-json\/wp\/v2\/product\/694507","targetHints":{"allow":["GET"]}}],"collection":[{"href":"https:\/\/roveyayinevi.com.tr\/index.php\/wp-json\/wp\/v2\/product"}],"about":[{"href":"https:\/\/roveyayinevi.com.tr\/index.php\/wp-json\/wp\/v2\/types\/product"}],"wp:attachment":[{"href":"https:\/\/roveyayinevi.com.tr\/index.php\/wp-json\/wp\/v2\/media?parent=694507"}],"wp:term":[{"taxonomy":"product_brand","embeddable":true,"href":"https:\/\/roveyayinevi.com.tr\/index.php\/wp-json\/wp\/v2\/product_brand?post=694507"},{"taxonomy":"product_cat","embeddable":true,"href":"https:\/\/roveyayinevi.com.tr\/index.php\/wp-json\/wp\/v2\/product_cat?post=694507"},{"taxonomy":"product_tag","embeddable":true,"href":"https:\/\/roveyayinevi.com.tr\/index.php\/wp-json\/wp\/v2\/product_tag?post=694507"}],"curies":[{"name":"wp","href":"https:\/\/api.w.org\/{rel}","templated":true}]}}