{"id":694504,"date":"2025-08-27T14:21:29","date_gmt":"2025-08-27T11:21:29","guid":{"rendered":"https:\/\/roveyayinevi.com.tr\/index.php\/urun\/buyuk-argo-sozlugu\/"},"modified":"2026-04-16T02:04:34","modified_gmt":"2026-04-15T23:04:34","slug":"buyuk-argo-sozlugu","status":"publish","type":"product","link":"https:\/\/roveyayinevi.com.tr\/index.php\/urun\/buyuk-argo-sozlugu\/","title":{"rendered":"B\u00fcy\u00fck Argo S\u00f6zl\u00fc\u011f\u00fc"},"content":{"rendered":"<p>Alan\u0131nda ilk ve tek &#8220;tan\u0131kl\u0131 ve etimolojik&#8221;\u00e7al\u0131\u015fma olan B\u00fcy\u00fck Argo S\u00f6zl\u00fcggn\u00fcn &#8220;\u00f6ns\u00f6z\u00fcnden son sayfas\u0131na katk\u0131larla g\u00fcncellenerek ve b\u00fct\u00fcn\u00fcyle g\u00f6zden ge\u00e7irilerek&#8221; haz\u0131rlanan 5. bask\u0131s\u0131 Ocak 2008&#8217;de \u00e7\u0131km\u0131\u015f ve k\u0131sa say\u0131lacak bir s\u00fcre i\u00e7inde t\u00fckenmi\u015fti. \u015eimdi 8. bas\u0131m\u0131n\u0131 sunuyoruz. S\u00f6zl\u00fck, &#8220;d\u00fcnyan\u0131n en iyileri&#8221;nden&#8230;Aktun\u00e7 (1990), bug\u00fcn mevcut olan en b\u00fcy\u00fck ve en iyi argo t\u00fczl\u00fc\u011f\u00fcn\u00fc ortaya koydu, apklamalanndaki itina ve kaynaklardan verdi\u011fi misaller fok de\u011ferlidir.- Andreas TietzeToplam 5318 maddeba\u015f\u0131, 7345 tan\u0131m, 4000 tan\u0131k c\u00fcmleden olu\u015fan B\u00fcy\u00fck Argo S\u00f6zl\u00fcgii, e\u015fsiz bir &#8220;argo antolojisr niteli\u011fi de ta\u015f\u0131yor. \u00d6nemli bir ba\u015fvuru kayna\u011f\u0131 olmas\u0131n\u0131n yan\u0131 s\u0131ra, ba\u015ftan sona okunacak keyifli biryap\u0131t.Co\u011fram\u0131z insan\u0131n\u0131n ruhsal, cinsel, toplumsal yap\u0131s\u0131 ve bak\u0131\u015f\u0131n\u0131 tarihten bug\u00fcne do\u011frudan yans\u0131tan bir kaynak&#8230; T\u00fcrk\u00e7enin &#8220;dilleraras\u0131&#8221; ili\u015fkilerine b\u00fcy\u00fck bir ayna.Dilimizin ustalar\u0131ndan ve s\u00f6zl\u00fck\/s\u00f6zciik okuma &#8220;hastala-r\u0131ndan Hulki Aktun\u00e7, bu yap\u0131da 30 y\u0131l u\u011fra\u015fn. Hem s\u00f6zc\u00fck haznesiyle, hem de argoya getirdi\u011fi dinamik ve \u00f6zg\u00fcn kuramsal yakla\u015f\u0131mla B\u00fcy\u00fck Argo S\u00fczl\u00fcg\u00fc, yurt i\u00e7inde de, yurt d\u0131\u015f\u0131nda da yo\u011fun ilgi g\u00f6r\u00fcyor. <\/p>\n","protected":false},"excerpt":{"rendered":"<p>Alan\u0131nda ilk ve tek &#8220;tan\u0131kl\u0131 ve etimolojik&#8221;\u00e7al\u0131\u015fma olan B\u00fcy\u00fck Argo S\u00f6zl\u00fcggn\u00fcn &#8220;\u00f6ns\u00f6z\u00fcnden son sayfas\u0131na katk\u0131larla g\u00fcncellenerek ve b\u00fct\u00fcn\u00fcyle g\u00f6zden ge\u00e7irilerek&#8221; haz\u0131rlanan 5. bask\u0131s\u0131 Ocak 2008&#8217;de \u00e7\u0131km\u0131\u015f<span class=\"excerpt-hellip\"> [\u2026]<\/span><\/p>\n","protected":false},"featured_media":0,"template":"","meta":{"_monsterinsights_skip_tracking":false,"_monsterinsights_sitenote_active":false,"_monsterinsights_sitenote_note":"","_monsterinsights_sitenote_category":0},"product_brand":[],"product_cat":[13772,12364],"product_tag":[],"class_list":{"0":"post-694504","1":"product","2":"type-product","3":"status-publish","5":"product_cat-basvuru-kitaplari","6":"product_cat-genel-konular","7":"pa_cilt-ciltsiz","8":"pa_tur-kitap","9":"pa_yayinevi-yapi-kredi-yayinlari","10":"pa_yazar-hulki-aktunc","12":"first","13":"instock","14":"sale","15":"shipping-taxable","16":"purchasable","17":"product-type-simple"},"_links":{"self":[{"href":"https:\/\/roveyayinevi.com.tr\/index.php\/wp-json\/wp\/v2\/product\/694504","targetHints":{"allow":["GET"]}}],"collection":[{"href":"https:\/\/roveyayinevi.com.tr\/index.php\/wp-json\/wp\/v2\/product"}],"about":[{"href":"https:\/\/roveyayinevi.com.tr\/index.php\/wp-json\/wp\/v2\/types\/product"}],"wp:attachment":[{"href":"https:\/\/roveyayinevi.com.tr\/index.php\/wp-json\/wp\/v2\/media?parent=694504"}],"wp:term":[{"taxonomy":"product_brand","embeddable":true,"href":"https:\/\/roveyayinevi.com.tr\/index.php\/wp-json\/wp\/v2\/product_brand?post=694504"},{"taxonomy":"product_cat","embeddable":true,"href":"https:\/\/roveyayinevi.com.tr\/index.php\/wp-json\/wp\/v2\/product_cat?post=694504"},{"taxonomy":"product_tag","embeddable":true,"href":"https:\/\/roveyayinevi.com.tr\/index.php\/wp-json\/wp\/v2\/product_tag?post=694504"}],"curies":[{"name":"wp","href":"https:\/\/api.w.org\/{rel}","templated":true}]}}