{"id":694498,"date":"2025-08-27T14:21:28","date_gmt":"2025-08-27T11:21:28","guid":{"rendered":"https:\/\/roveyayinevi.com.tr\/index.php\/urun\/turk-tefekkuru-tarihi\/"},"modified":"2026-04-16T02:04:34","modified_gmt":"2026-04-15T23:04:34","slug":"turk-tefekkuru-tarihi","status":"publish","type":"product","link":"https:\/\/roveyayinevi.com.tr\/index.php\/urun\/turk-tefekkuru-tarihi\/","title":{"rendered":"T\u00fcrk Tefekk\u00fcr\u00fc Tarihi"},"content":{"rendered":"<p>Prof. Dr. Hilmi Ziya \u00dclken&#8217;in Galatasaray Lisesi&#8217;nde felsefe \u00f6\u011fretmeni oldu\u011fu y\u0131llarda kaleme ald\u0131\u011f\u0131 T\u00fcrk Tefekk\u00fcr\u00fc Tarihi, 1933-1934&#8217;te iki cilt olarak yay\u0131mlan\u0131r. Bu kitab\u0131n \u00fc\u00e7\u00fcnc\u00fc cildi olarak tasarlanan T\u00fcrkiye&#8217;de \u00c7a\u011fda\u015f D\u00fc\u015f\u00fcnce Tarihi ise ancak 1966&#8217;da yay\u0131mlanm\u0131\u015ft\u0131r.Yay\u0131mland\u0131\u011f\u0131 y\u0131llardan itibaren alan\u0131ndaki b\u00fct\u00fcn ara\u015ft\u0131rmalara kaynakl\u0131k eden ve bir klasik haline gelen bu yap\u0131t\u0131n yeniden bas\u0131m\u0131 bug\u00fcne kadar m\u00fcmk\u00fcn olmam\u0131\u015ft\u0131r. T\u00fcrk d\u00fc\u015f\u00fcncesinin temel ta\u015flar\u0131ndan olan T\u00fcrk Tefekk\u00fcr\u00fc Tarihi, 70 y\u0131l sonra h\u00e2l\u00e2, yeri doldurulamam\u0131\u015f bir ba\u015fucu kitab\u0131&#8230; Mekteplerimizde bir edebiyat tarihi okutulmaktad\u0131r. Fakat onunla muvazi [paralel] olarak giden fikir hayat\u0131 bu dersin i\u00e7inde yer almam\u0131\u015ft\u0131r. Talebe efendiler, Bak\u00ee&#8217;yi, \u0130bni Kemal&#8217;i veya Nam\u0131k Kemal&#8217;i okurken \u0130shak Hoca veya Salih Zeki&#8217;yi bilmiyorlar. Halbuki bug\u00fcnk\u00fc T\u00fcrk dilini ve T\u00fcrk hassasiyetini tan\u0131mak i\u00e7in onun tarihini, tek\u00e2m\u00fcl\u00fcn\u00fc [geli\u015fimini] bilmek ne kadar zaruri ise; bug\u00fcnk\u00fc T\u00fcrk d\u00fc\u015f\u00fcn\u00fc\u015f\u00fcn\u00fc anlamak i\u00e7in de onun ge\u00e7irdi\u011fi istihaleleri [a\u015famalar\u0131] bilmek o kadar zaruridir. \ufffcTan\u0131t\u0131m Metni<\/p>\n","protected":false},"excerpt":{"rendered":"<p>Prof. Dr. Hilmi Ziya \u00dclken&#8217;in Galatasaray Lisesi&#8217;nde felsefe \u00f6\u011fretmeni oldu\u011fu y\u0131llarda kaleme ald\u0131\u011f\u0131 T\u00fcrk Tefekk\u00fcr\u00fc Tarihi, 1933-1934&#8217;te iki cilt olarak yay\u0131mlan\u0131r. Bu kitab\u0131n \u00fc\u00e7\u00fcnc\u00fc cildi olarak<span class=\"excerpt-hellip\"> [\u2026]<\/span><\/p>\n","protected":false},"featured_media":0,"template":"","meta":{"_monsterinsights_skip_tracking":false,"_monsterinsights_sitenote_active":false,"_monsterinsights_sitenote_note":"","_monsterinsights_sitenote_category":0},"product_brand":[],"product_cat":[12312,12304],"product_tag":[],"class_list":{"0":"post-694498","1":"product","2":"type-product","3":"status-publish","5":"product_cat-diger","6":"product_cat-tarih","7":"pa_cilt-ciltsiz","8":"pa_tur-kitap","9":"pa_yayinevi-yapi-kredi-yayinlari","10":"pa_yazar-hilmi-ziya-ulken","12":"first","13":"instock","14":"sale","15":"shipping-taxable","16":"purchasable","17":"product-type-simple"},"_links":{"self":[{"href":"https:\/\/roveyayinevi.com.tr\/index.php\/wp-json\/wp\/v2\/product\/694498","targetHints":{"allow":["GET"]}}],"collection":[{"href":"https:\/\/roveyayinevi.com.tr\/index.php\/wp-json\/wp\/v2\/product"}],"about":[{"href":"https:\/\/roveyayinevi.com.tr\/index.php\/wp-json\/wp\/v2\/types\/product"}],"wp:attachment":[{"href":"https:\/\/roveyayinevi.com.tr\/index.php\/wp-json\/wp\/v2\/media?parent=694498"}],"wp:term":[{"taxonomy":"product_brand","embeddable":true,"href":"https:\/\/roveyayinevi.com.tr\/index.php\/wp-json\/wp\/v2\/product_brand?post=694498"},{"taxonomy":"product_cat","embeddable":true,"href":"https:\/\/roveyayinevi.com.tr\/index.php\/wp-json\/wp\/v2\/product_cat?post=694498"},{"taxonomy":"product_tag","embeddable":true,"href":"https:\/\/roveyayinevi.com.tr\/index.php\/wp-json\/wp\/v2\/product_tag?post=694498"}],"curies":[{"name":"wp","href":"https:\/\/api.w.org\/{rel}","templated":true}]}}