{"id":694497,"date":"2025-08-27T14:21:27","date_gmt":"2025-08-27T11:21:27","guid":{"rendered":"https:\/\/roveyayinevi.com.tr\/index.php\/urun\/turk-siirinde-1980-kusagi\/"},"modified":"2026-04-16T02:04:34","modified_gmt":"2026-04-15T23:04:34","slug":"turk-siirinde-1980-kusagi","status":"publish","type":"product","link":"https:\/\/roveyayinevi.com.tr\/index.php\/urun\/turk-siirinde-1980-kusagi\/","title":{"rendered":"T\u00fcrk \u015eiirinde 1980 Ku\u015fa\u011f\u0131"},"content":{"rendered":"<p>T\u00fcrk \u015eiirinde 1980 Ku\u015fa\u011f\u0131 adl\u0131 \u00e7al\u0131\u015fmas\u0131nda 1980\u2019lerde ya\u015fanan kopu\u015fun \u015fiirimizde a\u00e7t\u0131\u011f\u0131 yeni yollar\u0131 izliyor B\u00e2ki Asilt\u00fcrk. 1980\u2019ler \u015fiirinin tek bir poetikadan de\u011fil, poetikalardan olu\u015ftu\u011fu sav\u0131n\u0131 g\u00f6zden uzak tutmamakla birlikte, 1980 Ku\u015fa\u011f\u0131\u2019n\u0131n olu\u015fumunda \u0130mgeci y\u00f6neli\u015fin a\u011f\u0131rl\u0131\u011f\u0131n\u0131 \u00f6zellikle vurgulayan Asilt\u00fcrk, bazen birbiriyle temasta olan, bazense birbirini iten \u00e7e\u015fitli \u015fiir anlay\u0131\u015flar\u0131n\u0131 nesnel bir yakla\u015f\u0131mla ele al\u0131yor; yap\u0131tlara ve tan\u0131kl\u0131klara e\u011filerek d\u00f6nemin birikimini ortaya koyuyor. \ufffcTan\u0131t\u0131m Metni<\/p>\n","protected":false},"excerpt":{"rendered":"<p>T\u00fcrk \u015eiirinde 1980 Ku\u015fa\u011f\u0131 adl\u0131 \u00e7al\u0131\u015fmas\u0131nda 1980\u2019lerde ya\u015fanan kopu\u015fun \u015fiirimizde a\u00e7t\u0131\u011f\u0131 yeni yollar\u0131 izliyor B\u00e2ki Asilt\u00fcrk. 1980\u2019ler \u015fiirinin tek bir poetikadan de\u011fil, poetikalardan olu\u015ftu\u011fu sav\u0131n\u0131 g\u00f6zden<span class=\"excerpt-hellip\"> [\u2026]<\/span><\/p>\n","protected":false},"featured_media":0,"template":"","meta":{"_monsterinsights_skip_tracking":false,"_monsterinsights_sitenote_active":false,"_monsterinsights_sitenote_note":"","_monsterinsights_sitenote_category":0},"product_brand":[],"product_cat":[12777,12291],"product_tag":[],"class_list":{"0":"post-694497","1":"product","2":"type-product","3":"status-publish","5":"product_cat-deneme","6":"product_cat-edebiyat","7":"pa_cilt-ciltsiz","8":"pa_tur-kitap","9":"pa_yayinevi-yapi-kredi-yayinlari","10":"pa_yazar-baki-asilturk","12":"first","13":"instock","14":"sale","15":"shipping-taxable","16":"purchasable","17":"product-type-simple"},"_links":{"self":[{"href":"https:\/\/roveyayinevi.com.tr\/index.php\/wp-json\/wp\/v2\/product\/694497","targetHints":{"allow":["GET"]}}],"collection":[{"href":"https:\/\/roveyayinevi.com.tr\/index.php\/wp-json\/wp\/v2\/product"}],"about":[{"href":"https:\/\/roveyayinevi.com.tr\/index.php\/wp-json\/wp\/v2\/types\/product"}],"wp:attachment":[{"href":"https:\/\/roveyayinevi.com.tr\/index.php\/wp-json\/wp\/v2\/media?parent=694497"}],"wp:term":[{"taxonomy":"product_brand","embeddable":true,"href":"https:\/\/roveyayinevi.com.tr\/index.php\/wp-json\/wp\/v2\/product_brand?post=694497"},{"taxonomy":"product_cat","embeddable":true,"href":"https:\/\/roveyayinevi.com.tr\/index.php\/wp-json\/wp\/v2\/product_cat?post=694497"},{"taxonomy":"product_tag","embeddable":true,"href":"https:\/\/roveyayinevi.com.tr\/index.php\/wp-json\/wp\/v2\/product_tag?post=694497"}],"curies":[{"name":"wp","href":"https:\/\/api.w.org\/{rel}","templated":true}]}}