{"id":694493,"date":"2025-08-27T14:21:26","date_gmt":"2025-08-27T11:21:26","guid":{"rendered":"https:\/\/roveyayinevi.com.tr\/index.php\/urun\/yollarin-baslangici\/"},"modified":"2026-04-16T02:04:33","modified_gmt":"2026-04-15T23:04:33","slug":"yollarin-baslangici","status":"publish","type":"product","link":"https:\/\/roveyayinevi.com.tr\/index.php\/urun\/yollarin-baslangici\/","title":{"rendered":"Yollar\u0131n Ba\u015flang\u0131c\u0131"},"content":{"rendered":"<p>G\u00f6\u00e7enler, kalanlar, tart\u0131\u015fmalar, a\u015fklar, s\u00f6ylenceler, din de\u011fi\u015ftirmeler, k\u00fcsk\u00fcnl\u00fckler, ba\u011f\u0131\u015flamalar, ger\u00e7ek insanlar&#8230; Yazar annesinden ald\u0131\u011f\u0131, titizlikle saklanm\u0131\u015f aile belgeleriyle dolu bir bavuldan hareketle kendi ailesinin oldu\u011fu kadar insanl\u0131\u011f\u0131n da yak\u0131n ge\u00e7mi\u015fine \u0131\u015f\u0131k tutuyor. \u00d6zellikle Osmanl\u0131 \u0130mparatorlu\u011fu ve Atat\u00fcrk&#8217;e ili\u015fkin \u00e7ok ilgi \u00e7ekici yorumlar da i\u00e7eren kitapta iki kahraman \u00f6ne \u00e7\u0131k\u0131yor: Maalouf&#8217;un dedesi Butros ve dedesinin karde\u015fi Cebrail. \u0130ki karde\u015fin yaz\u0131\u015fmalar\u0131ndan ortaya \u00e7\u0131kar\u0131lan olay \u00f6rg\u00fcs\u00fc, g\u00f6\u00e7ebe ruhu, \u00fclk\u00fcleri, ko\u015fullar\u0131, ko\u015fullar kar\u015f\u0131s\u0131ndaki farkl\u0131 insan tutumlar\u0131n\u0131 k\u00fc\u00e7\u00fcc\u00fck notlardan ya da uzun ara\u015ft\u0131rmalardan ayd\u0131nl\u0131\u011fa kavu\u015fturup Beyrut&#8217;tan K\u00fcba&#8217;ya uzak anakararlar\u0131 birle\u015ftiriyor. Yollar\u0131n Ba\u015flang\u0131c\u0131 s\u00fcrg\u00fcndeki yazar\u0131n tek yurduna, ailesine adad\u0131\u011f\u0131 bir a\u015frk \u015fark\u0131s\u0131. \ufffc<\/p>\n","protected":false},"excerpt":{"rendered":"<p>G\u00f6\u00e7enler, kalanlar, tart\u0131\u015fmalar, a\u015fklar, s\u00f6ylenceler, din de\u011fi\u015ftirmeler, k\u00fcsk\u00fcnl\u00fckler, ba\u011f\u0131\u015flamalar, ger\u00e7ek insanlar&#8230; Yazar annesinden ald\u0131\u011f\u0131, titizlikle saklanm\u0131\u015f aile belgeleriyle dolu bir bavuldan hareketle kendi ailesinin oldu\u011fu kadar<span class=\"excerpt-hellip\"> [\u2026]<\/span><\/p>\n","protected":false},"featured_media":0,"template":"","meta":{"_monsterinsights_skip_tracking":false,"_monsterinsights_sitenote_active":false,"_monsterinsights_sitenote_note":"","_monsterinsights_sitenote_category":0},"product_brand":[],"product_cat":[13661,12291],"product_tag":[],"class_list":{"0":"post-694493","1":"product","2":"type-product","3":"status-publish","5":"product_cat-diger-ulke-edebiyatlari","6":"product_cat-edebiyat","7":"pa_cilt-ciltsiz","8":"pa_tur-kitap","9":"pa_yayinevi-yapi-kredi-yayinlari","10":"pa_yazar-amin-maalouf","12":"first","13":"instock","14":"sale","15":"shipping-taxable","16":"purchasable","17":"product-type-simple"},"_links":{"self":[{"href":"https:\/\/roveyayinevi.com.tr\/index.php\/wp-json\/wp\/v2\/product\/694493","targetHints":{"allow":["GET"]}}],"collection":[{"href":"https:\/\/roveyayinevi.com.tr\/index.php\/wp-json\/wp\/v2\/product"}],"about":[{"href":"https:\/\/roveyayinevi.com.tr\/index.php\/wp-json\/wp\/v2\/types\/product"}],"wp:attachment":[{"href":"https:\/\/roveyayinevi.com.tr\/index.php\/wp-json\/wp\/v2\/media?parent=694493"}],"wp:term":[{"taxonomy":"product_brand","embeddable":true,"href":"https:\/\/roveyayinevi.com.tr\/index.php\/wp-json\/wp\/v2\/product_brand?post=694493"},{"taxonomy":"product_cat","embeddable":true,"href":"https:\/\/roveyayinevi.com.tr\/index.php\/wp-json\/wp\/v2\/product_cat?post=694493"},{"taxonomy":"product_tag","embeddable":true,"href":"https:\/\/roveyayinevi.com.tr\/index.php\/wp-json\/wp\/v2\/product_tag?post=694493"}],"curies":[{"name":"wp","href":"https:\/\/api.w.org\/{rel}","templated":true}]}}