{"id":694490,"date":"2025-08-27T14:21:26","date_gmt":"2025-08-27T11:21:26","guid":{"rendered":"https:\/\/roveyayinevi.com.tr\/index.php\/urun\/uzerinde-gunes-batmayan-katliam\/"},"modified":"2026-04-16T02:04:33","modified_gmt":"2026-04-15T23:04:33","slug":"uzerinde-gunes-batmayan-katliam","status":"publish","type":"product","link":"https:\/\/roveyayinevi.com.tr\/index.php\/urun\/uzerinde-gunes-batmayan-katliam\/","title":{"rendered":"\u00dczerinde G\u00fcne\u015f Batmayan Katliam"},"content":{"rendered":"<p>Viktorya d\u00f6neminin son \u00e7eyre\u011finde, tropikal ku\u015fa\u011f\u0131n d\u00f6rt yan\u0131nda ve ayr\u0131ca kuzey \u00c7in\u2019de, muazzam kurakl\u0131klar tar\u0131m\u0131 tekrar tekrar enkaza \u00e7evirdi. Ya\u015fanan kurakl\u0131klar ve salg\u0131nlar, yoksul k\u0131rlarda 50 milyondan fazla insan\u0131n can\u0131na mal oldu. Bir zamanlar\u0131n yemye\u015fil topraklar\u0131 kasvetli \u00e7\u00f6llere d\u00f6n\u00fc\u015f\u00fcrken, Etiyopya, \u00c7in ve Brezilya\u2019n\u0131n baz\u0131 kesimlerinde, bir n\u00fckleer katliam\u0131 akla getirecek \u00f6l\u00fcm oranlar\u0131 ortaya \u00e7\u0131kt\u0131. B\u00fcy\u00fck veba salg\u0131n\u0131ndan beri g\u00f6r\u00fclmemi\u015f \u00f6l\u00e7ekte bir insani trajedi do\u011furdu\u011fu halde, bu felaketin tarihi ve d\u00fcnyan\u0131n ekonomik geli\u015fimi \u00fczerinde b\u0131rakt\u0131\u011f\u0131 uzun s\u00fcreli etkileri, ancak \u015fimdilerde b\u00fct\u00fcnl\u00fckl\u00fc bir bak\u0131\u015f a\u00e7\u0131s\u0131yla inceleniyor. Mike Davis, muson gizemi nin pe\u015fine d\u00fc\u015f\u00fcp, 1870\u2019ler ve 90\u2019larda tar\u0131m mahsullerinin mahvolmas\u0131yla gelen felaketlerde El Nino \/ G\u00fcney Sal\u0131n\u0131m\u0131 n\u0131n parmak izlerini ke\u015ffeden bilimcilerin y\u00fczy\u0131ll\u0131k s\u00fcrek av\u0131na dair m\u00fcthi\u015f dedektiflik \u00f6yk\u00fcs\u00fcn\u00fc \u00f6n\u00fcm\u00fcze seriyor bir yandan da. Ne var ki, do\u011fa ana bu kadar b\u00fcy\u00fck bir katliam\u0131 pek nadiren tek ba\u015f\u0131na d\u00fczenleyebilir. El Nino\u2019nun da su\u00e7 ortaklar\u0131 vard\u0131: alt\u0131n standard\u0131 ve Yeni Emperyalizm. Gelece\u011fin \u00fc\u00e7\u00fcnc\u00fc d\u00fcnya s\u0131n\u0131n, yani insanl\u0131\u011f\u0131n sahip olanlar ve olmayanlar \u015feklinde, telafisi olanaks\u0131z bir bi\u00e7imde b\u00f6l\u00fcn\u00fc\u015f\u00fcn\u00fcn ana hatlar\u0131, on dokuzuncu y\u00fczy\u0131l\u0131n alacakaranl\u0131\u011f\u0131nda, iklim ile d\u00fcnya ekonomisi aras\u0131ndaki \u00f6l\u00fcmc\u00fcl etkile\u015fimler eliyle \u00e7izilmi\u015ftir. \ufffcTan\u0131t\u0131m Metni<\/p>\n","protected":false},"excerpt":{"rendered":"<p>Viktorya d\u00f6neminin son \u00e7eyre\u011finde, tropikal ku\u015fa\u011f\u0131n d\u00f6rt yan\u0131nda ve ayr\u0131ca kuzey \u00c7in\u2019de, muazzam kurakl\u0131klar tar\u0131m\u0131 tekrar tekrar enkaza \u00e7evirdi. Ya\u015fanan kurakl\u0131klar ve salg\u0131nlar, yoksul k\u0131rlarda 50<span class=\"excerpt-hellip\"> [\u2026]<\/span><\/p>\n","protected":false},"featured_media":0,"template":"","meta":{"_monsterinsights_skip_tracking":false,"_monsterinsights_sitenote_active":false,"_monsterinsights_sitenote_note":"","_monsterinsights_sitenote_category":0},"product_brand":[],"product_cat":[13590,12337],"product_tag":[],"class_list":{"0":"post-694490","1":"product","2":"type-product","3":"status-publish","5":"product_cat-arastirma-inceleme-politika-siyaset","6":"product_cat-politika-siyaset","7":"pa_cilt-ciltsiz","8":"pa_tur-kitap","9":"pa_yayinevi-yordam-kitap","10":"pa_yazar-mike-davis","12":"first","13":"instock","14":"sale","15":"shipping-taxable","16":"purchasable","17":"product-type-simple"},"_links":{"self":[{"href":"https:\/\/roveyayinevi.com.tr\/index.php\/wp-json\/wp\/v2\/product\/694490","targetHints":{"allow":["GET"]}}],"collection":[{"href":"https:\/\/roveyayinevi.com.tr\/index.php\/wp-json\/wp\/v2\/product"}],"about":[{"href":"https:\/\/roveyayinevi.com.tr\/index.php\/wp-json\/wp\/v2\/types\/product"}],"wp:attachment":[{"href":"https:\/\/roveyayinevi.com.tr\/index.php\/wp-json\/wp\/v2\/media?parent=694490"}],"wp:term":[{"taxonomy":"product_brand","embeddable":true,"href":"https:\/\/roveyayinevi.com.tr\/index.php\/wp-json\/wp\/v2\/product_brand?post=694490"},{"taxonomy":"product_cat","embeddable":true,"href":"https:\/\/roveyayinevi.com.tr\/index.php\/wp-json\/wp\/v2\/product_cat?post=694490"},{"taxonomy":"product_tag","embeddable":true,"href":"https:\/\/roveyayinevi.com.tr\/index.php\/wp-json\/wp\/v2\/product_tag?post=694490"}],"curies":[{"name":"wp","href":"https:\/\/api.w.org\/{rel}","templated":true}]}}