{"id":694488,"date":"2025-08-27T14:21:25","date_gmt":"2025-08-27T11:21:25","guid":{"rendered":"https:\/\/roveyayinevi.com.tr\/index.php\/urun\/tarimsal-degisimin-sinifsal-dinamikleri\/"},"modified":"2026-04-16T02:04:33","modified_gmt":"2026-04-15T23:04:33","slug":"tarimsal-degisimin-sinifsal-dinamikleri","status":"publish","type":"product","link":"https:\/\/roveyayinevi.com.tr\/index.php\/urun\/tarimsal-degisimin-sinifsal-dinamikleri\/","title":{"rendered":"Tar\u0131msal De\u011fi\u015fimin S\u0131n\u0131fsal Dinamikleri"},"content":{"rendered":"<p>Tar\u0131m konusunda \u00e7al\u0131\u015fan Marksist sosyal bilimcilerden Henry Bernstein bu kitab\u0131nda, tar\u0131msal de\u011fi\u015fimi ekonomi politik bir yakla\u015f\u0131mla inceliyor. De\u011fi\u015fik kapitalizm modellerinde k\u00f6yl\u00fcl\u00fc\u011f\u00fcn farkl\u0131 d\u00f6n\u00fc\u015f\u00fcm s\u00fcre\u00e7lerini ele al\u0131yor. S\u00f6m\u00fcrgecili\u011fin Latin Amerika, Asya ve Afrika\u2019da tar\u0131m\u0131, toprak-insan ili\u015fkilerini nas\u0131l d\u00f6n\u00fc\u015ft\u00fcrd\u00fc\u011f\u00fcn\u00fc ortaya koyuyor. 20. y\u00fczy\u0131lda d\u00fcnya \u00e7ap\u0131nda uygulanan farkl\u0131 tar\u0131m politikalar\u0131n\u0131 sergiledikten sonra neoliberal k\u00fcreselle\u015fmenin tar\u0131msal \u00fcreticiler \u00fcst\u00fcndeki etkilerini tart\u0131\u015f\u0131yor. Tar\u0131m teknolojilerindeki de\u011fi\u015fimlerin, yoksul k\u00f6yl\u00fcler, k\u00fc\u00e7\u00fck \u00fcreticiler, kapitalist \u00e7ift\u00e7iler ve di\u011fer s\u0131n\u0131flar bak\u0131m\u0131ndan do\u011furdu\u011fu farkl\u0131 sonu\u00e7lar\u0131 g\u00f6zler \u00f6n\u00fcne seriyor. Yeni teknolojilerin k\u00fc\u00e7\u00fck \u00fcreticilerin yarar\u0131na oldu\u011funu ve tar\u0131mda, kapitalizme alternatif k\u00fc\u00e7\u00fck k\u00f6yl\u00fc ekonomisi modelinin egemen \u00fcretim bi\u00e7imi oldu\u011funu iddia eden sosyal bilimcilerin bu t\u00fcr savlar\u0131n\u0131n ge\u00e7ersizli\u011fini g\u00f6steriyor. \ufffcTan\u0131t\u0131m Metni<\/p>\n","protected":false},"excerpt":{"rendered":"<p>Tar\u0131m konusunda \u00e7al\u0131\u015fan Marksist sosyal bilimcilerden Henry Bernstein bu kitab\u0131nda, tar\u0131msal de\u011fi\u015fimi ekonomi politik bir yakla\u015f\u0131mla inceliyor. De\u011fi\u015fik kapitalizm modellerinde k\u00f6yl\u00fcl\u00fc\u011f\u00fcn farkl\u0131 d\u00f6n\u00fc\u015f\u00fcm s\u00fcre\u00e7lerini ele al\u0131yor.<span class=\"excerpt-hellip\"> [\u2026]<\/span><\/p>\n","protected":false},"featured_media":0,"template":"","meta":{"_monsterinsights_skip_tracking":false,"_monsterinsights_sitenote_active":false,"_monsterinsights_sitenote_note":"","_monsterinsights_sitenote_category":0},"product_brand":[],"product_cat":[12338,12337],"product_tag":[],"class_list":{"0":"post-694488","1":"product","2":"type-product","3":"status-publish","5":"product_cat-dunya-siyaseti-ve-politikasi","6":"product_cat-politika-siyaset","7":"pa_cilt-ciltsiz","8":"pa_tur-kitap","9":"pa_yayinevi-yordam-kitap","10":"pa_yazar-henry-bernstein","12":"first","13":"instock","14":"sale","15":"shipping-taxable","16":"purchasable","17":"product-type-simple"},"_links":{"self":[{"href":"https:\/\/roveyayinevi.com.tr\/index.php\/wp-json\/wp\/v2\/product\/694488","targetHints":{"allow":["GET"]}}],"collection":[{"href":"https:\/\/roveyayinevi.com.tr\/index.php\/wp-json\/wp\/v2\/product"}],"about":[{"href":"https:\/\/roveyayinevi.com.tr\/index.php\/wp-json\/wp\/v2\/types\/product"}],"wp:attachment":[{"href":"https:\/\/roveyayinevi.com.tr\/index.php\/wp-json\/wp\/v2\/media?parent=694488"}],"wp:term":[{"taxonomy":"product_brand","embeddable":true,"href":"https:\/\/roveyayinevi.com.tr\/index.php\/wp-json\/wp\/v2\/product_brand?post=694488"},{"taxonomy":"product_cat","embeddable":true,"href":"https:\/\/roveyayinevi.com.tr\/index.php\/wp-json\/wp\/v2\/product_cat?post=694488"},{"taxonomy":"product_tag","embeddable":true,"href":"https:\/\/roveyayinevi.com.tr\/index.php\/wp-json\/wp\/v2\/product_tag?post=694488"}],"curies":[{"name":"wp","href":"https:\/\/api.w.org\/{rel}","templated":true}]}}