{"id":694487,"date":"2025-08-27T14:21:25","date_gmt":"2025-08-27T11:21:25","guid":{"rendered":"https:\/\/roveyayinevi.com.tr\/index.php\/urun\/teorisyeniniz-devrimciydi\/"},"modified":"2026-04-16T02:04:33","modified_gmt":"2026-04-15T23:04:33","slug":"teorisyeniniz-devrimciydi","status":"publish","type":"product","link":"https:\/\/roveyayinevi.com.tr\/index.php\/urun\/teorisyeniniz-devrimciydi\/","title":{"rendered":"Teorisyeniniz Devrimciydi"},"content":{"rendered":"<p>D\u00fcnya kapitalizmi, bir kez daha, y\u0131k\u0131c\u0131 toplumsal sonu\u00e7lar do\u011furan bir bunal\u0131m d\u00f6neminden ge\u00e7erken, sosyal adaletsizliklere tepki g\u00f6sterenlerin sesleri de giderek y\u00fckseliyor. 2011 y\u0131l\u0131nda, pek \u00e7ok \u00fclkede y\u00fcz binlerin kat\u0131ld\u0131\u011f\u0131 mitingler d\u00fczenlenirken, emperyalist d\u00fcnyan\u0131n merkezi olan ABD\u2019de bile, d\u00fcnya devrimi slogan\u0131n\u0131 kullanan Wall Street\u2019i \u0130\u015fgal Et hareketi ortaya \u00e7\u0131kt\u0131. Erkin \u00d6zalp, kendi deyimiyle kapitalizmin yeniden sorgulanmakta oldu\u011fu bir d\u00f6nemde, kapitalizmi sorgulayan hareketlerin Marksizme nas\u0131l bakmas\u0131 gerekti\u011fini ve Marksizmin bu hareketlerden neler \u00f6\u011frenebilece\u011fini tart\u0131\u015f\u0131yor. Yazara g\u00f6re, bu tart\u0131\u015fmalar\u0131 yaparken, ilk olarak, Marx\u2019\u0131n her \u015feyden \u00f6nce bir i\u015f\u00e7i s\u0131n\u0131f\u0131 devrimcisi oldu\u011funun yeniden hat\u0131rlat\u0131lmas\u0131 gerekiyor. Marx\u2019\u0131n ilk devrim modelini ve daha sonra bu modelde yapt\u0131\u011f\u0131 de\u011fi\u015fiklikleri ele alan \u00d6zalp, bir devrimcinin kapitalizm ele\u015ftirisi olan Kapital\u2019in baz\u0131 temel tezlerini sunduktan ve 21. y\u00fczy\u0131lda devrim m\u00fccadelesi y\u00fcr\u00fctenlerin Sovyetler Birli\u011fi deneyimine nas\u0131l yakla\u015fmas\u0131 gerekti\u011fini ele ald\u0131ktan sonra, bu deneyimin a\u015f\u0131lmas\u0131n\u0131 da sa\u011flayacak olan yeni d\u00f6nem olanaklar\u0131 \u00fczerinde duruyor. Son b\u00f6l\u00fcmde \u00f6zellikle T\u00fcrkiye solunun g\u00fcncel siyasal g\u00f6revlerini tart\u0131\u015fan yazar, kitab\u0131n hedefini, tek c\u00fcmleyle, \u015f\u00f6yle \u00f6zetliyor: 21. y\u00fczy\u0131lda, Marx\u2019\u0131n \u00f6ng\u00f6rd\u00fc\u011f\u00fc gibi kitlelerin eseri olacak ve insanlar\u0131n kendi kendilerini y\u00f6netmelerini sa\u011flayacak olan devrimlerin yolunun nas\u0131l a\u00e7\u0131labilece\u011fi tart\u0131\u015fmas\u0131na katk\u0131da bulunmak. \ufffcTan\u0131t\u0131m Metni<\/p>\n","protected":false},"excerpt":{"rendered":"<p>D\u00fcnya kapitalizmi, bir kez daha, y\u0131k\u0131c\u0131 toplumsal sonu\u00e7lar do\u011furan bir bunal\u0131m d\u00f6neminden ge\u00e7erken, sosyal adaletsizliklere tepki g\u00f6sterenlerin sesleri de giderek y\u00fckseliyor. 2011 y\u0131l\u0131nda, pek \u00e7ok \u00fclkede<span class=\"excerpt-hellip\"> [\u2026]<\/span><\/p>\n","protected":false},"featured_media":0,"template":"","meta":{"_monsterinsights_skip_tracking":false,"_monsterinsights_sitenote_active":false,"_monsterinsights_sitenote_note":"","_monsterinsights_sitenote_category":0},"product_brand":[],"product_cat":[12312,12304],"product_tag":[],"class_list":{"0":"post-694487","1":"product","2":"type-product","3":"status-publish","5":"product_cat-diger","6":"product_cat-tarih","7":"pa_cilt-ciltsiz","8":"pa_tur-kitap","9":"pa_yayinevi-yordam-kitap","10":"pa_yazar-erkin-ozalp","12":"first","13":"instock","14":"sale","15":"shipping-taxable","16":"purchasable","17":"product-type-simple"},"_links":{"self":[{"href":"https:\/\/roveyayinevi.com.tr\/index.php\/wp-json\/wp\/v2\/product\/694487","targetHints":{"allow":["GET"]}}],"collection":[{"href":"https:\/\/roveyayinevi.com.tr\/index.php\/wp-json\/wp\/v2\/product"}],"about":[{"href":"https:\/\/roveyayinevi.com.tr\/index.php\/wp-json\/wp\/v2\/types\/product"}],"wp:attachment":[{"href":"https:\/\/roveyayinevi.com.tr\/index.php\/wp-json\/wp\/v2\/media?parent=694487"}],"wp:term":[{"taxonomy":"product_brand","embeddable":true,"href":"https:\/\/roveyayinevi.com.tr\/index.php\/wp-json\/wp\/v2\/product_brand?post=694487"},{"taxonomy":"product_cat","embeddable":true,"href":"https:\/\/roveyayinevi.com.tr\/index.php\/wp-json\/wp\/v2\/product_cat?post=694487"},{"taxonomy":"product_tag","embeddable":true,"href":"https:\/\/roveyayinevi.com.tr\/index.php\/wp-json\/wp\/v2\/product_tag?post=694487"}],"curies":[{"name":"wp","href":"https:\/\/api.w.org\/{rel}","templated":true}]}}