{"id":694485,"date":"2025-08-27T14:21:24","date_gmt":"2025-08-27T11:21:24","guid":{"rendered":"https:\/\/roveyayinevi.com.tr\/index.php\/urun\/turk-dis-politikasinin-ekonomi-politigi\/"},"modified":"2026-04-16T02:04:33","modified_gmt":"2026-04-15T23:04:33","slug":"turk-dis-politikasinin-ekonomi-politigi","status":"publish","type":"product","link":"https:\/\/roveyayinevi.com.tr\/index.php\/urun\/turk-dis-politikasinin-ekonomi-politigi\/","title":{"rendered":"T\u00fcrk D\u0131\u015f Politikas\u0131n\u0131n Ekonomi Politi\u011fi"},"content":{"rendered":"<p>Bu kitap, T\u00fcrkiye\u2019nin d\u0131\u015f politikas\u0131na, \u00f6zellikle de \u0130kinci D\u00fcnya Sava\u015f\u0131 sonras\u0131ndaki ba\u011f\u0131ml\u0131 ve sald\u0131rgan politikalar\u0131na odaklan\u0131yor. Kitapta \u00f6ncelikle d\u0131\u015f politikay\u0131 olu\u015fturan \u00e7ok boyutlu i\u00e7 ve d\u0131\u015f etmenler anla\u015f\u0131l\u0131r k\u0131l\u0131n\u0131yor, b\u00f6ylece tek tek olaylar\u0131n ve geli\u015fmelerin i\u00e7inde anlam kazanabilece\u011fi ve birbirlerine tutarl\u0131l\u0131kla ba\u011flanabilece\u011fi bir teorik \u00e7er\u00e7eve, bir model olu\u015fturuluyor. Bir b\u00fct\u00fcnl\u00fck i\u00e7inde Cumhuriyet\u2019in kurulu\u015fundan AKP iktidar\u0131na kadar T\u00fcrk d\u0131\u015f politikas\u0131n\u0131n ortak ve belirleyici ideolojik zemini, \u00f6z\u00fc, kal\u0131c\u0131 \u00f6zellikleri, s\u00fcreklili\u011fi, s\u00fcreklilik ve de\u011fi\u015fim i\u00e7indeki seyri, ba\u011flant\u0131lar\u0131 ve tarihsel geli\u015fimi i\u00e7inde de\u011ferlendiriliyor.<\/p>\n","protected":false},"excerpt":{"rendered":"<p>Bu kitap, T\u00fcrkiye\u2019nin d\u0131\u015f politikas\u0131na, \u00f6zellikle de \u0130kinci D\u00fcnya Sava\u015f\u0131 sonras\u0131ndaki ba\u011f\u0131ml\u0131 ve sald\u0131rgan politikalar\u0131na odaklan\u0131yor. Kitapta \u00f6ncelikle d\u0131\u015f politikay\u0131 olu\u015fturan \u00e7ok boyutlu i\u00e7 ve d\u0131\u015f<span class=\"excerpt-hellip\"> [\u2026]<\/span><\/p>\n","protected":false},"featured_media":0,"template":"","meta":{"_monsterinsights_skip_tracking":false,"_monsterinsights_sitenote_active":false,"_monsterinsights_sitenote_note":"","_monsterinsights_sitenote_category":0},"product_brand":[],"product_cat":[13596,12337],"product_tag":[],"class_list":{"0":"post-694485","1":"product","2":"type-product","3":"status-publish","5":"product_cat-avrupa-birligi","6":"product_cat-politika-siyaset","7":"pa_cilt-ciltsiz","8":"pa_tur-kitap","9":"pa_yayinevi-yordam-kitap","10":"pa_yazar-haluk-gerger","12":"first","13":"instock","14":"sale","15":"shipping-taxable","16":"purchasable","17":"product-type-simple"},"_links":{"self":[{"href":"https:\/\/roveyayinevi.com.tr\/index.php\/wp-json\/wp\/v2\/product\/694485","targetHints":{"allow":["GET"]}}],"collection":[{"href":"https:\/\/roveyayinevi.com.tr\/index.php\/wp-json\/wp\/v2\/product"}],"about":[{"href":"https:\/\/roveyayinevi.com.tr\/index.php\/wp-json\/wp\/v2\/types\/product"}],"wp:attachment":[{"href":"https:\/\/roveyayinevi.com.tr\/index.php\/wp-json\/wp\/v2\/media?parent=694485"}],"wp:term":[{"taxonomy":"product_brand","embeddable":true,"href":"https:\/\/roveyayinevi.com.tr\/index.php\/wp-json\/wp\/v2\/product_brand?post=694485"},{"taxonomy":"product_cat","embeddable":true,"href":"https:\/\/roveyayinevi.com.tr\/index.php\/wp-json\/wp\/v2\/product_cat?post=694485"},{"taxonomy":"product_tag","embeddable":true,"href":"https:\/\/roveyayinevi.com.tr\/index.php\/wp-json\/wp\/v2\/product_tag?post=694485"}],"curies":[{"name":"wp","href":"https:\/\/api.w.org\/{rel}","templated":true}]}}