{"id":694483,"date":"2025-08-27T14:21:24","date_gmt":"2025-08-27T11:21:24","guid":{"rendered":"https:\/\/roveyayinevi.com.tr\/index.php\/urun\/spartakus\/"},"modified":"2026-04-16T02:04:33","modified_gmt":"2026-04-15T23:04:33","slug":"spartakus","status":"publish","type":"product","link":"https:\/\/roveyayinevi.com.tr\/index.php\/urun\/spartakus\/","title":{"rendered":"Spartak\u00fcs"},"content":{"rendered":"<p>\u0130sko\u00e7 edebiyat\u0131n\u0131n en b\u00fcy\u00fck yazarlar\u0131ndan Lewis Grassic Gibbon&#8217;un \u00fcnl\u00fc tarih\u00ee roman\u0131. \u0130.\u00d6. 73&#8217;te Gladyat\u00f6r Spartacus \u00f6nderli\u011findeki k\u00f6le ayaklanmas\u0131, \u00e7a\u011flar boyunca haks\u0131zl\u0131\u011fa ve bask\u0131ya kar\u015f\u0131 ba\u015fkald\u0131ranlara esin verdi. Gibbon, bu tarihsel olay\u0131 zengin arkaplan bilgilerine dayanarak romanla\u015ft\u0131r\u0131yor. S\u00f6m\u00fcr\u00fclen ve bask\u0131ya u\u011frayanlar\u0131n tarihi olarak okunacak bir eser. \ufffcTan\u0131t\u0131m Metni<\/p>\n","protected":false},"excerpt":{"rendered":"<p>\u0130sko\u00e7 edebiyat\u0131n\u0131n en b\u00fcy\u00fck yazarlar\u0131ndan Lewis Grassic Gibbon&#8217;un \u00fcnl\u00fc tarih\u00ee roman\u0131. \u0130.\u00d6. 73&#8217;te Gladyat\u00f6r Spartacus \u00f6nderli\u011findeki k\u00f6le ayaklanmas\u0131, \u00e7a\u011flar boyunca haks\u0131zl\u0131\u011fa ve bask\u0131ya kar\u015f\u0131 ba\u015fkald\u0131ranlara esin<span class=\"excerpt-hellip\"> [\u2026]<\/span><\/p>\n","protected":false},"featured_media":0,"template":"","meta":{"_monsterinsights_skip_tracking":false,"_monsterinsights_sitenote_active":false,"_monsterinsights_sitenote_note":"","_monsterinsights_sitenote_category":0},"product_brand":[],"product_cat":[13527,14356],"product_tag":[],"class_list":{"0":"post-694483","1":"product","2":"type-product","3":"status-publish","5":"product_cat-sureli-yayinlar","6":"product_cat-tarih-sureli-yayinlar","7":"pa_cilt-ciltsiz","8":"pa_tur-kitap","9":"pa_yayinevi-yordam-kitap","10":"pa_yazar-lewis-grassic-gibbon","12":"first","13":"instock","14":"sale","15":"shipping-taxable","16":"purchasable","17":"product-type-simple"},"_links":{"self":[{"href":"https:\/\/roveyayinevi.com.tr\/index.php\/wp-json\/wp\/v2\/product\/694483","targetHints":{"allow":["GET"]}}],"collection":[{"href":"https:\/\/roveyayinevi.com.tr\/index.php\/wp-json\/wp\/v2\/product"}],"about":[{"href":"https:\/\/roveyayinevi.com.tr\/index.php\/wp-json\/wp\/v2\/types\/product"}],"wp:attachment":[{"href":"https:\/\/roveyayinevi.com.tr\/index.php\/wp-json\/wp\/v2\/media?parent=694483"}],"wp:term":[{"taxonomy":"product_brand","embeddable":true,"href":"https:\/\/roveyayinevi.com.tr\/index.php\/wp-json\/wp\/v2\/product_brand?post=694483"},{"taxonomy":"product_cat","embeddable":true,"href":"https:\/\/roveyayinevi.com.tr\/index.php\/wp-json\/wp\/v2\/product_cat?post=694483"},{"taxonomy":"product_tag","embeddable":true,"href":"https:\/\/roveyayinevi.com.tr\/index.php\/wp-json\/wp\/v2\/product_tag?post=694483"}],"curies":[{"name":"wp","href":"https:\/\/api.w.org\/{rel}","templated":true}]}}