{"id":694479,"date":"2025-08-27T14:21:23","date_gmt":"2025-08-27T11:21:23","guid":{"rendered":"https:\/\/roveyayinevi.com.tr\/index.php\/urun\/rosa-luxemburg-her-seye-ragmen-tutkuyla-yasamak\/"},"modified":"2026-04-16T02:04:33","modified_gmt":"2026-04-15T23:04:33","slug":"rosa-luxemburg-her-seye-ragmen-tutkuyla-yasamak","status":"publish","type":"product","link":"https:\/\/roveyayinevi.com.tr\/index.php\/urun\/rosa-luxemburg-her-seye-ragmen-tutkuyla-yasamak\/","title":{"rendered":"Rosa Luxemburg: Her \u015eeye Ra\u011fmen Tutkuyla Ya\u015famak"},"content":{"rendered":"<p>Bu kitap, hen\u00fcz lisedeyken yazd\u0131\u011f\u0131 bir \u015fiirde \u201cb\u00fct\u00fcn dertleri toklar\u0131n vicdan\u0131na y\u00fcklemek istiyorum\u201d diyen bir devrimcinin, doktor unvanl\u0131 bir iktisat\u00e7\u0131n\u0131n, bir botanik ve edebiyat d\u00fc\u015fk\u00fcn\u00fcn\u00fcn, bir yazar ve militan\u0131n ya\u015fam\u00f6yk\u00fcs\u00fcd\u00fcr. Polonyal\u0131 bir Yahudi ailesinden gelen Rosa Luxemburg, Birinci D\u00fcnya Sava\u015f\u0131 ertesi Almanya\u2019y\u0131 sarsan devrimci ayaklanman\u0131n \u00f6nde gelen fig\u00fcrlerinden biri oldu. Polonya sosyal demokrasisindeki ulusalc\u0131 e\u011filimlere, Almanya sosyal demokrasisi i\u00e7indeki sosyal reformizme kar\u015f\u0131 tavizsiz m\u00fccadelesiyle \u00f6ne \u00e7\u0131kt\u0131. Birinci D\u00fcnya Sava\u015f\u0131\u2019ndaki II. Enternasyonal ihanetine ve \u201cvatan savunmas\u0131\u201d yalanlar\u0131na kar\u015f\u0131, i\u015f\u00e7i s\u0131n\u0131f\u0131n\u0131 emperyalist sava\u015fa kar\u015f\u0131 \u00f6rg\u00fctlemeye \u00e7al\u0131\u015ft\u0131. Bol\u015fevik devrimini b\u00fcy\u00fck bir co\u015fkuyla kar\u015f\u0131lad\u0131; parti-kitle ili\u015fkisi, sosyalist demokrasi gibi konularda Bol\u015fevikleri ele\u015ftirdi. Ard\u0131nda y\u00fczlerce makale, onlarca kitap ve bro\u015f\u00fcr, iktisat teorisinden uluslar\u0131n kendi kaderini tayin hakk\u0131 sorununa kadar pek \u00e7ok \u00f6nemli teorik\/politik tart\u0131\u015fma ve zaman zaman kar\u015f\u0131tlar\u0131n\u0131 \u00e7ileden \u00e7\u0131kartan sert polemikler b\u0131rakt\u0131. Rosa Luxemburg\u2019un toplu eserlerini ve mektuplar\u0131n\u0131 yay\u0131na haz\u0131rlamas\u0131yla tan\u0131nan, ayn\u0131 zamanda Margarethe von Trotta\u2019n\u0131n \u201cRosa Luxemburg\u201d filmine de dan\u0131\u015fmanl\u0131k yapm\u0131\u015f olan Prof. Annelies Laschitza\u2019n\u0131n kaleme ald\u0131\u011f\u0131 bu biyografi, yeni ar\u015fiv belgeleriyle zenginle\u015fen en kapsaml\u0131 Rosa Luxemburg biyografisidir. Yazar kitab\u0131nda, d\u00fcnya ve devrim tarihinin bu gelgitli d\u00f6nemine Rosa\u2019n\u0131n penceresinden tan\u0131kl\u0131k ederken, okuyucuyu onun edebiyata, botani\u011fe, resme, m\u00fczi\u011fe derin ilgisi ve yetene\u011fiyle de tan\u0131\u015ft\u0131r\u0131yor. K\u0131sacas\u0131, \u201chayat piyanosunda b\u00fct\u00fcn parmaklar\u0131n\u0131 kullanmak\u201d isteyen bir devrimciyi anlat\u0131yor. <\/p>\n","protected":false},"excerpt":{"rendered":"<p>Bu kitap, hen\u00fcz lisedeyken yazd\u0131\u011f\u0131 bir \u015fiirde \u201cb\u00fct\u00fcn dertleri toklar\u0131n vicdan\u0131na y\u00fcklemek istiyorum\u201d diyen bir devrimcinin, doktor unvanl\u0131 bir iktisat\u00e7\u0131n\u0131n, bir botanik ve edebiyat d\u00fc\u015fk\u00fcn\u00fcn\u00fcn, bir<span class=\"excerpt-hellip\"> [\u2026]<\/span><\/p>\n","protected":false},"featured_media":0,"template":"","meta":{"_monsterinsights_skip_tracking":false,"_monsterinsights_sitenote_active":false,"_monsterinsights_sitenote_note":"","_monsterinsights_sitenote_category":0},"product_brand":[],"product_cat":[13946,12304],"product_tag":[],"class_list":{"0":"post-694479","1":"product","2":"type-product","3":"status-publish","5":"product_cat-biyografi-otobiyografi","6":"product_cat-tarih","7":"pa_cilt-ciltsiz","8":"pa_tur-kitap","9":"pa_yayinevi-yordam-kitap","10":"pa_yazar-annelies-laschitza","12":"first","13":"instock","14":"sale","15":"shipping-taxable","16":"purchasable","17":"product-type-simple"},"_links":{"self":[{"href":"https:\/\/roveyayinevi.com.tr\/index.php\/wp-json\/wp\/v2\/product\/694479","targetHints":{"allow":["GET"]}}],"collection":[{"href":"https:\/\/roveyayinevi.com.tr\/index.php\/wp-json\/wp\/v2\/product"}],"about":[{"href":"https:\/\/roveyayinevi.com.tr\/index.php\/wp-json\/wp\/v2\/types\/product"}],"wp:attachment":[{"href":"https:\/\/roveyayinevi.com.tr\/index.php\/wp-json\/wp\/v2\/media?parent=694479"}],"wp:term":[{"taxonomy":"product_brand","embeddable":true,"href":"https:\/\/roveyayinevi.com.tr\/index.php\/wp-json\/wp\/v2\/product_brand?post=694479"},{"taxonomy":"product_cat","embeddable":true,"href":"https:\/\/roveyayinevi.com.tr\/index.php\/wp-json\/wp\/v2\/product_cat?post=694479"},{"taxonomy":"product_tag","embeddable":true,"href":"https:\/\/roveyayinevi.com.tr\/index.php\/wp-json\/wp\/v2\/product_tag?post=694479"}],"curies":[{"name":"wp","href":"https:\/\/api.w.org\/{rel}","templated":true}]}}