{"id":694478,"date":"2025-08-27T14:21:22","date_gmt":"2025-08-27T11:21:22","guid":{"rendered":"https:\/\/roveyayinevi.com.tr\/index.php\/urun\/para-ve-finansin-ekonomi-politigi\/"},"modified":"2026-04-16T02:04:33","modified_gmt":"2026-04-15T23:04:33","slug":"para-ve-finansin-ekonomi-politigi","status":"publish","type":"product","link":"https:\/\/roveyayinevi.com.tr\/index.php\/urun\/para-ve-finansin-ekonomi-politigi\/","title":{"rendered":"Para ve Finans\u0131n Ekonomi Politi\u011fi"},"content":{"rendered":"<p>G\u00fcn\u00fcm\u00fcz kapitalizminde para ile finans alan\u0131nda d\u00fczeni ve uyumu sa\u011flamak neden bu kadar zor? Bu, g\u00fcn\u00fcm\u00fcz ana ak\u0131m iktisat\u00e7\u0131lar\u0131n\u0131 en \u00e7ok me\u015fgul eden sorulardan biri. Kapitalist ekonomilerin 1970\u2019lerin ba\u015f\u0131ndan itibaren uygulad\u0131klar\u0131 iktisat politikalar\u0131, parasal ve finansal istikrars\u0131zl\u0131\u011f\u0131 daha da derinle\u015ftirdi. \u00d6nde gelen iktisadi d\u00fc\u015f\u00fcnce okullar\u0131, bu karma\u015f\u0131k meseleyi farkl\u0131 \u015fekillerde \u00e7\u00f6zmeye \u00e7al\u0131\u015f\u0131yorlar. Neoklasik iktisat, kapitalizmi, tarihsel olmayan ve do\u011fal bir toplumsal d\u00fczen olarak g\u00f6rd\u00fc\u011f\u00fcnden parasal ve finansal istikrars\u0131zl\u0131\u011f\u0131 da, yetkililerin para ve finans alan\u0131ndaki hatal\u0131 politikalar\u0131na ba\u011fl\u0131yor: Hatalar ve yanl\u0131\u015f kan\u0131lar ortadan kald\u0131r\u0131lsayd\u0131, kapitalist ekonominin temelinde yatan do\u011fal ahenk kendini ortaya koyabilecekti! \ufffcTan\u0131t\u0131m Metni<\/p>\n","protected":false},"excerpt":{"rendered":"<p>G\u00fcn\u00fcm\u00fcz kapitalizminde para ile finans alan\u0131nda d\u00fczeni ve uyumu sa\u011flamak neden bu kadar zor? Bu, g\u00fcn\u00fcm\u00fcz ana ak\u0131m iktisat\u00e7\u0131lar\u0131n\u0131 en \u00e7ok me\u015fgul eden sorulardan biri. Kapitalist<span class=\"excerpt-hellip\"> [\u2026]<\/span><\/p>\n","protected":false},"featured_media":0,"template":"","meta":{"_monsterinsights_skip_tracking":false,"_monsterinsights_sitenote_active":false,"_monsterinsights_sitenote_note":"","_monsterinsights_sitenote_category":0},"product_brand":[],"product_cat":[13590,12337],"product_tag":[],"class_list":{"0":"post-694478","1":"product","2":"type-product","3":"status-publish","5":"product_cat-arastirma-inceleme-politika-siyaset","6":"product_cat-politika-siyaset","7":"pa_cilt-ciltsiz","8":"pa_tur-kitap","9":"pa_yayinevi-yordam-kitap","10":"pa_yazar-costas-lapavitsas","12":"first","13":"instock","14":"sale","15":"shipping-taxable","16":"purchasable","17":"product-type-simple"},"_links":{"self":[{"href":"https:\/\/roveyayinevi.com.tr\/index.php\/wp-json\/wp\/v2\/product\/694478","targetHints":{"allow":["GET"]}}],"collection":[{"href":"https:\/\/roveyayinevi.com.tr\/index.php\/wp-json\/wp\/v2\/product"}],"about":[{"href":"https:\/\/roveyayinevi.com.tr\/index.php\/wp-json\/wp\/v2\/types\/product"}],"wp:attachment":[{"href":"https:\/\/roveyayinevi.com.tr\/index.php\/wp-json\/wp\/v2\/media?parent=694478"}],"wp:term":[{"taxonomy":"product_brand","embeddable":true,"href":"https:\/\/roveyayinevi.com.tr\/index.php\/wp-json\/wp\/v2\/product_brand?post=694478"},{"taxonomy":"product_cat","embeddable":true,"href":"https:\/\/roveyayinevi.com.tr\/index.php\/wp-json\/wp\/v2\/product_cat?post=694478"},{"taxonomy":"product_tag","embeddable":true,"href":"https:\/\/roveyayinevi.com.tr\/index.php\/wp-json\/wp\/v2\/product_tag?post=694478"}],"curies":[{"name":"wp","href":"https:\/\/api.w.org\/{rel}","templated":true}]}}