{"id":694477,"date":"2025-08-27T14:21:22","date_gmt":"2025-08-27T11:21:22","guid":{"rendered":"https:\/\/roveyayinevi.com.tr\/index.php\/urun\/papaya-komplo\/"},"modified":"2026-04-16T02:04:33","modified_gmt":"2026-04-15T23:04:33","slug":"papaya-komplo","status":"publish","type":"product","link":"https:\/\/roveyayinevi.com.tr\/index.php\/urun\/papaya-komplo\/","title":{"rendered":"Papa\u2019ya Komplo"},"content":{"rendered":"<p>Abdi \u0130pek\u00e7i\u2019nin katli Mehmet A\u011fca\u2019n\u0131n 13 May\u0131s 1981 g\u00fcn\u00fc Roma\u2019n\u0131n Sen Piyer alan\u0131nda Papa II. Jean Paul\u2019e d\u00fczenledi\u011fi suikast\u0131n \u00fczerinden uzun y\u0131llar ge\u00e7ti. A\u011fca yakalanm\u0131\u015f olsa da olay gizemini korudu. Bir milyar Katoli\u011fin ruhani liderine, Vatikan\u2019\u0131n en yetkili ki\u015fisine neden suikast d\u00fczenlemi\u015fti? A\u011fca\u2019y\u0131 kimler y\u00f6nlendirmi\u015fti, ba\u015fka su\u00e7 ortaklar\u0131 var m\u0131yd\u0131, olaya hangi gizli servislerin parma\u011f\u0131 kar\u0131\u015fm\u0131\u015ft\u0131?.. \ufffcTan\u0131t\u0131m Metni<\/p>\n","protected":false},"excerpt":{"rendered":"<p>Abdi \u0130pek\u00e7i\u2019nin katli Mehmet A\u011fca\u2019n\u0131n 13 May\u0131s 1981 g\u00fcn\u00fc Roma\u2019n\u0131n Sen Piyer alan\u0131nda Papa II. Jean Paul\u2019e d\u00fczenledi\u011fi suikast\u0131n \u00fczerinden uzun y\u0131llar ge\u00e7ti. A\u011fca yakalanm\u0131\u015f olsa<span class=\"excerpt-hellip\"> [\u2026]<\/span><\/p>\n","protected":false},"featured_media":0,"template":"","meta":{"_monsterinsights_skip_tracking":false,"_monsterinsights_sitenote_active":false,"_monsterinsights_sitenote_note":"","_monsterinsights_sitenote_category":0},"product_brand":[],"product_cat":[12312,12304],"product_tag":[],"class_list":{"0":"post-694477","1":"product","2":"type-product","3":"status-publish","5":"product_cat-diger","6":"product_cat-tarih","7":"pa_cilt-ciltsiz","8":"pa_tur-kitap","9":"pa_yayinevi-yordam-kitap","10":"pa_yazar-valeska-von-roques","12":"first","13":"instock","14":"sale","15":"shipping-taxable","16":"purchasable","17":"product-type-simple"},"_links":{"self":[{"href":"https:\/\/roveyayinevi.com.tr\/index.php\/wp-json\/wp\/v2\/product\/694477","targetHints":{"allow":["GET"]}}],"collection":[{"href":"https:\/\/roveyayinevi.com.tr\/index.php\/wp-json\/wp\/v2\/product"}],"about":[{"href":"https:\/\/roveyayinevi.com.tr\/index.php\/wp-json\/wp\/v2\/types\/product"}],"wp:attachment":[{"href":"https:\/\/roveyayinevi.com.tr\/index.php\/wp-json\/wp\/v2\/media?parent=694477"}],"wp:term":[{"taxonomy":"product_brand","embeddable":true,"href":"https:\/\/roveyayinevi.com.tr\/index.php\/wp-json\/wp\/v2\/product_brand?post=694477"},{"taxonomy":"product_cat","embeddable":true,"href":"https:\/\/roveyayinevi.com.tr\/index.php\/wp-json\/wp\/v2\/product_cat?post=694477"},{"taxonomy":"product_tag","embeddable":true,"href":"https:\/\/roveyayinevi.com.tr\/index.php\/wp-json\/wp\/v2\/product_tag?post=694477"}],"curies":[{"name":"wp","href":"https:\/\/api.w.org\/{rel}","templated":true}]}}