{"id":694476,"date":"2025-08-27T14:21:22","date_gmt":"2025-08-27T11:21:22","guid":{"rendered":"https:\/\/roveyayinevi.com.tr\/index.php\/urun\/milletlerin-zenginliginin-olculmesi\/"},"modified":"2026-04-16T02:04:33","modified_gmt":"2026-04-15T23:04:33","slug":"milletlerin-zenginliginin-olculmesi","status":"publish","type":"product","link":"https:\/\/roveyayinevi.com.tr\/index.php\/urun\/milletlerin-zenginliginin-olculmesi\/","title":{"rendered":"Milletlerin Zenginli\u011finin \u00d6l\u00e7\u00fclmesi"},"content":{"rendered":"<p>Bu kitap, \u00fclkelerin \u00fcretimlerinin \u00f6l\u00e7\u00fcm\u00fc i\u00e7in farkl\u0131 bir temel sunmakta ve bunu II. D\u00fcnya Sava\u015f\u0131 sonras\u0131 d\u00f6nem i\u00e7in ABD ekonomisine uygulamaktad\u0131r. Elde edilen sonu\u00e7lar, konvansiyonel ulusal muhasebe yoluyla sa\u011flanm\u0131\u015f istatistiklerden, e\u011filimlerden k\u00f6kl\u00fc bir bi\u00e7imde farkl\u0131d\u0131r. Konvansiyonel ulusal muhasebe, asker\u00ee, b\u00fcrokratik ve finansal faaliyetleri yeni zenginlik yarat\u0131m\u0131 olarak tasnif etti\u011fi i\u00e7in temel ekonomik b\u00fcy\u00fckl\u00fckleri ciddi bir bi\u00e7imde \u00e7arp\u0131t\u0131r. Oysa, Shaikh ve Tonak\u2019a g\u00f6re, s\u00f6z konusu faaliyetler, ki\u015fisel t\u00fcketim gibi, icralar\u0131 s\u0131ras\u0131nda toplumsal zenginli\u011fi kulland\u0131klar\u0131 i\u00e7in toplumsal t\u00fcketim olarak s\u0131n\u0131fland\u0131r\u0131lmal\u0131d\u0131rlar. Bu iki yakla\u015f\u0131m aras\u0131ndaki fark, sadece temel ekonomik \u00f6l\u00e7\u00fcmleri de\u011fil, ayn\u0131 zamanda g\u00f6zlemlenen b\u00fcy\u00fcme ve durgunluk e\u011filimlerinin kavran\u0131\u015f\u0131n\u0131 da etkilemektedir. Bu durum da, g\u00fcn\u00fcm\u00fczde h\u0131zla artan asker\u00ee, b\u00fcrokratik ve ticari istihdam dikkate al\u0131nd\u0131\u011f\u0131nda, hem teori hem de siyaset i\u00e7in hayati \u00f6neme sahiptir. \ufffcTan\u0131t\u0131m Metni<\/p>\n","protected":false},"excerpt":{"rendered":"<p>Bu kitap, \u00fclkelerin \u00fcretimlerinin \u00f6l\u00e7\u00fcm\u00fc i\u00e7in farkl\u0131 bir temel sunmakta ve bunu II. D\u00fcnya Sava\u015f\u0131 sonras\u0131 d\u00f6nem i\u00e7in ABD ekonomisine uygulamaktad\u0131r. Elde edilen sonu\u00e7lar, konvansiyonel ulusal<span class=\"excerpt-hellip\"> [\u2026]<\/span><\/p>\n","protected":false},"featured_media":0,"template":"","meta":{"_monsterinsights_skip_tracking":false,"_monsterinsights_sitenote_active":false,"_monsterinsights_sitenote_note":"","_monsterinsights_sitenote_category":0},"product_brand":[],"product_cat":[13044,13043],"product_tag":[],"class_list":{"0":"post-694476","1":"product","2":"type-product","3":"status-publish","5":"product_cat-dunya-ekonomisi","6":"product_cat-ekonomi","7":"pa_cilt-ciltsiz","8":"pa_tur-kitap","9":"pa_yayinevi-yordam-kitap","10":"pa_yazar-anwar-shaikh","12":"first","13":"instock","14":"sale","15":"shipping-taxable","16":"purchasable","17":"product-type-simple"},"_links":{"self":[{"href":"https:\/\/roveyayinevi.com.tr\/index.php\/wp-json\/wp\/v2\/product\/694476","targetHints":{"allow":["GET"]}}],"collection":[{"href":"https:\/\/roveyayinevi.com.tr\/index.php\/wp-json\/wp\/v2\/product"}],"about":[{"href":"https:\/\/roveyayinevi.com.tr\/index.php\/wp-json\/wp\/v2\/types\/product"}],"wp:attachment":[{"href":"https:\/\/roveyayinevi.com.tr\/index.php\/wp-json\/wp\/v2\/media?parent=694476"}],"wp:term":[{"taxonomy":"product_brand","embeddable":true,"href":"https:\/\/roveyayinevi.com.tr\/index.php\/wp-json\/wp\/v2\/product_brand?post=694476"},{"taxonomy":"product_cat","embeddable":true,"href":"https:\/\/roveyayinevi.com.tr\/index.php\/wp-json\/wp\/v2\/product_cat?post=694476"},{"taxonomy":"product_tag","embeddable":true,"href":"https:\/\/roveyayinevi.com.tr\/index.php\/wp-json\/wp\/v2\/product_tag?post=694476"}],"curies":[{"name":"wp","href":"https:\/\/api.w.org\/{rel}","templated":true}]}}