{"id":694475,"date":"2025-08-27T14:21:22","date_gmt":"2025-08-27T11:21:22","guid":{"rendered":"https:\/\/roveyayinevi.com.tr\/index.php\/urun\/sira-disi-insanlar\/"},"modified":"2026-04-16T02:04:33","modified_gmt":"2026-04-15T23:04:33","slug":"sira-disi-insanlar","status":"publish","type":"product","link":"https:\/\/roveyayinevi.com.tr\/index.php\/urun\/sira-disi-insanlar\/","title":{"rendered":"S\u0131ra D\u0131\u015f\u0131 \u0130nsanlar"},"content":{"rendered":"<p>Bu kitapta derlenmi\u015f olan 26 makale, emek tarihine ili\u015fkin \u00f6nc\u00fc \u00e7al\u0131\u015fmalard\u0131r. Eric Hobsbawm, 1950-1980 aras\u0131nda emek ve toplumsal protestolar tarihiyle ilgili olarak yazd\u0131\u011f\u0131 bu makalelerle yeni ara\u015ft\u0131rma alanlar\u0131 a\u00e7m\u0131\u015f ve bunlar\u0131n, geni\u015f kapsaml\u0131 zekice \u00e7a\u011fr\u0131\u015f\u0131mlar\u0131 da i\u00e7eren, standartlar\u0131n\u0131 belirlemi\u015ftir. Bu derlemedeki makaleler, Britanya i\u015f\u00e7i s\u0131n\u0131f\u0131n\u0131n olu\u015fumunu; emek\u00e7i \u00e2detlerini ve geleneklerini; 19. y\u00fczy\u0131ldaki ayakkab\u0131c\u0131lar\u0131n siyasi radikalizmini; devrimci hareketlerdeki kad\u0131n ve erkek imgelerini; makine k\u0131r\u0131c\u0131lar\u0131n\u0131; devrim ve seksi; k\u00f6yl\u00fcler ve politikay\u0131; \u015fiddetin kurallar\u0131n\u0131 ve Tom Paine\u2019in sa\u011fduyusunu kaps\u0131yor. Hobsbawm, daha yak\u0131n zamana ait yaz\u0131lar\u0131nda 1 May\u0131s bayramlar\u0131n\u0131; Vietnam Sava\u015f\u0131\u2019n\u0131; sosyalizm ile avangard sanat\u0131 ili\u015fkisini; Mario Puzo, mafya ve Sicilyal\u0131 haydut Salvatore Giuliano\u2019yu ve Kristof Kolomb\u2019un k\u00fclt\u00fcrel sonu\u00e7lar\u0131n\u0131 inceliyor. Caz\u0131n y\u00fckseli\u015fi ve d\u00fc\u015f\u00fc\u015f\u00fcyle ilgili d\u00fc\u015f\u00fcncelerini a\u00e7\u0131klarken, caz\u0131n efsanevi liderlerini de -Count Basie, Sidney Bechet ve Duke Ellington- \u00f6vg\u00fcyle an\u0131yor. Bu makaleler boyunca hepsi s\u0131ra d\u0131\u015f\u0131 olan s\u0131radan kad\u0131n ve erkeklerin ya\u015famlar\u0131 tutkulu bir ilgiyle ele al\u0131n\u0131yor. <\/p>\n","protected":false},"excerpt":{"rendered":"<p>Bu kitapta derlenmi\u015f olan 26 makale, emek tarihine ili\u015fkin \u00f6nc\u00fc \u00e7al\u0131\u015fmalard\u0131r. Eric Hobsbawm, 1950-1980 aras\u0131nda emek ve toplumsal protestolar tarihiyle ilgili olarak yazd\u0131\u011f\u0131 bu makalelerle yeni<span class=\"excerpt-hellip\"> [\u2026]<\/span><\/p>\n","protected":false},"featured_media":0,"template":"","meta":{"_monsterinsights_skip_tracking":false,"_monsterinsights_sitenote_active":false,"_monsterinsights_sitenote_note":"","_monsterinsights_sitenote_category":0},"product_brand":[],"product_cat":[13590,12337],"product_tag":[],"class_list":{"0":"post-694475","1":"product","2":"type-product","3":"status-publish","5":"product_cat-arastirma-inceleme-politika-siyaset","6":"product_cat-politika-siyaset","7":"pa_cilt-ciltsiz","8":"pa_tur-kitap","9":"pa_yayinevi-yordam-kitap","10":"pa_yazar-eric-j-hobsbawm","12":"first","13":"instock","14":"sale","15":"shipping-taxable","16":"purchasable","17":"product-type-simple"},"_links":{"self":[{"href":"https:\/\/roveyayinevi.com.tr\/index.php\/wp-json\/wp\/v2\/product\/694475","targetHints":{"allow":["GET"]}}],"collection":[{"href":"https:\/\/roveyayinevi.com.tr\/index.php\/wp-json\/wp\/v2\/product"}],"about":[{"href":"https:\/\/roveyayinevi.com.tr\/index.php\/wp-json\/wp\/v2\/types\/product"}],"wp:attachment":[{"href":"https:\/\/roveyayinevi.com.tr\/index.php\/wp-json\/wp\/v2\/media?parent=694475"}],"wp:term":[{"taxonomy":"product_brand","embeddable":true,"href":"https:\/\/roveyayinevi.com.tr\/index.php\/wp-json\/wp\/v2\/product_brand?post=694475"},{"taxonomy":"product_cat","embeddable":true,"href":"https:\/\/roveyayinevi.com.tr\/index.php\/wp-json\/wp\/v2\/product_cat?post=694475"},{"taxonomy":"product_tag","embeddable":true,"href":"https:\/\/roveyayinevi.com.tr\/index.php\/wp-json\/wp\/v2\/product_tag?post=694475"}],"curies":[{"name":"wp","href":"https:\/\/api.w.org\/{rel}","templated":true}]}}