{"id":694474,"date":"2025-08-27T14:21:22","date_gmt":"2025-08-27T11:21:22","guid":{"rendered":"https:\/\/roveyayinevi.com.tr\/index.php\/urun\/siniftan-kacis\/"},"modified":"2026-04-16T02:04:33","modified_gmt":"2026-04-15T23:04:33","slug":"siniftan-kacis","status":"publish","type":"product","link":"https:\/\/roveyayinevi.com.tr\/index.php\/urun\/siniftan-kacis\/","title":{"rendered":"S\u0131n\u0131ftan Ka\u00e7\u0131\u015f"},"content":{"rendered":"<p>Ellen Meiksins Wood, Isaac Deutscher \u00d6d\u00fcl\u00fc&#8217;n\u00fc kazanan bu klasik \u00e7al\u0131\u015fmas\u0131nda postmarksizmin etkili e\u011filimlerinin Marksist bir ele\u015ftirisini yap\u0131yor.Postmarksistlerin, politikay\u0131 s\u0131n\u0131f karakterinden soyma giri\u015fimlerine meydan okuyan Wood, s\u0131n\u0131f, ideoloji ve politika aras\u0131ndaki karma\u015f\u0131k ili\u015fkilerden kendi \u00f6zenli kavramsal \u00e7er\u00e7evesini kuruyor. Sosyalizm ile demokrasi aras\u0131ndaki ba\u011flant\u0131lar\u0131n ke\u015ffine \u00e7\u0131karken liberal demokrasi ve sosyalist demokrasi aras\u0131ndaki ili\u015fkileri yeniden yorumluyor.Ellen Meiksins Wood, kitaba yazd\u0131\u011f\u0131 yeni \u00f6ns\u00f6zde, tezlerini Sovyet sonras\u0131 d\u00fcnya a\u00e7\u0131s\u0131ndan de\u011ferlendiriyor. Postmarksizm ile son zamanlar\u0131n akademik e\u011filimi olan postmodernizm aras\u0131ndaki ba\u011flant\u0131lar\u0131n izini s\u00fcren Wood, kapitalizmin bu sinik savunucular\u0131n\u0131n kar\u015f\u0131s\u0131na s\u0131n\u0131f siyasetinin yeniden ve \u0131srarla \u00e7\u0131kar\u0131lmas\u0131 gerekti\u011fini vurguluyor. <\/p>\n","protected":false},"excerpt":{"rendered":"<p>Ellen Meiksins Wood, Isaac Deutscher \u00d6d\u00fcl\u00fc&#8217;n\u00fc kazanan bu klasik \u00e7al\u0131\u015fmas\u0131nda postmarksizmin etkili e\u011filimlerinin Marksist bir ele\u015ftirisini yap\u0131yor.Postmarksistlerin, politikay\u0131 s\u0131n\u0131f karakterinden soyma giri\u015fimlerine meydan okuyan Wood, s\u0131n\u0131f,<span class=\"excerpt-hellip\"> [\u2026]<\/span><\/p>\n","protected":false},"featured_media":0,"template":"","meta":{"_monsterinsights_skip_tracking":false,"_monsterinsights_sitenote_active":false,"_monsterinsights_sitenote_note":"","_monsterinsights_sitenote_category":0},"product_brand":[],"product_cat":[12388,15309],"product_tag":[],"class_list":{"0":"post-694474","1":"product","2":"type-product","3":"status-publish","5":"product_cat-felsefe","6":"product_cat-felsefi-akimlar","7":"pa_cilt-ciltsiz","8":"pa_tur-kitap","9":"pa_yayinevi-yordam-kitap","10":"pa_yazar-ellen-meiksins-wood","12":"first","13":"instock","14":"sale","15":"shipping-taxable","16":"purchasable","17":"product-type-simple"},"_links":{"self":[{"href":"https:\/\/roveyayinevi.com.tr\/index.php\/wp-json\/wp\/v2\/product\/694474","targetHints":{"allow":["GET"]}}],"collection":[{"href":"https:\/\/roveyayinevi.com.tr\/index.php\/wp-json\/wp\/v2\/product"}],"about":[{"href":"https:\/\/roveyayinevi.com.tr\/index.php\/wp-json\/wp\/v2\/types\/product"}],"wp:attachment":[{"href":"https:\/\/roveyayinevi.com.tr\/index.php\/wp-json\/wp\/v2\/media?parent=694474"}],"wp:term":[{"taxonomy":"product_brand","embeddable":true,"href":"https:\/\/roveyayinevi.com.tr\/index.php\/wp-json\/wp\/v2\/product_brand?post=694474"},{"taxonomy":"product_cat","embeddable":true,"href":"https:\/\/roveyayinevi.com.tr\/index.php\/wp-json\/wp\/v2\/product_cat?post=694474"},{"taxonomy":"product_tag","embeddable":true,"href":"https:\/\/roveyayinevi.com.tr\/index.php\/wp-json\/wp\/v2\/product_tag?post=694474"}],"curies":[{"name":"wp","href":"https:\/\/api.w.org\/{rel}","templated":true}]}}