{"id":694471,"date":"2025-08-27T14:21:21","date_gmt":"2025-08-27T11:21:21","guid":{"rendered":"https:\/\/roveyayinevi.com.tr\/index.php\/urun\/ozgurluk-yanilsamasi\/"},"modified":"2026-04-16T02:04:33","modified_gmt":"2026-04-15T23:04:33","slug":"ozgurluk-yanilsamasi","status":"publish","type":"product","link":"https:\/\/roveyayinevi.com.tr\/index.php\/urun\/ozgurluk-yanilsamasi\/","title":{"rendered":"\u00d6zg\u00fcrl\u00fck Yan\u0131lsamas\u0131"},"content":{"rendered":"<p>Kapitalizm, bireysel \u00f6zg\u00fcrl\u00fc\u011f\u00fcn son dura\u011f\u0131 m\u0131? Liberal kuramc\u0131lar diyor ki: Serbest piyasa ekonomisi, belki e\u015fitlik, karde\u015flik ve adalet sa\u011flayam\u0131yor ama hi\u00e7 olmazsa \u00f6zg\u00fcrl\u00fc\u011f\u00fc garanti alt\u0131na al\u0131yor. \u00d6zg\u00fcrl\u00fc\u011f\u00fcn, t\u00fcketicilerin marka se\u00e7me \u00f6zg\u00fcrl\u00fc\u011f\u00fcne ya da soyut vatanda\u015flar\u0131n e\u015fit yasal haklar\u0131na indirgenemeyece\u011fini d\u00fc\u015f\u00fcn\u00fcyorsak, liberalizmin ilk ele\u015ftirmenlerinden Rousseau ve Marx\u2019\u0131n alternatif \u00f6zg\u00fcrl\u00fck anlay\u0131\u015flar\u0131ndan h\u00e2l\u00e2 \u00f6\u011frenece\u011fimiz \u00e7ok \u015fey var. \ufffcTan\u0131t\u0131m Metni<\/p>\n","protected":false},"excerpt":{"rendered":"<p>Kapitalizm, bireysel \u00f6zg\u00fcrl\u00fc\u011f\u00fcn son dura\u011f\u0131 m\u0131? Liberal kuramc\u0131lar diyor ki: Serbest piyasa ekonomisi, belki e\u015fitlik, karde\u015flik ve adalet sa\u011flayam\u0131yor ama hi\u00e7 olmazsa \u00f6zg\u00fcrl\u00fc\u011f\u00fc garanti alt\u0131na al\u0131yor.<span class=\"excerpt-hellip\"> [\u2026]<\/span><\/p>\n","protected":false},"featured_media":0,"template":"","meta":{"_monsterinsights_skip_tracking":false,"_monsterinsights_sitenote_active":false,"_monsterinsights_sitenote_note":"","_monsterinsights_sitenote_category":0},"product_brand":[],"product_cat":[12364],"product_tag":[],"class_list":{"0":"post-694471","1":"product","2":"type-product","3":"status-publish","5":"product_cat-genel-konular","6":"pa_cilt-ciltsiz","7":"pa_tur-kitap","8":"pa_yayinevi-yordam-kitap","9":"pa_yazar-yildiz-silier","11":"first","12":"instock","13":"sale","14":"shipping-taxable","15":"purchasable","16":"product-type-simple"},"_links":{"self":[{"href":"https:\/\/roveyayinevi.com.tr\/index.php\/wp-json\/wp\/v2\/product\/694471","targetHints":{"allow":["GET"]}}],"collection":[{"href":"https:\/\/roveyayinevi.com.tr\/index.php\/wp-json\/wp\/v2\/product"}],"about":[{"href":"https:\/\/roveyayinevi.com.tr\/index.php\/wp-json\/wp\/v2\/types\/product"}],"wp:attachment":[{"href":"https:\/\/roveyayinevi.com.tr\/index.php\/wp-json\/wp\/v2\/media?parent=694471"}],"wp:term":[{"taxonomy":"product_brand","embeddable":true,"href":"https:\/\/roveyayinevi.com.tr\/index.php\/wp-json\/wp\/v2\/product_brand?post=694471"},{"taxonomy":"product_cat","embeddable":true,"href":"https:\/\/roveyayinevi.com.tr\/index.php\/wp-json\/wp\/v2\/product_cat?post=694471"},{"taxonomy":"product_tag","embeddable":true,"href":"https:\/\/roveyayinevi.com.tr\/index.php\/wp-json\/wp\/v2\/product_tag?post=694471"}],"curies":[{"name":"wp","href":"https:\/\/api.w.org\/{rel}","templated":true}]}}