{"id":694468,"date":"2025-08-27T14:21:20","date_gmt":"2025-08-27T11:21:20","guid":{"rendered":"https:\/\/roveyayinevi.com.tr\/index.php\/urun\/halklarin-dunya-tarihi-ciltli\/"},"modified":"2026-04-16T02:04:33","modified_gmt":"2026-04-15T23:04:33","slug":"halklarin-dunya-tarihi-ciltli","status":"publish","type":"product","link":"https:\/\/roveyayinevi.com.tr\/index.php\/urun\/halklarin-dunya-tarihi-ciltli\/","title":{"rendered":"Halklar\u0131n D\u00fcnya Tarihi (Ciltli)"},"content":{"rendered":"<p>Chris Harman, insanl\u0131\u011f\u0131n, Ta\u015f \u00c7a\u011f\u0131\u2019ndan B\u00fcy\u00fck Roma \u0130mparatorlu\u011fu\u2019na, Orta \u00c7a\u011f\u2019dan Ayd\u0131nlanma\u2019ya, Sanayi Devrimi\u2019nden 21. y\u00fczy\u0131la uzanan b\u00fcy\u00fck y\u00fcr\u00fcy\u00fc\u015f\u00fcn\u00fc halklar a\u00e7\u0131s\u0131ndan, a\u015fa\u011f\u0131dan bir tarih \u00e7al\u0131\u015fmas\u0131yla anlat\u0131yor. Yo\u011fun ve ak\u0131c\u0131 bu kitap, insanl\u0131k tarihinin belli ba\u015fl\u0131 a\u015famalar\u0131n\u0131, toplum bi\u00e7imlerini, siyasal yap\u0131lanmalar\u0131, sava\u015flar\u0131 ve s\u0131n\u0131f \u00e7at\u0131\u015fmalar\u0131n\u0131 parlak bir \u015fekilde \u00f6zetliyor. Tarihin izledi\u011fi yolu, s\u0131radan insanlar\u0131n ortak insani hedefler pe\u015finde ko\u015farken karma\u015f\u0131k toplumlar kurmas\u0131n\u0131n ve yeniden kurmas\u0131n\u0131n hikayesi olarak ele al\u0131yor. Chris Harman, hayranl\u0131k uyand\u0131r\u0131c\u0131 eserinde, g\u00fcn\u00fcm\u00fcz kapitalizminin kay\u0131ts\u0131zl\u0131\u011f\u0131n\u0131 da g\u00f6zler \u00f6n\u00fcne seriyor ve daha \u00f6nce hi\u00e7 olmad\u0131\u011f\u0131 kadar ac\u0131lar ve e\u015fitsizliklerle b\u00f6l\u00fcnm\u00fc\u015f g\u00fcn\u00fcm\u00fcz d\u00fcnyas\u0131nda kapitalizmin neden daha uzun s\u00fcre ayakta kalmamas\u0131 gerekti\u011finin kan\u0131tlar\u0131n\u0131 sunuyor. \u0130ddial\u0131, k\u0131\u015fk\u0131rt\u0131c\u0131 ve \u00e7arp\u0131c\u0131 bir kitap olan Halklar\u0131n D\u00fcnya Tarihi, geleneksel tarih anlay\u0131\u015f\u0131n\u0131n yanl\u0131\u015flar\u0131n\u0131 d\u00fczeltirken, iktidarlar\u0131n olu\u015fturdu\u011fu k\u00f6p\u00fckleri a\u015fan dip ak\u0131nt\u0131ya, derin insanl\u0131k dalgalar\u0131na dair g\u00fc\u00e7l\u00fc bir fikir veriyor. Bu yetkin \u00e7al\u0131\u015fma, toplumdaki de\u011fi\u015fimle, geli\u015fimle ve k\u00f6kten de\u011fi\u015fim olas\u0131l\u0131klar\u0131yla ilgilenen herkesin mutlaka okumas\u0131 gereken bir eser. Pek \u00e7ok insan bana, ABD Halklar\u0131n\u0131n Tarihi kitab\u0131ma benzer bir d\u00fcnya tarihi bulunup bulunmad\u0131\u011f\u0131n\u0131 soruyor. Onlara her zaman, bu zor i\u015fi ba\u015farm\u0131\u015f olan tek bir kitap oldu\u011fu cevab\u0131n\u0131 veriyorum: Bu, Chris Harman\u2019\u0131n Halklar\u0131n D\u00fcnya Tarihi kitab\u0131d\u0131r. Howard Zinn\ufffc<\/p>\n","protected":false},"excerpt":{"rendered":"<p>Chris Harman, insanl\u0131\u011f\u0131n, Ta\u015f \u00c7a\u011f\u0131\u2019ndan B\u00fcy\u00fck Roma \u0130mparatorlu\u011fu\u2019na, Orta \u00c7a\u011f\u2019dan Ayd\u0131nlanma\u2019ya, Sanayi Devrimi\u2019nden 21. y\u00fczy\u0131la uzanan b\u00fcy\u00fck y\u00fcr\u00fcy\u00fc\u015f\u00fcn\u00fc halklar a\u00e7\u0131s\u0131ndan, a\u015fa\u011f\u0131dan bir tarih \u00e7al\u0131\u015fmas\u0131yla anlat\u0131yor. Yo\u011fun<span class=\"excerpt-hellip\"> [\u2026]<\/span><\/p>\n","protected":false},"featured_media":0,"template":"","meta":{"_monsterinsights_skip_tracking":false,"_monsterinsights_sitenote_active":false,"_monsterinsights_sitenote_note":"","_monsterinsights_sitenote_category":0},"product_brand":[],"product_cat":[12274,14573],"product_tag":[],"class_list":{"0":"post-694468","1":"product","2":"type-product","3":"status-publish","5":"product_cat-cocuk-ve-genclik-kitaplari","6":"product_cat-referans-kitaplar-cocuk-ve-genclik-kitaplari","7":"pa_cilt-ciltli","8":"pa_tur-kitap","9":"pa_yayinevi-yordam-kitap","10":"pa_yazar-chris-harman","12":"first","13":"instock","14":"sale","15":"shipping-taxable","16":"purchasable","17":"product-type-simple"},"_links":{"self":[{"href":"https:\/\/roveyayinevi.com.tr\/index.php\/wp-json\/wp\/v2\/product\/694468","targetHints":{"allow":["GET"]}}],"collection":[{"href":"https:\/\/roveyayinevi.com.tr\/index.php\/wp-json\/wp\/v2\/product"}],"about":[{"href":"https:\/\/roveyayinevi.com.tr\/index.php\/wp-json\/wp\/v2\/types\/product"}],"wp:attachment":[{"href":"https:\/\/roveyayinevi.com.tr\/index.php\/wp-json\/wp\/v2\/media?parent=694468"}],"wp:term":[{"taxonomy":"product_brand","embeddable":true,"href":"https:\/\/roveyayinevi.com.tr\/index.php\/wp-json\/wp\/v2\/product_brand?post=694468"},{"taxonomy":"product_cat","embeddable":true,"href":"https:\/\/roveyayinevi.com.tr\/index.php\/wp-json\/wp\/v2\/product_cat?post=694468"},{"taxonomy":"product_tag","embeddable":true,"href":"https:\/\/roveyayinevi.com.tr\/index.php\/wp-json\/wp\/v2\/product_tag?post=694468"}],"curies":[{"name":"wp","href":"https:\/\/api.w.org\/{rel}","templated":true}]}}