{"id":694464,"date":"2025-08-27T14:21:19","date_gmt":"2025-08-27T11:21:19","guid":{"rendered":"https:\/\/roveyayinevi.com.tr\/index.php\/urun\/che\/"},"modified":"2026-04-16T02:04:33","modified_gmt":"2026-04-15T23:04:33","slug":"che","status":"publish","type":"product","link":"https:\/\/roveyayinevi.com.tr\/index.php\/urun\/che\/","title":{"rendered":"Che"},"content":{"rendered":"<p>Ona ihanet edenler kendi kafa kar\u0131\u015f\u0131kl\u0131klar\u0131n\u0131 g\u00f6steren bir devrimi desteklemek i\u00e7in onu tanr\u0131la\u015ft\u0131rd\u0131lar. Onu idam eden, de\u011fersiz g\u00f6renler, resimlerini posterlerin ve ti\u015f\u00f6rtlerin \u00fczerine bas\u0131yorlar. Bize d\u00fc\u015fen g\u00f6rev, Che&#8217;yi ne idealize etmek ne de k\u00f6t\u00fc biri gibi g\u00f6stermek; onu kendi tarihsel ba\u011flam\u0131na yerle\u015ftirmektir.Enrique Breccia ErnestoChe Guevara&#8217;n\u0131n, \u00f6l\u00fcm\u00fcnden hemen bir y\u0131l sonra yay\u0131nlanan bu \u00e7izgi roman biyografi, yaln\u0131zca onun ya\u015fam\u0131 de\u011fil, ayn\u0131 zamanda, olanaks\u0131z olan\u0131n bir kere ger\u00e7ekle\u015ftirilebilir g\u00f6r\u00fcnd\u00fc\u011f\u00fcn\u00fc b\u00fcy\u00fck siyasal ve toplumsal \u00fctopyalar \u00e7a\u011f\u0131na da anlat\u0131yor. <\/p>\n","protected":false},"excerpt":{"rendered":"<p>Ona ihanet edenler kendi kafa kar\u0131\u015f\u0131kl\u0131klar\u0131n\u0131 g\u00f6steren bir devrimi desteklemek i\u00e7in onu tanr\u0131la\u015ft\u0131rd\u0131lar. Onu idam eden, de\u011fersiz g\u00f6renler, resimlerini posterlerin ve ti\u015f\u00f6rtlerin \u00fczerine bas\u0131yorlar. Bize d\u00fc\u015fen<span class=\"excerpt-hellip\"> [\u2026]<\/span><\/p>\n","protected":false},"featured_media":0,"template":"","meta":{"_monsterinsights_skip_tracking":false,"_monsterinsights_sitenote_active":false,"_monsterinsights_sitenote_note":"","_monsterinsights_sitenote_category":0},"product_brand":[],"product_cat":[12416,12291],"product_tag":[],"class_list":{"0":"post-694464","1":"product","2":"type-product","3":"status-publish","5":"product_cat-cizgi-roman","6":"product_cat-edebiyat","7":"pa_cilt-ciltsiz","8":"pa_tur-kitap","9":"pa_yayinevi-bilgesu-yayincilik","10":"pa_yazar-hector-desterheld","12":"first","13":"instock","14":"sale","15":"shipping-taxable","16":"purchasable","17":"product-type-simple"},"_links":{"self":[{"href":"https:\/\/roveyayinevi.com.tr\/index.php\/wp-json\/wp\/v2\/product\/694464","targetHints":{"allow":["GET"]}}],"collection":[{"href":"https:\/\/roveyayinevi.com.tr\/index.php\/wp-json\/wp\/v2\/product"}],"about":[{"href":"https:\/\/roveyayinevi.com.tr\/index.php\/wp-json\/wp\/v2\/types\/product"}],"wp:attachment":[{"href":"https:\/\/roveyayinevi.com.tr\/index.php\/wp-json\/wp\/v2\/media?parent=694464"}],"wp:term":[{"taxonomy":"product_brand","embeddable":true,"href":"https:\/\/roveyayinevi.com.tr\/index.php\/wp-json\/wp\/v2\/product_brand?post=694464"},{"taxonomy":"product_cat","embeddable":true,"href":"https:\/\/roveyayinevi.com.tr\/index.php\/wp-json\/wp\/v2\/product_cat?post=694464"},{"taxonomy":"product_tag","embeddable":true,"href":"https:\/\/roveyayinevi.com.tr\/index.php\/wp-json\/wp\/v2\/product_tag?post=694464"}],"curies":[{"name":"wp","href":"https:\/\/api.w.org\/{rel}","templated":true}]}}