{"id":694463,"date":"2025-08-27T14:21:19","date_gmt":"2025-08-27T11:21:19","guid":{"rendered":"https:\/\/roveyayinevi.com.tr\/index.php\/urun\/toplu-siirler\/"},"modified":"2026-04-16T02:04:33","modified_gmt":"2026-04-15T23:04:33","slug":"toplu-siirler","status":"publish","type":"product","link":"https:\/\/roveyayinevi.com.tr\/index.php\/urun\/toplu-siirler\/","title":{"rendered":"Toplu \u015eiirler"},"content":{"rendered":"<p>yazmay\u0131 b\u0131rakt\u0131m. Ve yeniden \u015fiir yazmak zorunda oldu\u011fumu duyumsay\u0131ncaya kadar, yazacaklar\u0131m\u0131n, son yazd\u0131klar\u0131mdan bu yana edinilen deneyimleri kapsayacak \u00f6l\u00e7\u00fcde yeni \u015fiirler olaca\u011f\u0131na inan\u0131ncaya kadar \u015fiir kaleme almayaca\u011f\u0131m.&#8221;- Ingeborg Bachmann, 1963\u015eiirin &#8220;ancak \u015fiir yazmadan ya\u015fanamayacaksa&#8221; yaz\u0131lmas\u0131 gerekti\u011fine inanan Ingeborg Bachmann&#8217;\u0131n dizeleri, yar\u0131m y\u00fczy\u0131l \u00f6nceki canl\u0131l\u0131\u011f\u0131n\u0131 bug\u00fcn de koruyor. Tutku, ac\u0131, umut ta\u015fan bu dizeler kimi zaman co\u015fku veriyor, \u00e7o\u011fu zaman y\u00fcrek burkuyor. Bachmann&#8217;\u0131n g\u00fcn \u0131\u015f\u0131\u011f\u0131na \u00e7\u0131km\u0131\u015f \u015fiirlerinden T\u00fcrk\u00e7eye kazand\u0131r\u0131lan en kapsaml\u0131 derleme olan bu kitap, edebiyat\u0131n hemen her alan\u0131nda yap\u0131t vermi\u015f g\u00fc\u00e7l\u00fc bir kalemi tan\u0131mak (ya da an\u0131msamak) i\u00e7in at\u0131lacak ilk ad\u0131m. <\/p>\n","protected":false},"excerpt":{"rendered":"<p>yazmay\u0131 b\u0131rakt\u0131m. Ve yeniden \u015fiir yazmak zorunda oldu\u011fumu duyumsay\u0131ncaya kadar, yazacaklar\u0131m\u0131n, son yazd\u0131klar\u0131mdan bu yana edinilen deneyimleri kapsayacak \u00f6l\u00e7\u00fcde yeni \u015fiirler olaca\u011f\u0131na inan\u0131ncaya kadar \u015fiir kaleme<span class=\"excerpt-hellip\"> [\u2026]<\/span><\/p>\n","protected":false},"featured_media":0,"template":"","meta":{"_monsterinsights_skip_tracking":false,"_monsterinsights_sitenote_active":false,"_monsterinsights_sitenote_note":"","_monsterinsights_sitenote_category":0},"product_brand":[],"product_cat":[12291,12509],"product_tag":[],"class_list":{"0":"post-694463","1":"product","2":"type-product","3":"status-publish","5":"product_cat-edebiyat","6":"product_cat-siir","7":"pa_cilt-ciltsiz","8":"pa_tur-kitap","9":"pa_yayinevi-yapi-kredi-yayinlari","10":"pa_yazar-ingeborg-bachmann","12":"first","13":"instock","14":"sale","15":"shipping-taxable","16":"purchasable","17":"product-type-simple"},"_links":{"self":[{"href":"https:\/\/roveyayinevi.com.tr\/index.php\/wp-json\/wp\/v2\/product\/694463","targetHints":{"allow":["GET"]}}],"collection":[{"href":"https:\/\/roveyayinevi.com.tr\/index.php\/wp-json\/wp\/v2\/product"}],"about":[{"href":"https:\/\/roveyayinevi.com.tr\/index.php\/wp-json\/wp\/v2\/types\/product"}],"wp:attachment":[{"href":"https:\/\/roveyayinevi.com.tr\/index.php\/wp-json\/wp\/v2\/media?parent=694463"}],"wp:term":[{"taxonomy":"product_brand","embeddable":true,"href":"https:\/\/roveyayinevi.com.tr\/index.php\/wp-json\/wp\/v2\/product_brand?post=694463"},{"taxonomy":"product_cat","embeddable":true,"href":"https:\/\/roveyayinevi.com.tr\/index.php\/wp-json\/wp\/v2\/product_cat?post=694463"},{"taxonomy":"product_tag","embeddable":true,"href":"https:\/\/roveyayinevi.com.tr\/index.php\/wp-json\/wp\/v2\/product_tag?post=694463"}],"curies":[{"name":"wp","href":"https:\/\/api.w.org\/{rel}","templated":true}]}}