{"id":694458,"date":"2025-08-27T14:21:17","date_gmt":"2025-08-27T11:21:17","guid":{"rendered":"https:\/\/roveyayinevi.com.tr\/index.php\/urun\/pariste-munzevi-ozyasamoykusel-notlar\/"},"modified":"2026-04-16T02:04:33","modified_gmt":"2026-04-15T23:04:33","slug":"pariste-munzevi-ozyasamoykusel-notlar","status":"publish","type":"product","link":"https:\/\/roveyayinevi.com.tr\/index.php\/urun\/pariste-munzevi-ozyasamoykusel-notlar\/","title":{"rendered":"Paris\u2019te M\u00fcnzevi \u00d6zya\u015fam\u00f6yk\u00fcsel Notlar"},"content":{"rendered":"<p>Otel odalar\u0131nda \u00e7ok iyi yaz\u0131 yazabilirim, otel odas\u0131 denen o soyut, ads\u0131z mek\u00e2nda, kendimi beyaz k\u00e2\u011f\u0131d\u0131n kar\u015f\u0131s\u0131nda bulurum, ka\u00e7acak yerim yoktur. Ya da bu belki ben daha gen\u00e7ken ge\u00e7erli olan bir ideal ko\u015fuldu, d\u00fcnya orac\u0131kta dururdu, kap\u0131n\u0131n hemen ard\u0131nda, g\u00f6stergelerle t\u0131kl\u0131m t\u0131kl\u0131m dolu, bana her yerde e\u015flik ederdi, \u00f6ylesine yo\u011fun bir varl\u0131\u011f\u0131 vard\u0131 ki, hakk\u0131nda yazabilmek i\u00e7in bir ad\u0131m uzakla\u015fmam yeterdi.\u201d\u201cAma belki de bende yerlerle ki\u015fisel ili\u015fkiler kurma yetene\u011fi yok, hep biraz havada kal\u0131yorum, yaln\u0131z bir aya\u011f\u0131m kentte. Yaz\u0131 masam biraz da bir adaya benziyor: Burada oldu\u011fu gibi ba\u015fka bir \u00fclkede de olabilirdi. \u00d6te yandan kentlerin hepsi bir tek kente, bir zamanlar her birini niteleyen farkl\u0131l\u0131klar\u0131n yitirildi\u011fi, kesintisiz bir kente d\u00f6n\u00fc\u015fmekteler.\u201dModern edebiyat\u0131n b\u00fcy\u00fck ustas\u0131 Italo Calvino\u2019dan ya\u015fam\u0131n\u0131n en \u00f6nemli yanlar\u0131 olan siyasal, yaz\u0131nsal, varolu\u015fsal se\u00e7imlerini nas\u0131l belirledi\u011fine \u0131\u015f\u0131k tutan metinler: Paris\u2019te M\u00fcnzevi&#8230; <\/p>\n","protected":false},"excerpt":{"rendered":"<p>Otel odalar\u0131nda \u00e7ok iyi yaz\u0131 yazabilirim, otel odas\u0131 denen o soyut, ads\u0131z mek\u00e2nda, kendimi beyaz k\u00e2\u011f\u0131d\u0131n kar\u015f\u0131s\u0131nda bulurum, ka\u00e7acak yerim yoktur. Ya da bu belki ben<span class=\"excerpt-hellip\"> [\u2026]<\/span><\/p>\n","protected":false},"featured_media":0,"template":"","meta":{"_monsterinsights_skip_tracking":false,"_monsterinsights_sitenote_active":false,"_monsterinsights_sitenote_note":"","_monsterinsights_sitenote_category":0},"product_brand":[],"product_cat":[12291,14218],"product_tag":[],"class_list":{"0":"post-694458","1":"product","2":"type-product","3":"status-publish","5":"product_cat-edebiyat","6":"product_cat-italyan-edebiyati","7":"pa_cilt-ciltsiz","8":"pa_tur-kitap","9":"pa_yayinevi-yapi-kredi-yayinlari","10":"pa_yazar-italo-calvino","12":"first","13":"instock","14":"sale","15":"shipping-taxable","16":"purchasable","17":"product-type-simple"},"_links":{"self":[{"href":"https:\/\/roveyayinevi.com.tr\/index.php\/wp-json\/wp\/v2\/product\/694458","targetHints":{"allow":["GET"]}}],"collection":[{"href":"https:\/\/roveyayinevi.com.tr\/index.php\/wp-json\/wp\/v2\/product"}],"about":[{"href":"https:\/\/roveyayinevi.com.tr\/index.php\/wp-json\/wp\/v2\/types\/product"}],"wp:attachment":[{"href":"https:\/\/roveyayinevi.com.tr\/index.php\/wp-json\/wp\/v2\/media?parent=694458"}],"wp:term":[{"taxonomy":"product_brand","embeddable":true,"href":"https:\/\/roveyayinevi.com.tr\/index.php\/wp-json\/wp\/v2\/product_brand?post=694458"},{"taxonomy":"product_cat","embeddable":true,"href":"https:\/\/roveyayinevi.com.tr\/index.php\/wp-json\/wp\/v2\/product_cat?post=694458"},{"taxonomy":"product_tag","embeddable":true,"href":"https:\/\/roveyayinevi.com.tr\/index.php\/wp-json\/wp\/v2\/product_tag?post=694458"}],"curies":[{"name":"wp","href":"https:\/\/api.w.org\/{rel}","templated":true}]}}