{"id":694456,"date":"2025-08-27T14:21:17","date_gmt":"2025-08-27T11:21:17","guid":{"rendered":"https:\/\/roveyayinevi.com.tr\/index.php\/urun\/marksizmin-100-kavrami\/"},"modified":"2026-04-16T02:04:33","modified_gmt":"2026-04-15T23:04:33","slug":"marksizmin-100-kavrami","status":"publish","type":"product","link":"https:\/\/roveyayinevi.com.tr\/index.php\/urun\/marksizmin-100-kavrami\/","title":{"rendered":"Marksizmin 100 Kavram\u0131"},"content":{"rendered":"<p>Sa\u011fl\u0131\u011f\u0131nda terimi reddetmi\u015f olsa da, Marksizm \u00f6ncelikle Karl Marx\u2019\u0131n (1818-1883) d\u00fc\u015f\u00fcncesidir. Bu, ger\u00e7ek anlam\u0131yla ola\u011fan\u00fcst\u00fc zenginlikte ve s\u00fcrekli evrimle\u015fen bir d\u00fc\u015f\u00fcncedir. Ancak Marx\u2019\u0131n Marksizme katt\u0131klar\u0131, Kom\u00fcnist Manifesto\u2019nun da dahil oldu\u011fu bir\u00e7ok eserin di\u011fer yazar\u0131 ve Marx\u2019\u0131n \u00f6l\u00fcm\u00fc sonras\u0131nda Kapital\u2019in II. ve III. ciltlerini yay\u0131na haz\u0131rlayan Engels\u2019in katt\u0131klar\u0131ndan ayr\u0131lamaz. \u00d6l\u00fcmlerinden sonra fikirleri, kendilerini onlar\u0131n takip\u00e7isi olarak g\u00f6ren d\u00fc\u015f\u00fcn\u00fcrler ve siyasal ak\u0131mlar taraf\u0131ndan \u00e7ok farkl\u0131 do\u011frultularda geli\u015ftirilmi\u015ftir. Bug\u00fcn h\u00e2l\u00e2 kapitalist d\u00fczene kar\u015f\u0131 radikal m\u00fccadelelerin b\u00fcy\u00fck b\u00f6l\u00fcm\u00fcne ilham vermektedir. \u00dc\u00e7 yetkin Frans\u0131z Marksisti taraf\u0131ndan haz\u0131rlanan bu kitap, 100 maddeyle Marksizmin ba\u015fl\u0131ca kavramlar\u0131n\u0131 ayd\u0131nlatmakta ve her birinin merkezinde yer alan siyasal, iktisadi ve felsefi konular\u0131n ve tart\u0131\u015fmalar\u0131n i\u00e7 i\u00e7eli\u011fine dikkat \u00e7ekmektedir. \ufffcTan\u0131t\u0131m Metni<\/p>\n","protected":false},"excerpt":{"rendered":"<p>Sa\u011fl\u0131\u011f\u0131nda terimi reddetmi\u015f olsa da, Marksizm \u00f6ncelikle Karl Marx\u2019\u0131n (1818-1883) d\u00fc\u015f\u00fcncesidir. Bu, ger\u00e7ek anlam\u0131yla ola\u011fan\u00fcst\u00fc zenginlikte ve s\u00fcrekli evrimle\u015fen bir d\u00fc\u015f\u00fcncedir. Ancak Marx\u2019\u0131n Marksizme katt\u0131klar\u0131, Kom\u00fcnist<span class=\"excerpt-hellip\"> [\u2026]<\/span><\/p>\n","protected":false},"featured_media":0,"template":"","meta":{"_monsterinsights_skip_tracking":false,"_monsterinsights_sitenote_active":false,"_monsterinsights_sitenote_note":"","_monsterinsights_sitenote_category":0},"product_brand":[],"product_cat":[12388,15309],"product_tag":[],"class_list":{"0":"post-694456","1":"product","2":"type-product","3":"status-publish","5":"product_cat-felsefe","6":"product_cat-felsefi-akimlar","7":"pa_cilt-ciltsiz","8":"pa_tur-kitap","9":"pa_yayinevi-yordam-kitap","10":"pa_yazar-gerard-dumenil","12":"first","13":"instock","14":"sale","15":"shipping-taxable","16":"purchasable","17":"product-type-simple"},"_links":{"self":[{"href":"https:\/\/roveyayinevi.com.tr\/index.php\/wp-json\/wp\/v2\/product\/694456","targetHints":{"allow":["GET"]}}],"collection":[{"href":"https:\/\/roveyayinevi.com.tr\/index.php\/wp-json\/wp\/v2\/product"}],"about":[{"href":"https:\/\/roveyayinevi.com.tr\/index.php\/wp-json\/wp\/v2\/types\/product"}],"wp:attachment":[{"href":"https:\/\/roveyayinevi.com.tr\/index.php\/wp-json\/wp\/v2\/media?parent=694456"}],"wp:term":[{"taxonomy":"product_brand","embeddable":true,"href":"https:\/\/roveyayinevi.com.tr\/index.php\/wp-json\/wp\/v2\/product_brand?post=694456"},{"taxonomy":"product_cat","embeddable":true,"href":"https:\/\/roveyayinevi.com.tr\/index.php\/wp-json\/wp\/v2\/product_cat?post=694456"},{"taxonomy":"product_tag","embeddable":true,"href":"https:\/\/roveyayinevi.com.tr\/index.php\/wp-json\/wp\/v2\/product_tag?post=694456"}],"curies":[{"name":"wp","href":"https:\/\/api.w.org\/{rel}","templated":true}]}}