{"id":694455,"date":"2025-08-27T14:21:17","date_gmt":"2025-08-27T11:21:17","guid":{"rendered":"https:\/\/roveyayinevi.com.tr\/index.php\/urun\/marksizm-uzerine-dort-ders\/"},"modified":"2026-04-16T02:04:32","modified_gmt":"2026-04-15T23:04:32","slug":"marksizm-uzerine-dort-ders","status":"publish","type":"product","link":"https:\/\/roveyayinevi.com.tr\/index.php\/urun\/marksizm-uzerine-dort-ders\/","title":{"rendered":"Marksizm \u00dczerine D\u00f6rt Ders"},"content":{"rendered":"<p>20. y\u00fczy\u0131l\u0131n \u00f6nde gelen Marksist iktisat\u00e7\u0131lar\u0131ndan Paul Sweezy&#8217;nin Sosyalist Cep Kitaplar\u0131 dizisi i\u00e7inde yay\u0131nlanan bu kitab\u0131, Marksizmin temellerine ve \u00f6zellikle de emperyalizmin i\u015fleyi\u015f tarz\u0131na \u0131\u015f\u0131k tutarak, sermayenin g\u00fcn\u00fcm\u00fczdeki krizinin tam olarak anla\u015f\u0131labilmesi i\u00e7in mutlaka okunmas\u0131 gereken bir \u00e7al\u0131\u015fma olma \u00f6zelli\u011fi ta\u015f\u0131yor. Sweezy ilk derste, burjuva iktisad\u0131n\u0131n tedrisat\u0131ndan ge\u00e7mi\u015f gen\u00e7 bir iktisat\u00e7\u0131yken nas\u0131l Marksizme y\u00f6neldi\u011fini anlatarak dinleyicilerle aras\u0131nda bir ileti\u015fim k\u00f6pr\u00fcs\u00fc kurduktan sonra diyalektik d\u00fc\u015f\u00fcnce tarz\u0131n\u0131 ve Marksist materyalizm anlay\u0131\u015f\u0131n\u0131 a\u00e7\u0131kl\u0131yor. \u0130kinci derste, meta, sermaye devreleri, art\u0131k de\u011fer, ilk birikim ve sermayenin a\u015f\u0131r\u0131 birikimi temel kategorileri kullan\u0131larak kapitalizmin \u00e7eli\u015fkileri ele al\u0131n\u0131yor. Bu b\u00f6l\u00fcm\u00fcn a\u00e7\u0131klay\u0131c\u0131 ek k\u0131s\u0131mlar\u0131ndan ilkinde &#8220;K\u00e2r Oran\u0131n\u0131n Azalma E\u011filimi Yasas\u0131&#8221;, ikincisinde ise rekabet\u00e7i evresinden tekelci evresine ge\u00e7i\u015fi s\u0131ras\u0131nda kapitalizmin bi\u00e7im ve y\u00f6ntemlerinde g\u00f6zlenen de\u011fi\u015fiklikler kuramsal bir yakla\u015f\u0131mla de\u011ferlendiriliyor. \u00c7evre ile merkez aras\u0131ndaki ili\u015fkilerle \u00e7eli\u015fkilerin yan\u0131 s\u0131ra k\u00fcresel kapitalist sistemin krizi \u00fc\u00e7\u00fcnc\u00fc derste tart\u0131\u015f\u0131l\u0131yor. Son derste, sosyalizmin sorunlar\u0131 ve gelece\u011fi masaya yat\u0131r\u0131l\u0131yor \ufffcTan\u0131t\u0131m Metni<\/p>\n","protected":false},"excerpt":{"rendered":"<p>20. y\u00fczy\u0131l\u0131n \u00f6nde gelen Marksist iktisat\u00e7\u0131lar\u0131ndan Paul Sweezy&#8217;nin Sosyalist Cep Kitaplar\u0131 dizisi i\u00e7inde yay\u0131nlanan bu kitab\u0131, Marksizmin temellerine ve \u00f6zellikle de emperyalizmin i\u015fleyi\u015f tarz\u0131na \u0131\u015f\u0131k tutarak,<span class=\"excerpt-hellip\"> [\u2026]<\/span><\/p>\n","protected":false},"featured_media":0,"template":"","meta":{"_monsterinsights_skip_tracking":false,"_monsterinsights_sitenote_active":false,"_monsterinsights_sitenote_note":"","_monsterinsights_sitenote_category":0},"product_brand":[],"product_cat":[12388,15309],"product_tag":[],"class_list":{"0":"post-694455","1":"product","2":"type-product","3":"status-publish","5":"product_cat-felsefe","6":"product_cat-felsefi-akimlar","7":"pa_cilt-ciltsiz","8":"pa_tur-kitap","9":"pa_yayinevi-yordam-kitap","10":"pa_yazar-paul-sweezy","12":"first","13":"instock","14":"sale","15":"shipping-taxable","16":"purchasable","17":"product-type-simple"},"_links":{"self":[{"href":"https:\/\/roveyayinevi.com.tr\/index.php\/wp-json\/wp\/v2\/product\/694455","targetHints":{"allow":["GET"]}}],"collection":[{"href":"https:\/\/roveyayinevi.com.tr\/index.php\/wp-json\/wp\/v2\/product"}],"about":[{"href":"https:\/\/roveyayinevi.com.tr\/index.php\/wp-json\/wp\/v2\/types\/product"}],"wp:attachment":[{"href":"https:\/\/roveyayinevi.com.tr\/index.php\/wp-json\/wp\/v2\/media?parent=694455"}],"wp:term":[{"taxonomy":"product_brand","embeddable":true,"href":"https:\/\/roveyayinevi.com.tr\/index.php\/wp-json\/wp\/v2\/product_brand?post=694455"},{"taxonomy":"product_cat","embeddable":true,"href":"https:\/\/roveyayinevi.com.tr\/index.php\/wp-json\/wp\/v2\/product_cat?post=694455"},{"taxonomy":"product_tag","embeddable":true,"href":"https:\/\/roveyayinevi.com.tr\/index.php\/wp-json\/wp\/v2\/product_tag?post=694455"}],"curies":[{"name":"wp","href":"https:\/\/api.w.org\/{rel}","templated":true}]}}