{"id":694453,"date":"2025-08-27T14:21:16","date_gmt":"2025-08-27T11:21:16","guid":{"rendered":"https:\/\/roveyayinevi.com.tr\/index.php\/urun\/manifestoya-komunist\/"},"modified":"2026-04-16T02:04:32","modified_gmt":"2026-04-15T23:04:32","slug":"manifestoya-komunist","status":"publish","type":"product","link":"https:\/\/roveyayinevi.com.tr\/index.php\/urun\/manifestoya-komunist\/","title":{"rendered":"Manifestoya Komunist"},"content":{"rendered":"<p>Kom\u00fcnist Manifesto bilimsel sosyalizmin en yayg\u0131n yap\u0131t\u0131d\u0131r. Sosyalist d\u00fcnya g\u00f6r\u00fc\u015f\u00fcn\u00fcn k\u0131sa, \u00e7arp\u0131c\u0131 ve \u00f6zl\u00fc bir anlat\u0131m\u0131n\u0131 i\u00e7eren Kom\u00fcnist Manifesto, Marksizmin ortak kurucular\u0131 Karl Marx ile Friedrich Engels taraf\u0131ndan 1848 y\u0131l\u0131nda yaz\u0131lm\u0131\u015ft\u0131. Yaz\u0131ld\u0131\u011f\u0131 g\u00fcnden bu g\u00fcne d\u00fcnyan\u0131n t\u00fcm k\u0131talar\u0131ndaki pek \u00e7ok \u00fclkede defalarca bas\u0131m\u0131 yap\u0131lan kitap, yayg\u0131nl\u0131\u011f\u0131 bak\u0131m\u0131ndan kutsal kitaplar \u0130ncil ile Kuran&#8217;la kar\u015f\u0131la\u015ft\u0131r\u0131l\u0131yor. T\u00fcrkiye&#8217;de T\u00fcrk\u00e7e olarak \u00e7ok say\u0131da bas\u0131m\u0131 bulunan Manifesto&#8217;nun maalesef bir K\u00fcrt\u00e7e bas\u0131m\u0131 yoktu. Eski y\u0131llarda yap\u0131lm\u0131\u015f olan bir T\u00fcrk\u00e7e-K\u00fcrt\u00e7e bas\u0131m\u0131n ise yayg\u0131n bir da\u011f\u0131t\u0131m\u0131 yap\u0131lmad\u0131\u011f\u0131 gibi halihaz\u0131rda piyasada mevcudu da bulunmuyor. Bu nedenle Yordam Kitap&#8217;\u0131n Manifesto bas\u0131m\u0131 T\u00fcrkiye&#8217;de Marksist K\u00fcrt\u00e7e yay\u0131nc\u0131l\u0131k a\u00e7\u0131s\u0131ndan bir ilki temsil ediyor. Kaliteli ve \u00f6zenli bir \u015fekilde bas\u0131lan kitap, Manifesto&#8217;nun tam metni ile \u00e7evirmen Sami Tan&#8217;\u0131n \u00f6ns\u00f6z\u00fcn\u00fc i\u00e7eriyor. &#8220;Komun\u00eest ve\u015fartina raman \u00fb dilxwaziy\u00ean xwe red dikin. Ew diyar dikin ku bi ten\u00ea dikarin bi riya ji bin\u00ee ve hilwe\u015fandina teveka pergala civak\u00ee ya hey\u00ee bigih\u00eajin armanca xwe. Bila qe \u00e7\u00een\u00ean serdest bi tirs \u00fb sawa \u015fore\u015feke komun\u00eest bilerizin. Ji bil\u00ee zinc\u00eer\u00ean xwe ti\u015ftek\u00ee ku proleter ji dest bidin n\u00een e. L\u00ea c\u00eehaneke ku bi dest bixin heye. Karker\u00ean hem\u00fb welatan, bibin yek!&#8221; \ufffcTan\u0131t\u0131m Metni<\/p>\n","protected":false},"excerpt":{"rendered":"<p>Kom\u00fcnist Manifesto bilimsel sosyalizmin en yayg\u0131n yap\u0131t\u0131d\u0131r. Sosyalist d\u00fcnya g\u00f6r\u00fc\u015f\u00fcn\u00fcn k\u0131sa, \u00e7arp\u0131c\u0131 ve \u00f6zl\u00fc bir anlat\u0131m\u0131n\u0131 i\u00e7eren Kom\u00fcnist Manifesto, Marksizmin ortak kurucular\u0131 Karl Marx ile Friedrich<span class=\"excerpt-hellip\"> [\u2026]<\/span><\/p>\n","protected":false},"featured_media":0,"template":"","meta":{"_monsterinsights_skip_tracking":false,"_monsterinsights_sitenote_active":false,"_monsterinsights_sitenote_note":"","_monsterinsights_sitenote_category":0},"product_brand":[],"product_cat":[12312,12304],"product_tag":[],"class_list":{"0":"post-694453","1":"product","2":"type-product","3":"status-publish","5":"product_cat-diger","6":"product_cat-tarih","7":"pa_cilt-ciltsiz","8":"pa_tur-kitap","9":"pa_yayinevi-yordam-kitap","10":"pa_yazar-karl-marx","12":"first","13":"instock","14":"sale","15":"shipping-taxable","16":"purchasable","17":"product-type-simple"},"_links":{"self":[{"href":"https:\/\/roveyayinevi.com.tr\/index.php\/wp-json\/wp\/v2\/product\/694453","targetHints":{"allow":["GET"]}}],"collection":[{"href":"https:\/\/roveyayinevi.com.tr\/index.php\/wp-json\/wp\/v2\/product"}],"about":[{"href":"https:\/\/roveyayinevi.com.tr\/index.php\/wp-json\/wp\/v2\/types\/product"}],"wp:attachment":[{"href":"https:\/\/roveyayinevi.com.tr\/index.php\/wp-json\/wp\/v2\/media?parent=694453"}],"wp:term":[{"taxonomy":"product_brand","embeddable":true,"href":"https:\/\/roveyayinevi.com.tr\/index.php\/wp-json\/wp\/v2\/product_brand?post=694453"},{"taxonomy":"product_cat","embeddable":true,"href":"https:\/\/roveyayinevi.com.tr\/index.php\/wp-json\/wp\/v2\/product_cat?post=694453"},{"taxonomy":"product_tag","embeddable":true,"href":"https:\/\/roveyayinevi.com.tr\/index.php\/wp-json\/wp\/v2\/product_tag?post=694453"}],"curies":[{"name":"wp","href":"https:\/\/api.w.org\/{rel}","templated":true}]}}