{"id":694452,"date":"2025-08-27T14:21:16","date_gmt":"2025-08-27T11:21:16","guid":{"rendered":"https:\/\/roveyayinevi.com.tr\/index.php\/urun\/leninden-staline-rus-devrimi-1917-1929\/"},"modified":"2026-04-16T02:04:32","modified_gmt":"2026-04-15T23:04:32","slug":"leninden-staline-rus-devrimi-1917-1929","status":"publish","type":"product","link":"https:\/\/roveyayinevi.com.tr\/index.php\/urun\/leninden-staline-rus-devrimi-1917-1929\/","title":{"rendered":"Lenin\u2019den Stalin\u2019e Rus Devrimi, 1917-1929"},"content":{"rendered":"<p>\u00dcnl\u00fc tarih\u00e7i Edward Hallett Carr, onlarca y\u0131l boyunca Sovyet tarihi \u00fczerine \u00e7al\u0131\u015ft\u0131. Bol\u015fevik Devriminin patlad\u0131\u011f\u0131 y\u0131llarda, hen\u00fcz 25 ya\u015f\u0131nda bir \u0130ngiliz D\u0131\u015fi\u015fleri mensubuyken ba\u015flayan ilgisini ya\u015fam\u0131n\u0131n sonuna kadar s\u00fcrd\u00fcrd\u00fc. 1944\u2019te ba\u015flay\u0131p otuz \u00fc\u00e7 y\u0131l \u00fczerinde \u00e7al\u0131\u015ft\u0131\u011f\u0131 on d\u00f6rt ciltlik Sovyet Rusya Tarihi akademik disiplinle birle\u015fmi\u015f bu ilginin sonucudur. Carr, bu b\u00fcy\u00fck eserinde Bol\u015fevik Devriminin, o devrimi yapan insanlar\u0131n ve devrimin ard\u0131ndan rejimin kendini oturtmaya \u00e7al\u0131\u015ft\u0131\u011f\u0131 on iki \u00e7alkant\u0131l\u0131 y\u0131l\u0131n tarihini yazarak bu yeni toplum u ve planl\u0131 ekonomiyi tan\u0131maya \u00e7al\u0131\u015fm\u0131\u015ft\u0131r. Lenin\u2019den Stalin\u2019e Rus Devrimi, \u00fcnl\u00fc tarih\u00e7inin 14 ciltlik bu dev \u00e7al\u0131\u015fmas\u0131n\u0131n yo\u011fun bir \u00f6zetidir. Carr, uzun ara\u015ft\u0131rmalar\u0131n\u0131n \u00f6z\u00fcn\u00fc dam\u0131tt\u0131\u011f\u0131 bu kitab\u0131, genel okurlar ile konuya ilk kez girecek \u00f6\u011frencileri g\u00f6zeterek haz\u0131rlam\u0131\u015ft\u0131r. B\u00fcy\u00fck Tarih\u2019ten iki y\u0131l sonra kaleme al\u0131nan kitapta, Sovyetlerin ilk d\u00f6nem tarihi, rafine bi\u00e7imde ve ayr\u0131nt\u0131n\u0131n \u00fczerine \u00e7\u0131k\u0131p \u00e7ok daha yukar\u0131dan bir bak\u0131\u015fla ele al\u0131nmaktad\u0131r. Lenin\u2019in dar kadro partisi \u00f6nderli\u011findeki devrimden, Stalin\u2019in y\u00fcz binlerce \u00fcyesi olan kitle partisi \u00f6nderli\u011findeki devlete ge\u00e7i\u015f t\u00fcm y\u00f6nleriyle incelenip tart\u0131\u015f\u0131lmaktad\u0131r. \ufffcTan\u0131t\u0131m Metni<\/p>\n","protected":false},"excerpt":{"rendered":"<p>\u00dcnl\u00fc tarih\u00e7i Edward Hallett Carr, onlarca y\u0131l boyunca Sovyet tarihi \u00fczerine \u00e7al\u0131\u015ft\u0131. Bol\u015fevik Devriminin patlad\u0131\u011f\u0131 y\u0131llarda, hen\u00fcz 25 ya\u015f\u0131nda bir \u0130ngiliz D\u0131\u015fi\u015fleri mensubuyken ba\u015flayan ilgisini ya\u015fam\u0131n\u0131n<span class=\"excerpt-hellip\"> [\u2026]<\/span><\/p>\n","protected":false},"featured_media":0,"template":"","meta":{"_monsterinsights_skip_tracking":false,"_monsterinsights_sitenote_active":false,"_monsterinsights_sitenote_note":"","_monsterinsights_sitenote_category":0},"product_brand":[],"product_cat":[12305,12304],"product_tag":[],"class_list":{"0":"post-694452","1":"product","2":"type-product","3":"status-publish","5":"product_cat-dunya-tarihi","6":"product_cat-tarih","7":"pa_cilt-ciltsiz","8":"pa_tur-kitap","9":"pa_yayinevi-yordam-kitap","10":"pa_yazar-edward-hallett-carr","12":"first","13":"instock","14":"sale","15":"shipping-taxable","16":"purchasable","17":"product-type-simple"},"_links":{"self":[{"href":"https:\/\/roveyayinevi.com.tr\/index.php\/wp-json\/wp\/v2\/product\/694452","targetHints":{"allow":["GET"]}}],"collection":[{"href":"https:\/\/roveyayinevi.com.tr\/index.php\/wp-json\/wp\/v2\/product"}],"about":[{"href":"https:\/\/roveyayinevi.com.tr\/index.php\/wp-json\/wp\/v2\/types\/product"}],"wp:attachment":[{"href":"https:\/\/roveyayinevi.com.tr\/index.php\/wp-json\/wp\/v2\/media?parent=694452"}],"wp:term":[{"taxonomy":"product_brand","embeddable":true,"href":"https:\/\/roveyayinevi.com.tr\/index.php\/wp-json\/wp\/v2\/product_brand?post=694452"},{"taxonomy":"product_cat","embeddable":true,"href":"https:\/\/roveyayinevi.com.tr\/index.php\/wp-json\/wp\/v2\/product_cat?post=694452"},{"taxonomy":"product_tag","embeddable":true,"href":"https:\/\/roveyayinevi.com.tr\/index.php\/wp-json\/wp\/v2\/product_tag?post=694452"}],"curies":[{"name":"wp","href":"https:\/\/api.w.org\/{rel}","templated":true}]}}