{"id":694450,"date":"2025-08-27T14:21:15","date_gmt":"2025-08-27T11:21:15","guid":{"rendered":"https:\/\/roveyayinevi.com.tr\/index.php\/urun\/marksizm-ve-ekolojik-iktisat\/"},"modified":"2026-04-16T02:04:32","modified_gmt":"2026-04-15T23:04:32","slug":"marksizm-ve-ekolojik-iktisat","status":"publish","type":"product","link":"https:\/\/roveyayinevi.com.tr\/index.php\/urun\/marksizm-ve-ekolojik-iktisat\/","title":{"rendered":"Marksizm ve Ekolojik \u0130ktisat"},"content":{"rendered":"<p>\u00c7evre felaketlerinin ve ekonomik krizlerin ku\u015fatt\u0131\u011f\u0131 bir d\u00fcnyada, ekolojik d\u00fc\u015f\u00fcncenin t\u00fcm ekolleri aras\u0131nda \u00fcretken bir g\u00f6r\u00fc\u015f al\u0131\u015fveri\u015fi sa\u011flaman\u0131n \u00f6nemi a\u00e7\u0131kt\u0131r. Bu kitap ekolojistler i\u00e7in iktisada giri\u015f, iktisat\u00e7\u0131lar i\u00e7in de ekolojiye genel bir bak\u0131\u015f sa\u011flayarak i\u015fte b\u00f6ylesi bir ihtiyaca yan\u0131t vermektedir. Ekolojik \u0130ktisat\u2019\u0131n y\u00f6ntemi ve kulland\u0131\u011f\u0131 kavramlar ile \u00e7ok disiplinlilik, metodolojik \u00e7o\u011fulculuk ve tarihsel a\u00e7\u0131kl\u0131k konular\u0131ndaki taahh\u00fctlerini yerine getirmesi aras\u0131nda bir uyumsuzluk var m\u0131d\u0131r? Varsa, maddi-toplumsal bir \u00fcretim ili\u015fkisi olarak Marksist s\u0131n\u0131f perspektifi, Ekolojik \u0130ktisat\u2019\u0131n bu beklentilerine yan\u0131t verebilir mi? Kitab\u0131n yo\u011funla\u015ft\u0131\u011f\u0131 ve yan\u0131t bulmaya \u00e7al\u0131\u015ft\u0131\u011f\u0131 esas sorular bunlard\u0131r. Bu sorular, Ekolojik \u0130ktisat\u2019\u0131n \u00e7eli\u015fkilerinin, analitik bo\u015fluklar\u0131n\u0131n ve yan\u0131tlayamad\u0131\u011f\u0131 sorular\u0131n ortaya konulmas\u0131 ve Marksizmin bu sorular\u0131n \u00e7\u00f6z\u00fclmesine nas\u0131l yard\u0131mc\u0131 olabilece\u011finin g\u00f6sterilmesiyle geli\u015ftirilmi\u015ftir. Buna g\u00f6re, Marksist ekonomi politi\u011fin Ekolojik \u0130ktisat\u2019a katk\u0131lar\u0131 d\u00f6rt temel ba\u015fl\u0131k alt\u0131nda toplanabilir: do\u011fa ve ekonomik de\u011fer, sermaye olarak do\u011fa, ekonomik sistemler a\u00e7\u0131s\u0131ndan entropi yasas\u0131n\u0131n \u00f6nemi ve son olarak s\u00fcrd\u00fcr\u00fclebilir kalk\u0131nma. \ufffcTan\u0131t\u0131m Metni<\/p>\n","protected":false},"excerpt":{"rendered":"<p>\u00c7evre felaketlerinin ve ekonomik krizlerin ku\u015fatt\u0131\u011f\u0131 bir d\u00fcnyada, ekolojik d\u00fc\u015f\u00fcncenin t\u00fcm ekolleri aras\u0131nda \u00fcretken bir g\u00f6r\u00fc\u015f al\u0131\u015fveri\u015fi sa\u011flaman\u0131n \u00f6nemi a\u00e7\u0131kt\u0131r. Bu kitap ekolojistler i\u00e7in iktisada giri\u015f,<span class=\"excerpt-hellip\"> [\u2026]<\/span><\/p>\n","protected":false},"featured_media":0,"template":"","meta":{"_monsterinsights_skip_tracking":false,"_monsterinsights_sitenote_active":false,"_monsterinsights_sitenote_note":"","_monsterinsights_sitenote_category":0},"product_brand":[],"product_cat":[12338,12337],"product_tag":[],"class_list":{"0":"post-694450","1":"product","2":"type-product","3":"status-publish","5":"product_cat-dunya-siyaseti-ve-politikasi","6":"product_cat-politika-siyaset","7":"pa_cilt-ciltsiz","8":"pa_tur-kitap","9":"pa_yayinevi-yordam-kitap","10":"pa_yazar-paul-burkett","12":"first","13":"instock","14":"sale","15":"shipping-taxable","16":"purchasable","17":"product-type-simple"},"_links":{"self":[{"href":"https:\/\/roveyayinevi.com.tr\/index.php\/wp-json\/wp\/v2\/product\/694450","targetHints":{"allow":["GET"]}}],"collection":[{"href":"https:\/\/roveyayinevi.com.tr\/index.php\/wp-json\/wp\/v2\/product"}],"about":[{"href":"https:\/\/roveyayinevi.com.tr\/index.php\/wp-json\/wp\/v2\/types\/product"}],"wp:attachment":[{"href":"https:\/\/roveyayinevi.com.tr\/index.php\/wp-json\/wp\/v2\/media?parent=694450"}],"wp:term":[{"taxonomy":"product_brand","embeddable":true,"href":"https:\/\/roveyayinevi.com.tr\/index.php\/wp-json\/wp\/v2\/product_brand?post=694450"},{"taxonomy":"product_cat","embeddable":true,"href":"https:\/\/roveyayinevi.com.tr\/index.php\/wp-json\/wp\/v2\/product_cat?post=694450"},{"taxonomy":"product_tag","embeddable":true,"href":"https:\/\/roveyayinevi.com.tr\/index.php\/wp-json\/wp\/v2\/product_tag?post=694450"}],"curies":[{"name":"wp","href":"https:\/\/api.w.org\/{rel}","templated":true}]}}