{"id":694448,"date":"2025-08-27T14:21:15","date_gmt":"2025-08-27T11:21:15","guid":{"rendered":"https:\/\/roveyayinevi.com.tr\/index.php\/urun\/marksizm-ve-medya-arastirmalari\/"},"modified":"2026-04-16T02:04:32","modified_gmt":"2026-04-15T23:04:32","slug":"marksizm-ve-medya-arastirmalari","status":"publish","type":"product","link":"https:\/\/roveyayinevi.com.tr\/index.php\/urun\/marksizm-ve-medya-arastirmalari\/","title":{"rendered":"Marksizm ve Medya Ara\u015ft\u0131rmalar\u0131"},"content":{"rendered":"<p>Her ne kadar medya \u00e7al\u0131\u015fmalar\u0131 pop\u00fcler bir akademik disiplin olsa da Marksist bir bak\u0131\u015f a\u00e7\u0131s\u0131yla bu konunun analizini yapan kitap say\u0131s\u0131 \u015fa\u015f\u0131rt\u0131c\u0131 derecede azd\u0131r. Mike Wayne\u2019in kitab\u0131 medya \u00fczerine ara\u015ft\u0131rma yaparken radikal bir siyasal metodolojiye ba\u015fvurmak isteyenler i\u00e7in idealdir. Yazar bu kitapta kilit Marksist kavramlara eri\u015filebilir bir rehber sundu\u011fu gibi bu kavramlar\u0131n g\u00fcncel k\u00fclt\u00fcr analizlerine nas\u0131l uygulanaca\u011f\u0131n\u0131 da g\u00f6steriyor. Marx, Lukacs, Gramsci, Habermas, Jameson ve di\u011fer yazarlardan yararlanan kitap bizlere medya ve mevcut k\u00fclt\u00fcrel e\u011filimlerin Marksist a\u00e7\u0131dan analizini yapabilmek i\u00e7in gerekli olan kilit kavramlar\u0131n kapsaml\u0131 bir serimlemesini sunuyor. S\u0131n\u0131f, \u00fcretim tarz\u0131, k\u00fclt\u00fcr sanayi, devlet, altyap\u0131-\u00fcstyap\u0131, ideoloji, hegemonya, bilgi ve toplumsal \u00e7\u0131karlar ve meta feti\u015fi gibi kavramlar\u0131 ele al\u0131p yorumlayan bu kitap film, televizyon, internet ve bas\u0131l\u0131 medya gibi geni\u015f bir konu yelpazesine sahip. Analizler, dijital dosya de\u011fi\u015fiminden Disney\u2019e, reality TV program\u0131 Big Brother\u2019dan sermaye alt\u0131nda k\u00fclt\u00fcr ve toplumun feti\u015flerine \u0131\u015f\u0131k tutan Di\u011ferleri (The Others), \u015eeytan\u2019\u0131n Bel Kemi\u011fi (The Devil\u2019s Backbone) ve Karanl\u0131k \u015eehir (Dark City) gibi filmlerdeki ruh ve hayaletlere dek uzanan somut irdelemelere dayand\u0131r\u0131l\u0131yor. \ufffcTan\u0131t\u0131m Metni<\/p>\n","protected":false},"excerpt":{"rendered":"<p>Her ne kadar medya \u00e7al\u0131\u015fmalar\u0131 pop\u00fcler bir akademik disiplin olsa da Marksist bir bak\u0131\u015f a\u00e7\u0131s\u0131yla bu konunun analizini yapan kitap say\u0131s\u0131 \u015fa\u015f\u0131rt\u0131c\u0131 derecede azd\u0131r. Mike Wayne\u2019in<span class=\"excerpt-hellip\"> [\u2026]<\/span><\/p>\n","protected":false},"featured_media":0,"template":"","meta":{"_monsterinsights_skip_tracking":false,"_monsterinsights_sitenote_active":false,"_monsterinsights_sitenote_note":"","_monsterinsights_sitenote_category":0},"product_brand":[],"product_cat":[12388,15309],"product_tag":[],"class_list":{"0":"post-694448","1":"product","2":"type-product","3":"status-publish","5":"product_cat-felsefe","6":"product_cat-felsefi-akimlar","7":"pa_cilt-ciltsiz","8":"pa_tur-kitap","9":"pa_yayinevi-yordam-kitap","10":"pa_yazar-mike-wayne","12":"first","13":"instock","14":"sale","15":"shipping-taxable","16":"purchasable","17":"product-type-simple"},"_links":{"self":[{"href":"https:\/\/roveyayinevi.com.tr\/index.php\/wp-json\/wp\/v2\/product\/694448","targetHints":{"allow":["GET"]}}],"collection":[{"href":"https:\/\/roveyayinevi.com.tr\/index.php\/wp-json\/wp\/v2\/product"}],"about":[{"href":"https:\/\/roveyayinevi.com.tr\/index.php\/wp-json\/wp\/v2\/types\/product"}],"wp:attachment":[{"href":"https:\/\/roveyayinevi.com.tr\/index.php\/wp-json\/wp\/v2\/media?parent=694448"}],"wp:term":[{"taxonomy":"product_brand","embeddable":true,"href":"https:\/\/roveyayinevi.com.tr\/index.php\/wp-json\/wp\/v2\/product_brand?post=694448"},{"taxonomy":"product_cat","embeddable":true,"href":"https:\/\/roveyayinevi.com.tr\/index.php\/wp-json\/wp\/v2\/product_cat?post=694448"},{"taxonomy":"product_tag","embeddable":true,"href":"https:\/\/roveyayinevi.com.tr\/index.php\/wp-json\/wp\/v2\/product_tag?post=694448"}],"curies":[{"name":"wp","href":"https:\/\/api.w.org\/{rel}","templated":true}]}}