{"id":694443,"date":"2025-08-27T14:21:13","date_gmt":"2025-08-27T11:21:13","guid":{"rendered":"https:\/\/roveyayinevi.com.tr\/index.php\/urun\/kole\/"},"modified":"2026-04-16T02:04:32","modified_gmt":"2026-04-15T23:04:32","slug":"kole","status":"publish","type":"product","link":"https:\/\/roveyayinevi.com.tr\/index.php\/urun\/kole\/","title":{"rendered":"K\u00f6le"},"content":{"rendered":"<p>17. y\u00fczy\u0131l\u0131n sonlar\u0131na do\u011fru Yeni D\u00fcnya\u2019dan \u0130spanya\u2019ya do\u011fru yola \u00e7\u0131kan bir \u0130spanyol hazine gemisi&#8230; Gemide d\u00f6nemin s\u0131n\u0131fsal yelpazesinin neredeyse her renginden insan vard\u0131r. \u00dcsts\u0131n\u0131f g\u00fcvertesinde idari ve asker\u00ee y\u00f6neticiler, engizisyon yarg\u0131c\u0131, kapitalist bir kad\u0131n, aristokrat ve tacirler; alt katta denizciler, top\u00e7ular, K\u0131z\u0131lderili ve zenci k\u00f6leler&#8230; Derken bir K\u0131z\u0131lderili k\u00f6le \u00e7\u0131kar sahneye. Onu topraklar\u0131ndan \u00e7al\u0131p gemiye bindiren \u201cefendi\u201dsine itaat etmeyi reddeden, \u00f6zg\u00fcrl\u00fc\u011f\u00fcn semiz bir bedenden k\u0131ymetli oldu\u011funu \u201cuygar\u201d ve \u201ciktidar sahibi\u201d g\u00fc\u00e7lerinden daha iyi anlayan bir adamd\u0131r bu. \u00d6zg\u00fcrl\u00fck tutkusu, kimli\u011fini savunma c\u00fcreti ve inad\u0131yla birle\u015fince, gemide her \u015fey alt\u00fcst olacakt\u0131r&#8230; K\u00f6le, hem i\u00e7eri\u011fi, hem de yaz\u0131lma nedeni ve ko\u015fullar\u0131 a\u00e7\u0131s\u0131ndan son derece ilgi \u00e7ekici bir roman. Eylemci bir kom\u00fcnist olan Danimarkal\u0131 yazar Hans Kirk, Nazilerin 1940\u2019ta Danimarka\u2019y\u0131 i\u015fgal edi\u015finin ard\u0131ndan tutuklan\u0131r. Kirk ve arkada\u015flar\u0131 1941 sonlar\u0131 ve 1942 ba\u015flar\u0131nda, yazar\u0131n kendi deyimiyle \u201c\u00fcmitsiz bir durum\u201dla kar\u015f\u0131 kar\u015f\u0131ya kal\u0131rlar. Nazilere boyun e\u011fip e\u011fmeme tart\u0131\u015fmalar\u0131n\u0131n ortas\u0131na d\u00fc\u015fm\u00fc\u015flerdir. K\u00f6le, i\u015fte bu tart\u0131\u015fmaya bir yan\u0131t olarak kaleme al\u0131nm\u0131\u015ft\u0131r. Hans Kirk, kitab\u0131n m\u00fcsveddesini cezaevinde bitirir. Ard\u0131ndan bir f\u0131rsat\u0131n\u0131 bulup cezaevinden ka\u00e7ar ve ka\u00e7arken de m\u00fcsveddeyi gizler. Fakat Almanlar onu yakarlar. Yazar sava\u015f\u0131n ard\u0131ndan t\u00fcm roman\u0131 yeniden yazmak zorunda kalacakt\u0131r. <\/p>\n","protected":false},"excerpt":{"rendered":"<p>17. y\u00fczy\u0131l\u0131n sonlar\u0131na do\u011fru Yeni D\u00fcnya\u2019dan \u0130spanya\u2019ya do\u011fru yola \u00e7\u0131kan bir \u0130spanyol hazine gemisi&#8230; Gemide d\u00f6nemin s\u0131n\u0131fsal yelpazesinin neredeyse her renginden insan vard\u0131r. \u00dcsts\u0131n\u0131f g\u00fcvertesinde idari<span class=\"excerpt-hellip\"> [\u2026]<\/span><\/p>\n","protected":false},"featured_media":0,"template":"","meta":{"_monsterinsights_skip_tracking":false,"_monsterinsights_sitenote_active":false,"_monsterinsights_sitenote_note":"","_monsterinsights_sitenote_category":0},"product_brand":[],"product_cat":[12291,12711],"product_tag":[],"class_list":{"0":"post-694443","1":"product","2":"type-product","3":"status-publish","5":"product_cat-edebiyat","6":"product_cat-roman-oyku","7":"pa_cilt-ciltsiz","8":"pa_tur-kitap","9":"pa_yayinevi-yordam-kitap","10":"pa_yazar-hans-kirk","12":"first","13":"instock","14":"sale","15":"shipping-taxable","16":"purchasable","17":"product-type-simple"},"_links":{"self":[{"href":"https:\/\/roveyayinevi.com.tr\/index.php\/wp-json\/wp\/v2\/product\/694443","targetHints":{"allow":["GET"]}}],"collection":[{"href":"https:\/\/roveyayinevi.com.tr\/index.php\/wp-json\/wp\/v2\/product"}],"about":[{"href":"https:\/\/roveyayinevi.com.tr\/index.php\/wp-json\/wp\/v2\/types\/product"}],"wp:attachment":[{"href":"https:\/\/roveyayinevi.com.tr\/index.php\/wp-json\/wp\/v2\/media?parent=694443"}],"wp:term":[{"taxonomy":"product_brand","embeddable":true,"href":"https:\/\/roveyayinevi.com.tr\/index.php\/wp-json\/wp\/v2\/product_brand?post=694443"},{"taxonomy":"product_cat","embeddable":true,"href":"https:\/\/roveyayinevi.com.tr\/index.php\/wp-json\/wp\/v2\/product_cat?post=694443"},{"taxonomy":"product_tag","embeddable":true,"href":"https:\/\/roveyayinevi.com.tr\/index.php\/wp-json\/wp\/v2\/product_tag?post=694443"}],"curies":[{"name":"wp","href":"https:\/\/api.w.org\/{rel}","templated":true}]}}