{"id":694439,"date":"2025-08-27T14:21:12","date_gmt":"2025-08-27T11:21:12","guid":{"rendered":"https:\/\/roveyayinevi.com.tr\/index.php\/urun\/pal-sokagi-cocuklari-kucuk-boy\/"},"modified":"2026-04-16T02:04:32","modified_gmt":"2026-04-15T23:04:32","slug":"pal-sokagi-cocuklari-kucuk-boy","status":"publish","type":"product","link":"https:\/\/roveyayinevi.com.tr\/index.php\/urun\/pal-sokagi-cocuklari-kucuk-boy\/","title":{"rendered":"Pal Soka\u011f\u0131 \u00c7ocuklar\u0131 &#8211; (K\u00fc\u00e7\u00fck Boy)"},"content":{"rendered":"<p>Nemecsek, Boka ve Pal Soka\u011f\u0131&#8217;n\u0131n \u00f6b\u00fcr \u00e7ocuklar\u0131 1907 l\u0131m\u0131roa Budape\u015fte&#8217;nin yoksul Jozsefvaros semtinden yola \u00e7\u0131kt\u0131lar. Bug\u00fcn art\u0131k b\u00fct\u00fcn d\u00fcnyada tan\u0131n\u0131yorlar. Bug\u00fcne kadar b\u00fct\u00fcn d\u00fcnyada her ya\u015ftan milyonlarca insan onlar\u0131n dokunakl\u0131 hikayesini okudu; t\u0131pk\u0131 Budape\u015fteli \u00e7ocuklar gibi onlar da Boka&#8217;n\u0131n cesaretine hayran oldu, Nemecsek&#8217;in \u00fcrkek ama kararl\u0131 kahramanl\u0131\u011f\u0131 kar\u015f\u0131s\u0131nda g\u00f6zya\u015flar\u0131n\u0131 tutamad\u0131. \u015eimdi art\u0131k Pal Soka\u011f\u0131 \u00c7ocuklar\u0131&#8217;n\u0131n Arsa&#8217;s\u0131nda kocaman \u00e7ok katl\u0131 evler var. Ama ne gam: D\u00fcnyan\u0131n b\u00fct\u00fcn \u00e7ocuklar\u0131 Pal Soka\u011f\u0131&#8217;ndand\u0131r! <\/p>\n","protected":false},"excerpt":{"rendered":"<p>Nemecsek, Boka ve Pal Soka\u011f\u0131&#8217;n\u0131n \u00f6b\u00fcr \u00e7ocuklar\u0131 1907 l\u0131m\u0131roa Budape\u015fte&#8217;nin yoksul Jozsefvaros semtinden yola \u00e7\u0131kt\u0131lar. Bug\u00fcn art\u0131k b\u00fct\u00fcn d\u00fcnyada tan\u0131n\u0131yorlar. Bug\u00fcne kadar b\u00fct\u00fcn d\u00fcnyada her ya\u015ftan<span class=\"excerpt-hellip\"> [\u2026]<\/span><\/p>\n","protected":false},"featured_media":0,"template":"","meta":{"_monsterinsights_skip_tracking":false,"_monsterinsights_sitenote_active":false,"_monsterinsights_sitenote_note":"","_monsterinsights_sitenote_category":0},"product_brand":[],"product_cat":[12291,13376],"product_tag":[],"class_list":{"0":"post-694439","1":"product","2":"type-product","3":"status-publish","5":"product_cat-edebiyat","6":"product_cat-fransiz-edebiyati","7":"pa_cilt-ciltsiz","8":"pa_tur-kitap","9":"pa_yayinevi-yapi-kredi-yayinlari","10":"pa_yazar-ferenc-molnar","12":"first","13":"instock","14":"sale","15":"shipping-taxable","16":"purchasable","17":"product-type-simple"},"_links":{"self":[{"href":"https:\/\/roveyayinevi.com.tr\/index.php\/wp-json\/wp\/v2\/product\/694439","targetHints":{"allow":["GET"]}}],"collection":[{"href":"https:\/\/roveyayinevi.com.tr\/index.php\/wp-json\/wp\/v2\/product"}],"about":[{"href":"https:\/\/roveyayinevi.com.tr\/index.php\/wp-json\/wp\/v2\/types\/product"}],"wp:attachment":[{"href":"https:\/\/roveyayinevi.com.tr\/index.php\/wp-json\/wp\/v2\/media?parent=694439"}],"wp:term":[{"taxonomy":"product_brand","embeddable":true,"href":"https:\/\/roveyayinevi.com.tr\/index.php\/wp-json\/wp\/v2\/product_brand?post=694439"},{"taxonomy":"product_cat","embeddable":true,"href":"https:\/\/roveyayinevi.com.tr\/index.php\/wp-json\/wp\/v2\/product_cat?post=694439"},{"taxonomy":"product_tag","embeddable":true,"href":"https:\/\/roveyayinevi.com.tr\/index.php\/wp-json\/wp\/v2\/product_tag?post=694439"}],"curies":[{"name":"wp","href":"https:\/\/api.w.org\/{rel}","templated":true}]}}