{"id":694438,"date":"2025-08-27T14:21:12","date_gmt":"2025-08-27T11:21:12","guid":{"rendered":"https:\/\/roveyayinevi.com.tr\/index.php\/urun\/tezer-ozluden-leyla-erbile-mektuplar-butun-eserleri-5\/"},"modified":"2026-04-16T02:04:32","modified_gmt":"2026-04-15T23:04:32","slug":"tezer-ozluden-leyla-erbile-mektuplar-butun-eserleri-5","status":"publish","type":"product","link":"https:\/\/roveyayinevi.com.tr\/index.php\/urun\/tezer-ozluden-leyla-erbile-mektuplar-butun-eserleri-5\/","title":{"rendered":"Tezer \u00d6zl\u00fc\u2019den Leyla Erbil\u2019e Mektuplar &#8211; B\u00fct\u00fcn Eserleri &#8211; 5"},"content":{"rendered":"<p>Duygular\u0131n, doyumlar\u0131n, d\u00fc\u015f\u00fcncelerin dolays\u0131z, sade, birebir aktar\u0131m\u0131d\u0131r mektuplar. Hele de &#8220;en yak\u0131n&#8221; arkada\u015fa, bir &#8220;can dostu&#8221;na yaz\u0131lm\u0131\u015fsa, yaz\u0131lan Leyl\u00e2 Erbil, yazan da Tezer \u00d6zl\u00fc&#8217;yse&#8230;Yazar\u0131n\u0131n co\u015fku dolu, yo\u011fun bir sevgiyle, sevecenlikle y\u00fckl\u00fc, zaman zaman da &#8220;ta\u015fk\u0131n&#8221; duyarl\u0131l\u0131\u011f\u0131n\u0131 yans\u0131tan bu mektuplar, okuru bir ba\u015fka boyuta ta\u015f\u0131yacak, Tezer \u00d6zl\u00fc&#8217;n\u00fcn B\u00fct\u00fcn Eserleri&#8217;nin ufkunu geni\u015fletecek&#8230; \ufffcTan\u0131t\u0131m Metni<\/p>\n","protected":false},"excerpt":{"rendered":"<p>Duygular\u0131n, doyumlar\u0131n, d\u00fc\u015f\u00fcncelerin dolays\u0131z, sade, birebir aktar\u0131m\u0131d\u0131r mektuplar. Hele de &#8220;en yak\u0131n&#8221; arkada\u015fa, bir &#8220;can dostu&#8221;na yaz\u0131lm\u0131\u015fsa, yaz\u0131lan Leyl\u00e2 Erbil, yazan da Tezer \u00d6zl\u00fc&#8217;yse&#8230;Yazar\u0131n\u0131n co\u015fku dolu,<span class=\"excerpt-hellip\"> [\u2026]<\/span><\/p>\n","protected":false},"featured_media":0,"template":"","meta":{"_monsterinsights_skip_tracking":false,"_monsterinsights_sitenote_active":false,"_monsterinsights_sitenote_note":"","_monsterinsights_sitenote_category":0},"product_brand":[],"product_cat":[13701,12291],"product_tag":[],"class_list":{"0":"post-694438","1":"product","2":"type-product","3":"status-publish","5":"product_cat-ani-mektup-gunluk","6":"product_cat-edebiyat","7":"pa_cilt-ciltsiz","8":"pa_tur-kitap","9":"pa_yayinevi-yapi-kredi-yayinlari","10":"pa_yazar-leyla-erbil","12":"first","13":"instock","14":"sale","15":"shipping-taxable","16":"purchasable","17":"product-type-simple"},"_links":{"self":[{"href":"https:\/\/roveyayinevi.com.tr\/index.php\/wp-json\/wp\/v2\/product\/694438","targetHints":{"allow":["GET"]}}],"collection":[{"href":"https:\/\/roveyayinevi.com.tr\/index.php\/wp-json\/wp\/v2\/product"}],"about":[{"href":"https:\/\/roveyayinevi.com.tr\/index.php\/wp-json\/wp\/v2\/types\/product"}],"wp:attachment":[{"href":"https:\/\/roveyayinevi.com.tr\/index.php\/wp-json\/wp\/v2\/media?parent=694438"}],"wp:term":[{"taxonomy":"product_brand","embeddable":true,"href":"https:\/\/roveyayinevi.com.tr\/index.php\/wp-json\/wp\/v2\/product_brand?post=694438"},{"taxonomy":"product_cat","embeddable":true,"href":"https:\/\/roveyayinevi.com.tr\/index.php\/wp-json\/wp\/v2\/product_cat?post=694438"},{"taxonomy":"product_tag","embeddable":true,"href":"https:\/\/roveyayinevi.com.tr\/index.php\/wp-json\/wp\/v2\/product_tag?post=694438"}],"curies":[{"name":"wp","href":"https:\/\/api.w.org\/{rel}","templated":true}]}}