{"id":694436,"date":"2025-08-27T14:21:11","date_gmt":"2025-08-27T11:21:11","guid":{"rendered":"https:\/\/roveyayinevi.com.tr\/index.php\/urun\/tekir-noktalama-isaretlerini-ogretiyor\/"},"modified":"2026-04-16T02:04:32","modified_gmt":"2026-04-15T23:04:32","slug":"tekir-noktalama-isaretlerini-ogretiyor","status":"publish","type":"product","link":"https:\/\/roveyayinevi.com.tr\/index.php\/urun\/tekir-noktalama-isaretlerini-ogretiyor\/","title":{"rendered":"Tekir Noktalama \u0130\u015faretlerini \u00d6\u011fretiyor"},"content":{"rendered":"<p>Konu\u015furken ses tonumuzla, kelimeler aras\u0131nda duraklayarak s\u00f6ylemek istediklerimizi vurgulayabiliriz. Vermek istedi\u011fimiz anlam\u0131 peki\u015ftirebiliriz. Peki ya yazarken? Bir d\u00fc\u015f\u00fcnsenize, ya noktalama i\u015faretleri olmasayd\u0131! Ne olurdu halimiz! Bizim sevimli kedi Tekir, noktalama i\u015faretlerinin \u00f6nemini ve nas\u0131l kullan\u0131ld\u0131\u011f\u0131n\u0131 anlat\u0131yor. \ufffcTan\u0131t\u0131m Metni<\/p>\n","protected":false},"excerpt":{"rendered":"<p>Konu\u015furken ses tonumuzla, kelimeler aras\u0131nda duraklayarak s\u00f6ylemek istediklerimizi vurgulayabiliriz. Vermek istedi\u011fimiz anlam\u0131 peki\u015ftirebiliriz. Peki ya yazarken? Bir d\u00fc\u015f\u00fcnsenize, ya noktalama i\u015faretleri olmasayd\u0131! Ne olurdu halimiz! Bizim<span class=\"excerpt-hellip\"> [\u2026]<\/span><\/p>\n","protected":false},"featured_media":0,"template":"","meta":{"_monsterinsights_skip_tracking":false,"_monsterinsights_sitenote_active":false,"_monsterinsights_sitenote_note":"","_monsterinsights_sitenote_category":0},"product_brand":[],"product_cat":[12492,12274],"product_tag":[],"class_list":{"0":"post-694436","1":"product","2":"type-product","3":"status-publish","5":"product_cat-bilmece-bulmaca","6":"product_cat-cocuk-ve-genclik-kitaplari","7":"pa_cilt-ciltsiz","8":"pa_tur-kitap","9":"pa_yayinevi-yapi-kredi-yayinlari","10":"pa_yazar-yalvac-ural","12":"first","13":"instock","14":"sale","15":"shipping-taxable","16":"purchasable","17":"product-type-simple"},"_links":{"self":[{"href":"https:\/\/roveyayinevi.com.tr\/index.php\/wp-json\/wp\/v2\/product\/694436","targetHints":{"allow":["GET"]}}],"collection":[{"href":"https:\/\/roveyayinevi.com.tr\/index.php\/wp-json\/wp\/v2\/product"}],"about":[{"href":"https:\/\/roveyayinevi.com.tr\/index.php\/wp-json\/wp\/v2\/types\/product"}],"wp:attachment":[{"href":"https:\/\/roveyayinevi.com.tr\/index.php\/wp-json\/wp\/v2\/media?parent=694436"}],"wp:term":[{"taxonomy":"product_brand","embeddable":true,"href":"https:\/\/roveyayinevi.com.tr\/index.php\/wp-json\/wp\/v2\/product_brand?post=694436"},{"taxonomy":"product_cat","embeddable":true,"href":"https:\/\/roveyayinevi.com.tr\/index.php\/wp-json\/wp\/v2\/product_cat?post=694436"},{"taxonomy":"product_tag","embeddable":true,"href":"https:\/\/roveyayinevi.com.tr\/index.php\/wp-json\/wp\/v2\/product_tag?post=694436"}],"curies":[{"name":"wp","href":"https:\/\/api.w.org\/{rel}","templated":true}]}}