{"id":694435,"date":"2025-08-27T14:21:04","date_gmt":"2025-08-27T11:21:04","guid":{"rendered":"https:\/\/roveyayinevi.com.tr\/index.php\/urun\/tek-basina-bir-adam\/"},"modified":"2026-04-16T02:04:32","modified_gmt":"2026-04-15T23:04:32","slug":"tek-basina-bir-adam","status":"publish","type":"product","link":"https:\/\/roveyayinevi.com.tr\/index.php\/urun\/tek-basina-bir-adam\/","title":{"rendered":"Tek Ba\u015f\u0131na Bir Adam"},"content":{"rendered":"<p>Christopher Isherwood en \u00f6nemli romanlar\u0131ndan biri olarak kabul edilen ve Tom Ford taraf\u0131ndan sinemaya uyarlanan Tek Ba\u015f\u0131na Bir Adam\u2019da yaln\u0131z bir erke\u011fin bir g\u00fcn\u00fcn\u00fc anlat\u0131yor. Roman\u0131n oda\u011f\u0131nda George var: Bir e\u015fcinsel, ABD\u2019de ya\u015fayan bir \u0130ngiliz, bir t\u00fcketim toplumunda edebiyat profes\u00f6r\u00fc ve gen\u00e7 \u00f6\u011frencilerin aras\u0131nda ya\u015fl\u0131l\u0131\u011f\u0131n e\u015fi\u011finde biri olarak tek ba\u015f\u0131na bir adam. Isherwood\u2019un bak\u0131\u015f\u0131 George\u2019un her hareketini bir kamera gibi g\u00fcn boyunca yak\u0131ndan takip eder: Sabah kalk\u0131p toplum i\u00e7inde oynayaca\u011f\u0131 rol i\u00e7in haz\u0131rlan\u0131\u015f\u0131n\u0131, \u00fcniversitedeki dersini ve \u00f6\u011frencileriyle ili\u015fkisini, tek dostu Charlotte\u2019la ge\u00e7irdi\u011fi ak\u015fam\u0131. George\u2019un bir trafik kazas\u0131 sonucu kaybetti\u011fi sevgilisi i\u00e7in tuttu\u011fu yas ve Amerikan toplumuna dair keskin tespitleri b\u00fct\u00fcn bu olaylara roman boyunca e\u015flik eder. G\u00fcn geceye do\u011fru ilerlerken George\u2019u hi\u00e7 ummad\u0131\u011f\u0131 bir s\u00fcrpriz, okurlar\u0131 da unutulmaz bir son beklemektedir.     Tek Ba\u015f\u0131na Bir Adam, yaln\u0131zl\u0131k ve yabanc\u0131la\u015fmaya kar\u015f\u0131 koyan bireyin bir portresi.   Isherwood\u2019un bir romanc\u0131 olarak yetene\u011finden hi\u00e7bir \u015fey eksilmedi\u011finin kan\u0131t\u0131.                                                                         Anthony Burgess   Ustaca bir eser&#8230; Cesur ve g\u00fc\u00e7l\u00fc&#8230;                                                                               Sunday Time <\/p>\n","protected":false},"excerpt":{"rendered":"<p>Christopher Isherwood en \u00f6nemli romanlar\u0131ndan biri olarak kabul edilen ve Tom Ford taraf\u0131ndan sinemaya uyarlanan Tek Ba\u015f\u0131na Bir Adam\u2019da yaln\u0131z bir erke\u011fin bir g\u00fcn\u00fcn\u00fc anlat\u0131yor. Roman\u0131n<span class=\"excerpt-hellip\"> [\u2026]<\/span><\/p>\n","protected":false},"featured_media":0,"template":"","meta":{"_monsterinsights_skip_tracking":false,"_monsterinsights_sitenote_active":false,"_monsterinsights_sitenote_note":"","_monsterinsights_sitenote_category":0},"product_brand":[],"product_cat":[12891,12291],"product_tag":[],"class_list":{"0":"post-694435","1":"product","2":"type-product","3":"status-publish","5":"product_cat-amerikan-edebiyati","6":"product_cat-edebiyat","7":"pa_cilt-ciltsiz","8":"pa_tur-kitap","9":"pa_yayinevi-yapi-kredi-yayinlari","10":"pa_yazar-christopher-isherwood","12":"first","13":"instock","14":"sale","15":"shipping-taxable","16":"purchasable","17":"product-type-simple"},"_links":{"self":[{"href":"https:\/\/roveyayinevi.com.tr\/index.php\/wp-json\/wp\/v2\/product\/694435","targetHints":{"allow":["GET"]}}],"collection":[{"href":"https:\/\/roveyayinevi.com.tr\/index.php\/wp-json\/wp\/v2\/product"}],"about":[{"href":"https:\/\/roveyayinevi.com.tr\/index.php\/wp-json\/wp\/v2\/types\/product"}],"wp:attachment":[{"href":"https:\/\/roveyayinevi.com.tr\/index.php\/wp-json\/wp\/v2\/media?parent=694435"}],"wp:term":[{"taxonomy":"product_brand","embeddable":true,"href":"https:\/\/roveyayinevi.com.tr\/index.php\/wp-json\/wp\/v2\/product_brand?post=694435"},{"taxonomy":"product_cat","embeddable":true,"href":"https:\/\/roveyayinevi.com.tr\/index.php\/wp-json\/wp\/v2\/product_cat?post=694435"},{"taxonomy":"product_tag","embeddable":true,"href":"https:\/\/roveyayinevi.com.tr\/index.php\/wp-json\/wp\/v2\/product_tag?post=694435"}],"curies":[{"name":"wp","href":"https:\/\/api.w.org\/{rel}","templated":true}]}}