{"id":694432,"date":"2025-08-27T14:21:03","date_gmt":"2025-08-27T11:21:03","guid":{"rendered":"https:\/\/roveyayinevi.com.tr\/index.php\/urun\/ruzgarlarin-yolunda\/"},"modified":"2026-04-16T02:04:32","modified_gmt":"2026-04-15T23:04:32","slug":"ruzgarlarin-yolunda","status":"publish","type":"product","link":"https:\/\/roveyayinevi.com.tr\/index.php\/urun\/ruzgarlarin-yolunda\/","title":{"rendered":"R\u00fczgarlar\u0131n Yolunda"},"content":{"rendered":"<p>Hepsi birer heykel. \u00d6zk\u00f6k foto\u011fraf \u00e7ekince zaman\u0131n heykeli ortaya \u00e7\u0131k\u0131yor. O foto\u011fraf\u00e7\u0131 bir \u015fair, \u015fairken de foto\u011fraf\u00e7\u0131. Ge\u00e7ip gideni yakalay\u0131p resme yap\u0131\u015ft\u0131r\u0131yor. \ufffcTan\u0131t\u0131m Metni<\/p>\n","protected":false},"excerpt":{"rendered":"<p>Hepsi birer heykel. \u00d6zk\u00f6k foto\u011fraf \u00e7ekince zaman\u0131n heykeli ortaya \u00e7\u0131k\u0131yor. O foto\u011fraf\u00e7\u0131 bir \u015fair, \u015fairken de foto\u011fraf\u00e7\u0131. Ge\u00e7ip gideni yakalay\u0131p resme yap\u0131\u015ft\u0131r\u0131yor. \ufffcTan\u0131t\u0131m Metni<\/p>\n","protected":false},"featured_media":0,"template":"","meta":{"_monsterinsights_skip_tracking":false,"_monsterinsights_sitenote_active":false,"_monsterinsights_sitenote_note":"","_monsterinsights_sitenote_category":0},"product_brand":[],"product_cat":[12409,12408],"product_tag":[],"class_list":{"0":"post-694432","1":"product","2":"type-product","3":"status-publish","5":"product_cat-fotograf-sinema-tiyatro","6":"product_cat-sanat","7":"pa_cilt-ciltsiz","8":"pa_tur-kitap","9":"pa_yayinevi-yapi-kredi-yayinlari","10":"pa_yazar-osman-ikiz","12":"first","13":"instock","14":"sale","15":"shipping-taxable","16":"purchasable","17":"product-type-simple"},"_links":{"self":[{"href":"https:\/\/roveyayinevi.com.tr\/index.php\/wp-json\/wp\/v2\/product\/694432","targetHints":{"allow":["GET"]}}],"collection":[{"href":"https:\/\/roveyayinevi.com.tr\/index.php\/wp-json\/wp\/v2\/product"}],"about":[{"href":"https:\/\/roveyayinevi.com.tr\/index.php\/wp-json\/wp\/v2\/types\/product"}],"wp:attachment":[{"href":"https:\/\/roveyayinevi.com.tr\/index.php\/wp-json\/wp\/v2\/media?parent=694432"}],"wp:term":[{"taxonomy":"product_brand","embeddable":true,"href":"https:\/\/roveyayinevi.com.tr\/index.php\/wp-json\/wp\/v2\/product_brand?post=694432"},{"taxonomy":"product_cat","embeddable":true,"href":"https:\/\/roveyayinevi.com.tr\/index.php\/wp-json\/wp\/v2\/product_cat?post=694432"},{"taxonomy":"product_tag","embeddable":true,"href":"https:\/\/roveyayinevi.com.tr\/index.php\/wp-json\/wp\/v2\/product_tag?post=694432"}],"curies":[{"name":"wp","href":"https:\/\/api.w.org\/{rel}","templated":true}]}}