{"id":694431,"date":"2025-08-27T14:21:03","date_gmt":"2025-08-27T11:21:03","guid":{"rendered":"https:\/\/roveyayinevi.com.tr\/index.php\/urun\/ruya-kayitlari\/"},"modified":"2026-04-16T02:04:32","modified_gmt":"2026-04-15T23:04:32","slug":"ruya-kayitlari","status":"publish","type":"product","link":"https:\/\/roveyayinevi.com.tr\/index.php\/urun\/ruya-kayitlari\/","title":{"rendered":"R\u00fcya Kay\u0131tlar\u0131"},"content":{"rendered":"<p>Hem cinsellik odakl\u0131 hem \u00e7ocu\u011fun cinsiyetsiz g\u00f6z\u00fcnden, yer yer e\u011flenceli, ne\u015feli, yer yer 2. D\u00fcnya Sava\u015f\u0131&#8217;n\u0131n ya\u015fatt\u0131\u011f\u0131 y\u0131k\u0131m\u0131, fa\u015fizmin g\u00f6lgesini kabuslarla duyuran, \u00f6l\u00fcmle beslenen r\u00fcyalar. R\u00fcya Kay\u0131tlar\u0131&#8217;nda edebiyat yapmak tan uzak, belki de r\u00fcyalar\u0131n olabildi\u011fince ham halini yans\u0131tan bir anlat\u0131m\u0131 ye\u011fliyor felsefeci, sosyolog, m\u00fczikbilimci T. W. Adorno. Erke\u011fin bilin\u00e7alt\u0131nda halihaz\u0131rda bekleyen kad\u0131n d\u00fc\u015f\u00fc, s\u0131kl\u0131kla motif de\u011fi\u015ftirerek kar\u015f\u0131m\u0131za \u00e7\u0131k\u0131yor. Genelevlerde eksik kalm\u0131yor, idam sahneleri de Italo Calvino&#8217;nun b\u00fct\u00fcn r\u00fcyalar\u0131n erotik oldu\u011funa dair sav\u0131, Rainer Maria Rilke&#8217;nin vurgulad\u0131\u011f\u0131 meyvenin \u00e7ekirde\u011fini i\u00e7inde ta\u015f\u0131mas\u0131 gibi insano\u011flunun da \u00f6l\u00fcm\u00fc i\u00e7inde ta\u015f\u0131d\u0131\u011f\u0131&#8217;na dair unutulmaz hakikat bu r\u00fcyalarda da kendini hissettiriyor. R\u00fcyalar\u0131n felsefesini yapmak psikanalize soyunmak ya da sadece Adorno&#8217;nun r\u00fcyalar\u0131n\u0131 dinleyip canland\u0131rmak okura kal\u0131yor. \ufffcTan\u0131t\u0131m Metni<\/p>\n","protected":false},"excerpt":{"rendered":"<p>Hem cinsellik odakl\u0131 hem \u00e7ocu\u011fun cinsiyetsiz g\u00f6z\u00fcnden, yer yer e\u011flenceli, ne\u015feli, yer yer 2. D\u00fcnya Sava\u015f\u0131&#8217;n\u0131n ya\u015fatt\u0131\u011f\u0131 y\u0131k\u0131m\u0131, fa\u015fizmin g\u00f6lgesini kabuslarla duyuran, \u00f6l\u00fcmle beslenen r\u00fcyalar. R\u00fcya<span class=\"excerpt-hellip\"> [\u2026]<\/span><\/p>\n","protected":false},"featured_media":0,"template":"","meta":{"_monsterinsights_skip_tracking":false,"_monsterinsights_sitenote_active":false,"_monsterinsights_sitenote_note":"","_monsterinsights_sitenote_category":0},"product_brand":[],"product_cat":[12782,12291],"product_tag":[],"class_list":{"0":"post-694431","1":"product","2":"type-product","3":"status-publish","5":"product_cat-alman-edebiyati","6":"product_cat-edebiyat","7":"pa_cilt-ciltsiz","8":"pa_tur-kitap","9":"pa_yayinevi-yapi-kredi-yayinlari","10":"pa_yazar-theodor-w-adorno","12":"first","13":"instock","14":"sale","15":"shipping-taxable","16":"purchasable","17":"product-type-simple"},"_links":{"self":[{"href":"https:\/\/roveyayinevi.com.tr\/index.php\/wp-json\/wp\/v2\/product\/694431","targetHints":{"allow":["GET"]}}],"collection":[{"href":"https:\/\/roveyayinevi.com.tr\/index.php\/wp-json\/wp\/v2\/product"}],"about":[{"href":"https:\/\/roveyayinevi.com.tr\/index.php\/wp-json\/wp\/v2\/types\/product"}],"wp:attachment":[{"href":"https:\/\/roveyayinevi.com.tr\/index.php\/wp-json\/wp\/v2\/media?parent=694431"}],"wp:term":[{"taxonomy":"product_brand","embeddable":true,"href":"https:\/\/roveyayinevi.com.tr\/index.php\/wp-json\/wp\/v2\/product_brand?post=694431"},{"taxonomy":"product_cat","embeddable":true,"href":"https:\/\/roveyayinevi.com.tr\/index.php\/wp-json\/wp\/v2\/product_cat?post=694431"},{"taxonomy":"product_tag","embeddable":true,"href":"https:\/\/roveyayinevi.com.tr\/index.php\/wp-json\/wp\/v2\/product_tag?post=694431"}],"curies":[{"name":"wp","href":"https:\/\/api.w.org\/{rel}","templated":true}]}}